{"id":35861,"date":"2022-08-24T18:51:59","date_gmt":"2022-08-24T16:51:59","guid":{"rendered":"https:\/\/cutismedical.com\/shop\/maaratlemata\/mc-intimate-whitening-cream-15ml\/"},"modified":"2024-10-28T21:26:19","modified_gmt":"2024-10-28T19:26:19","slug":"mc-intimate-whitening-cream-15ml","status":"publish","type":"product","link":"https:\/\/cutismedical.shop\/et\/shop-es\/nahahooldus\/keha-et-prof\/mc-intimate-whitening-cream-15ml\/","title":{"rendered":"MC. Intiimpiirkonna valgendav kreem 15 ml"},"content":{"rendered":"<p>Spetsiaalselt v\u00e4lja t\u00f6\u00f6tatud intiimpiirkondade naha heledamaks muutmiseks ja tooni \u00fchtlustamiseks. Aitab puhastada ja heledamaks muuta nahka, taastab ainevahetust ja aktiveerib mikrotsirkulatsiooni kudede piirkonnas.<\/p>\n<p>Peamised koostisosad: gl\u00fctseriin, mineraal\u00f5li, allantoiin<br \/>\nKasutamise sagedus: kaks korda p\u00e4evas (\u00f5huke kiht t\u00f6\u00f6deldavale alale, ringjate liigutustega kuni t\u00e4ieliku imendumiseni)<br \/>\nKasutuspiirkond: intiimpiirkonnad<br \/>\nSoovitatav: intiimpiirkondade heledamaks muutmiseks; plekkide silumiseks, mis paiknevad kaenlaalustel, p\u00e4raku-, p\u00e4raku\u00fcmbruse- ja vagiinaalaladel.<\/p>\n","protected":false},"excerpt":{"rendered":"<p>Depigmenteeriv kreem, mis on v\u00e4lja t\u00f6\u00f6tatud intiimpiirkondade naha heledamaks muutmiseks ja toiteefekti andmiseks.<\/p>\n","protected":false},"featured_media":35857,"template":"","meta":{"_seopress_robots_primary_cat":"none","_seopress_titles_title":"","_seopress_titles_desc":"","_seopress_robots_index":""},"item":[1149],"product_cat":[153,1813,366,1910,1940,1849,1857],"product_tag":[1897],"class_list":{"0":"post-35861","1":"product","2":"type-product","3":"status-publish","4":"has-post-thumbnail","6":"item-mccosmetics-et","7":"product_cat-keemilised-piilingud-et","8":"product_cat-otstarve","9":"product_cat-keha-et","10":"product_cat-nahahooldus","11":"product_cat-keha-et-prof","12":"product_cat-nahahooldus-nahatuubi-jargi","13":"product_cat-pigmendilaigud","14":"product_tag-pigmendilaigud","16":"first","17":"instock","18":"taxable","19":"shipping-taxable","20":"purchasable","21":"product-type-simple"},"_links":{"self":[{"href":"https:\/\/cutismedical.shop\/et\/wp-json\/wp\/v2\/product\/35861","targetHints":{"allow":["GET"]}}],"collection":[{"href":"https:\/\/cutismedical.shop\/et\/wp-json\/wp\/v2\/product"}],"about":[{"href":"https:\/\/cutismedical.shop\/et\/wp-json\/wp\/v2\/types\/product"}],"wp:featuredmedia":[{"embeddable":true,"href":"https:\/\/cutismedical.shop\/et\/wp-json\/wp\/v2\/media\/35857"}],"wp:attachment":[{"href":"https:\/\/cutismedical.shop\/et\/wp-json\/wp\/v2\/media?parent=35861"}],"wp:term":[{"taxonomy":"item","embeddable":true,"href":"https:\/\/cutismedical.shop\/et\/wp-json\/wp\/v2\/item?post=35861"},{"taxonomy":"product_cat","embeddable":true,"href":"https:\/\/cutismedical.shop\/et\/wp-json\/wp\/v2\/product_cat?post=35861"},{"taxonomy":"product_tag","embeddable":true,"href":"https:\/\/cutismedical.shop\/et\/wp-json\/wp\/v2\/product_tag?post=35861"}],"curies":[{"name":"wp","href":"https:\/\/api.w.org\/{rel}","templated":true}]}}