{"id":35817,"date":"2022-08-18T15:14:47","date_gmt":"2022-08-18T13:14:47","guid":{"rendered":"https:\/\/cutismedical.com\/shop\/maaratlemata\/oda-cells-stimulating-face-cream-40-with-amber-acid-and-peptides-50ml\/"},"modified":"2024-10-28T23:06:38","modified_gmt":"2024-10-28T21:06:38","slug":"oda-cells-stimulating-face-cream-40-with-amber-acid-and-peptides-50ml","status":"publish","type":"product","link":"https:\/\/cutismedical.shop\/et\/shop-es\/otstarve\/kreem-et\/oda-cells-stimulating-face-cream-40-with-amber-acid-and-peptides-50ml\/","title":{"rendered":"ODA. N\u00c4OKREEM RAKKUDE STIMULEERIMISEKS 40+ koos merevaikhappe ja peptiididega 50 ml"},"content":{"rendered":"<p><strong>Efektiivsuse uuringud, mida viis l\u00e4bi s\u00f5ltumatu akrediteeritud laboratoorium J.S. Hamilton Poland Sp. z.o.o, n\u00e4itavad, et regulaarse hommikul ja \u00f5htul kasutamise korral v\u00e4hendab toode kortsude laiust 4% ja s\u00fcgavust 13% v\u00f5rra 28 p\u00e4eva jooksul.<\/strong><\/p>\n<p><strong><img loading=\"lazy\" decoding=\"async\" class=\"aligncenter\" src=\"https:\/\/www.odapro.lt\/img\/cms\/6756_.jpg\" alt=\"\" width=\"200\" height=\"62\" \/><\/strong><\/p>\n<h6><strong>Meie toodete kvaliteedi tagab akrediteeritud testimislabor J.S. Hamilton Poland Sp. z o.o.<\/strong><\/h6>\n<p> Kreemi valem on loodud k\u00fcpse naha igap\u00e4evaseks hooldamiseks. Aktiivsed komponendid pinguldavad ja stimuleerivad nahka, andes sellele elastsust ja aktiveerides selle toimimist. Koostis on rikastatud peptiididega (Atset\u00fc\u00fcl Oktapeptiid-3), mille toime on sarnane botuliintoksiiniga \u2013 v\u00e4hendades t\u00f5husalt mimikajooni. Alfa-lipoehape on tugev antioks\u00fcdant, mis aitab kaitsta nahka vabade radikaalide m\u00f5ju eest ja s\u00e4ilitab selle nooruse. Makadaamiav\u00f5i ja skvalaan annavad nahale siidise pehmuse, toites ja pehmendades seda. <\/p>\n<ul>\n<li>Aeglustab naha vananemisprotsessi (merevaikhape, alfa-lipoehape)<\/li>\n<li>V\u00e4hendab n\u00e4htavalt kortse (Atset\u00fc\u00fcl Oktapeptiid-3)<\/li>\n<li>Suurendab naha elastsust ja tugevust (merevaikhape)<\/li>\n<li>Kaitseb nahka vabade radikaalide eest (makadaamiav\u00f5i, skvalaan)<\/li>\n<\/ul>\n","protected":false},"excerpt":{"rendered":"<p>See tootesari on inspireeritud merevaigust, mida nimetatakse ka L\u00e4\u00e4nemere kullaks ja mis on pikka aega tuntud oma unikaalsete omaduste poolest. Merevaikhape, mida k\u00f5rgelt hinnatakse professionaalse kosmeetika tootmises, toimib raku tasandil, et v\u00e4ltida varajaste kortsude teket: see stimuleerib rakkude energiatootmist, aitab taastada naha elastsust ja siluda kortse ning omab antioks\u00fcdantseid omadusi.<\/p>\n","protected":false},"featured_media":35812,"template":"","meta":{"_seopress_robots_primary_cat":"none","_seopress_titles_title":"","_seopress_titles_desc":"","_seopress_robots_index":""},"item":[1406],"product_cat":[1813,151,1849],"product_tag":[],"class_list":{"0":"post-35817","1":"product","2":"type-product","3":"status-publish","4":"has-post-thumbnail","6":"item-oda-et","7":"product_cat-otstarve","8":"product_cat-kreem-et","9":"product_cat-nahahooldus-nahatuubi-jargi","11":"first","12":"instock","13":"taxable","14":"shipping-taxable","15":"purchasable","16":"product-type-simple"},"_links":{"self":[{"href":"https:\/\/cutismedical.shop\/et\/wp-json\/wp\/v2\/product\/35817","targetHints":{"allow":["GET"]}}],"collection":[{"href":"https:\/\/cutismedical.shop\/et\/wp-json\/wp\/v2\/product"}],"about":[{"href":"https:\/\/cutismedical.shop\/et\/wp-json\/wp\/v2\/types\/product"}],"wp:featuredmedia":[{"embeddable":true,"href":"https:\/\/cutismedical.shop\/et\/wp-json\/wp\/v2\/media\/35812"}],"wp:attachment":[{"href":"https:\/\/cutismedical.shop\/et\/wp-json\/wp\/v2\/media?parent=35817"}],"wp:term":[{"taxonomy":"item","embeddable":true,"href":"https:\/\/cutismedical.shop\/et\/wp-json\/wp\/v2\/item?post=35817"},{"taxonomy":"product_cat","embeddable":true,"href":"https:\/\/cutismedical.shop\/et\/wp-json\/wp\/v2\/product_cat?post=35817"},{"taxonomy":"product_tag","embeddable":true,"href":"https:\/\/cutismedical.shop\/et\/wp-json\/wp\/v2\/product_tag?post=35817"}],"curies":[{"name":"wp","href":"https:\/\/api.w.org\/{rel}","templated":true}]}}