{"id":35804,"date":"2022-08-18T11:02:00","date_gmt":"2022-08-18T09:02:00","guid":{"rendered":"https:\/\/cutismedical.com\/shop\/maaratlemata\/oda-revitalizing-face-cream-30-with-amber-acid-and-collagen-50ml\/"},"modified":"2024-10-28T23:10:53","modified_gmt":"2024-10-28T21:10:53","slug":"oda-revitalizing-face-cream-30-with-amber-acid-and-collagen-50ml","status":"publish","type":"product","link":"https:\/\/cutismedical.shop\/et\/shop-es\/nahahooldus\/kreem-et-prof\/oda-revitalizing-face-cream-30-with-amber-acid-and-collagen-50ml\/","title":{"rendered":"ODA. TAASKEHITAV N\u00c4OKREEM 30+ merevaikhappe ja kollageeniga 50 ml"},"content":{"rendered":"<p><em><strong>Efektiivsuse uuringud, mida viis l\u00e4bi s\u00f5ltumatu akrediteeritud labor J.S. Hamilton Poland Sp. z.o.o, n\u00e4itavad, et regulaarse hommikul ja \u00f5htul kasutamise korral v\u00e4hendab toode kortsude laiust 4% ja s\u00fcgavust 13% v\u00f5rra 28 p\u00e4eva jooksul.<\/strong><\/em><\/p>\n<h6><strong>Meie toodete kvaliteedi tagab akrediteeritud testimislabor J.S. Hamilton Poland Sp. z o.o.<\/strong><\/h6>\n<p> Kreemi valem sisaldab k\u00f5ike vajalikku naha igap\u00e4evaseks hooldamiseks ja nooruse s\u00e4ilitamiseks. H\u00fcdrol\u00fc\u00fcsitud kollageen suurendab naha loomulikku kollageeni s\u00fcnteesi, aidates s\u00e4ilitada niiskust ja elastsust ning taastada naha kaitsefunktsioone. Kanepiseemne\u00f5li niisutab, rahustab ja pehmendab intensiivselt nahka. Toode on dermatoloogiliselt testitud.<br \/>\n\u2022 N\u00e4htavalt v\u00e4hendab varajasi kortse (merevaikhape)<br \/>\n\u2022 Suurendab naha elastsust ja tugevust (h\u00fcdrol\u00fc\u00fcsitud kollageen)<br \/>\n\u2022 Tugevdab naha barj\u00e4\u00e4rifunktsioone (kanepiseemne\u00f5li)<br \/>\n\u2022 Kaitseb nahka kahjulike v\u00e4listegurite eest (kanepiseemne\u00f5li, skvalaan)<\/p>\n<p>KASUTUSJUHEND:<br \/>\nN\u00e4o mustuse eemaldamiseks ja p\u00f5hjalikuks puhastamiseks peske n\u00e4gu esmalt ODA Active Cleanser&#8217;iga. Kandke kreem kaks korda p\u00e4evas &#8211; hommikul ja \u00f5htul.<\/p>\n<p>KOOSTIS:<br \/>\nAqua, Squalane, Cetearyl Alcohol, Collagen, Dimethicone, Ceteareth-20, Cannabis Sativa Seed Oil, Succinic Acid, Zinc Oxide, Titanium Dioxide, Cetearyl Olivate, Sorbitan Olivate, Lactic Acid, Phenoxyethanol, Caprylyl Glycol, Chlorphenesin.<\/p>\n<p>\u00a0<\/p>\n","protected":false},"excerpt":{"rendered":"<p>See tootesari on inspireeritud merevaigust, mida nimetatakse ka L\u00e4\u00e4nemere kullaks ja mis on pikka aega tuntud oma unikaalsete omaduste poolest. Merevaikhape, mis on professionaalses kosmeetikas k\u00f5rgelt hinnatud koostisosa, toimib raku tasandil, et v\u00e4ltida varajaste kortsude teket: see stimuleerib rakkudes energiavahetust, aitab taastada naha elastsust, siluda kortse ja omab antioks\u00fcdantseid omadusi.<\/p>\n","protected":false},"featured_media":35800,"template":"","meta":{"_seopress_robots_primary_cat":"none","_seopress_titles_title":"","_seopress_titles_desc":"","_seopress_robots_index":""},"item":[1406],"product_cat":[1813,151,1910,1928,1849,1853,1858],"product_tag":[1885,1900],"class_list":{"0":"post-35804","1":"product","2":"type-product","3":"status-publish","4":"has-post-thumbnail","6":"item-oda-et","7":"product_cat-otstarve","8":"product_cat-kreem-et","9":"product_cat-nahahooldus","10":"product_cat-kreem-et-prof","11":"product_cat-nahahooldus-nahatuubi-jargi","12":"product_cat-kortsud","13":"product_cat-lotvunud-nahk","14":"product_tag-kortsud","15":"product_tag-lotvunud-nahk","17":"first","18":"instock","19":"taxable","20":"shipping-taxable","21":"purchasable","22":"product-type-simple"},"_links":{"self":[{"href":"https:\/\/cutismedical.shop\/et\/wp-json\/wp\/v2\/product\/35804","targetHints":{"allow":["GET"]}}],"collection":[{"href":"https:\/\/cutismedical.shop\/et\/wp-json\/wp\/v2\/product"}],"about":[{"href":"https:\/\/cutismedical.shop\/et\/wp-json\/wp\/v2\/types\/product"}],"wp:featuredmedia":[{"embeddable":true,"href":"https:\/\/cutismedical.shop\/et\/wp-json\/wp\/v2\/media\/35800"}],"wp:attachment":[{"href":"https:\/\/cutismedical.shop\/et\/wp-json\/wp\/v2\/media?parent=35804"}],"wp:term":[{"taxonomy":"item","embeddable":true,"href":"https:\/\/cutismedical.shop\/et\/wp-json\/wp\/v2\/item?post=35804"},{"taxonomy":"product_cat","embeddable":true,"href":"https:\/\/cutismedical.shop\/et\/wp-json\/wp\/v2\/product_cat?post=35804"},{"taxonomy":"product_tag","embeddable":true,"href":"https:\/\/cutismedical.shop\/et\/wp-json\/wp\/v2\/product_tag?post=35804"}],"curies":[{"name":"wp","href":"https:\/\/api.w.org\/{rel}","templated":true}]}}