{"id":35782,"date":"2022-08-16T23:29:19","date_gmt":"2022-08-16T21:29:19","guid":{"rendered":"https:\/\/cutismedical.com\/shop\/maaratlemata\/oda-rejuvenating-hand-cream-with-amber-acid-and-shea-butter-50ml\/"},"modified":"2024-10-28T23:14:38","modified_gmt":"2024-10-28T21:14:38","slug":"oda-rejuvenating-hand-cream-with-amber-acid-and-shea-butter-50ml","status":"publish","type":"product","link":"https:\/\/cutismedical.shop\/et\/shop-es\/nahahooldus\/katekreem-et\/oda-rejuvenating-hand-cream-with-amber-acid-and-shea-butter-50ml\/","title":{"rendered":"ODA. NOORENDAV K\u00c4TEKREEM merevaikhappe ja sheav\u00f5iga 50 ml \/ Kodune hooldus"},"content":{"rendered":"<p>\u2022 Intensiivselt niisutab ja toidab (urea, sheav\u00f5i, avokaado- ja mandli\u00f5lid)<br \/>\n\u2022 Suurendab naha tugevust ja elastsust (merevaikhape, mandli\u00f5li)<br \/>\n\u2022 Kaitseb vabade radikaalide m\u00f5ju eest (merevaikhape)<\/p>\n<p><strong>K\u00e4tekreemi aroom avaneb pat\u0161uli, vanilli, merevaigu ja naha nootidega.<\/strong><\/p>\n<p>See tootesari on inspireeritud merevaigust, mida tuntakse ka L\u00e4\u00e4nemere kullana, ja mis on kuulus oma unikaalsete omaduste poolest. <strong>Merevaikhape<\/strong>, mida k\u00f5rgelt hinnatakse professionaalses kosmeetikas, toimib rakutasandil ennetades naha enneaegset vananemist: see stimuleerib energia tootmist rakkudes, aitab taastada naha tugevust ja elastsust ning omab antioks\u00fcdantseid omadusi.<\/p>\n<p><strong>KOOSTIS:<\/strong><\/p>\n<p>Aqua, Butyrospermum Parkii Butter, Sodium Lactate, Urea, Cetearyl Alcohol, Prunus Amygdalus Dulcis Oil, Persea Gratissima Oil, Cetearyl Olivate, Succinic Acid, Ceteareth-20, Sorbital Olivate, Phenoxyethanol, Caprylyl Glycol, Chlorphenesin, Limonene, Parfum.<\/p>\n","protected":false},"excerpt":{"rendered":"<p>Rikkaliku tekstuuriga k\u00e4tekreem niisutab ja toidab intensiivselt deh\u00fcdreeritud k\u00e4tenahka, kaitstes seda kahjulike v\u00e4listegurite ja enneaegse vananemise eest. Selles sisalduvad avokaado-, mandli\u00f5lid ja sheav\u00f5i tagavad k\u00e4tele siidise pehmuse, samas kui niisutaja urea aitab s\u00e4ilitada niiskust epidermise \u00fclemises kihis.<\/p>\n","protected":false},"featured_media":35778,"template":"","meta":{"_seopress_robots_primary_cat":"none","_seopress_titles_title":"","_seopress_titles_desc":"","_seopress_robots_index":""},"item":[1406],"product_cat":[1813,1848,1910,1937],"product_tag":[],"class_list":{"0":"post-35782","1":"product","2":"type-product","3":"status-publish","4":"has-post-thumbnail","6":"item-oda-et","7":"product_cat-otstarve","8":"product_cat-katekreem","9":"product_cat-nahahooldus","10":"product_cat-katekreem-et","12":"first","13":"instock","14":"taxable","15":"shipping-taxable","16":"purchasable","17":"product-type-simple"},"_links":{"self":[{"href":"https:\/\/cutismedical.shop\/et\/wp-json\/wp\/v2\/product\/35782","targetHints":{"allow":["GET"]}}],"collection":[{"href":"https:\/\/cutismedical.shop\/et\/wp-json\/wp\/v2\/product"}],"about":[{"href":"https:\/\/cutismedical.shop\/et\/wp-json\/wp\/v2\/types\/product"}],"wp:featuredmedia":[{"embeddable":true,"href":"https:\/\/cutismedical.shop\/et\/wp-json\/wp\/v2\/media\/35778"}],"wp:attachment":[{"href":"https:\/\/cutismedical.shop\/et\/wp-json\/wp\/v2\/media?parent=35782"}],"wp:term":[{"taxonomy":"item","embeddable":true,"href":"https:\/\/cutismedical.shop\/et\/wp-json\/wp\/v2\/item?post=35782"},{"taxonomy":"product_cat","embeddable":true,"href":"https:\/\/cutismedical.shop\/et\/wp-json\/wp\/v2\/product_cat?post=35782"},{"taxonomy":"product_tag","embeddable":true,"href":"https:\/\/cutismedical.shop\/et\/wp-json\/wp\/v2\/product_tag?post=35782"}],"curies":[{"name":"wp","href":"https:\/\/api.w.org\/{rel}","templated":true}]}}