{"id":35587,"date":"2022-08-10T20:34:59","date_gmt":"2022-08-10T18:34:59","guid":{"rendered":"https:\/\/cutismedical.com\/shop\/maaratlemata\/oda-restoring-cream-with-collagen-50ml\/"},"modified":"2024-10-29T00:03:31","modified_gmt":"2024-10-28T22:03:31","slug":"oda-restoring-cream-with-collagen-50ml","status":"publish","type":"product","link":"https:\/\/cutismedical.shop\/et\/shop-es\/nahahooldus\/kreem-et-prof\/oda-restoring-cream-with-collagen-50ml\/","title":{"rendered":"ODA. Taastav kreem kollageeniga 50 ml"},"content":{"rendered":"<p><strong>KASUTUSJUHEND:<\/strong><\/p>\n<p>Et lahustada lisandeid ja puhastada n\u00e4gu p\u00f5hjalikult, peske esmalt n\u00e4gu ODA Active Cleanser puhastusvahendiga. Kandke kreemi kaks korda p\u00e4evas \u2013 hommikul ja \u00f5htul.<\/p>\n<p>&nbsp;<\/p>\n","protected":false},"excerpt":{"rendered":"<p>See kreem sobib ideaalselt neile, kes soovivad pinguldada, taastada ja rikkalikult niisutada n\u00e4onahka. Kreemi koostises olev kollageen \u00fchendab rakke, mis moodustavad kudesid, muutes naha tugevamaks ja parandades selle \u00fcldist seisundit.<\/p>\n","protected":false},"featured_media":35582,"template":"","meta":{"_seopress_robots_primary_cat":"none","_seopress_titles_title":"","_seopress_titles_desc":"","_seopress_robots_index":""},"item":[1406],"product_cat":[1813,151,1910,1928,1849,1858],"product_tag":[1900],"class_list":{"0":"post-35587","1":"product","2":"type-product","3":"status-publish","4":"has-post-thumbnail","6":"item-oda-et","7":"product_cat-otstarve","8":"product_cat-kreem-et","9":"product_cat-nahahooldus","10":"product_cat-kreem-et-prof","11":"product_cat-nahahooldus-nahatuubi-jargi","12":"product_cat-lotvunud-nahk","13":"product_tag-lotvunud-nahk","15":"first","16":"instock","17":"taxable","18":"shipping-taxable","19":"purchasable","20":"product-type-simple"},"_links":{"self":[{"href":"https:\/\/cutismedical.shop\/et\/wp-json\/wp\/v2\/product\/35587","targetHints":{"allow":["GET"]}}],"collection":[{"href":"https:\/\/cutismedical.shop\/et\/wp-json\/wp\/v2\/product"}],"about":[{"href":"https:\/\/cutismedical.shop\/et\/wp-json\/wp\/v2\/types\/product"}],"wp:featuredmedia":[{"embeddable":true,"href":"https:\/\/cutismedical.shop\/et\/wp-json\/wp\/v2\/media\/35582"}],"wp:attachment":[{"href":"https:\/\/cutismedical.shop\/et\/wp-json\/wp\/v2\/media?parent=35587"}],"wp:term":[{"taxonomy":"item","embeddable":true,"href":"https:\/\/cutismedical.shop\/et\/wp-json\/wp\/v2\/item?post=35587"},{"taxonomy":"product_cat","embeddable":true,"href":"https:\/\/cutismedical.shop\/et\/wp-json\/wp\/v2\/product_cat?post=35587"},{"taxonomy":"product_tag","embeddable":true,"href":"https:\/\/cutismedical.shop\/et\/wp-json\/wp\/v2\/product_tag?post=35587"}],"curies":[{"name":"wp","href":"https:\/\/api.w.org\/{rel}","templated":true}]}}