{"id":35574,"date":"2022-08-10T19:39:35","date_gmt":"2022-08-10T17:39:35","guid":{"rendered":"https:\/\/cutismedical.com\/shop\/maaratlemata\/oda-anti-redness-mask-50ml-home-care\/"},"modified":"2024-10-29T00:08:04","modified_gmt":"2024-10-28T22:08:04","slug":"oda-anti-redness-mask-50ml-home-care","status":"publish","type":"product","link":"https:\/\/cutismedical.shop\/et\/shop-es\/nahahooldus\/maskid-et-prof\/oda-anti-redness-mask-50ml-home-care\/","title":{"rendered":"ODA. Punetust v\u00e4hendav mask 50 ml \/ Koduhooldus"},"content":{"rendered":"<p><strong>Aktiivsed komponendid<\/strong><\/p>\n<p><strong>Trokserutiin<\/strong> ja <strong>rutiini sulfaat<\/strong> on rutiini (vitamiin P) derivaadid. Tavaliselt kasutatakse p\u00f5letikulise naha seisundi parandamiseks ja mikrotsirkulatsiooni stimuleerimiseks.<\/p>\n<p><strong>C-vitamiin<\/strong> omab antioks\u00fcdantseid omadusi, kaitseb rakke vabade radikaalide eest ja tugevdab kapillaare. Samuti helendab ja kaunistab nahka, pinguldab ja kaitseb UV-kiirguse eest.<\/p>\n<p><strong>Piimhape<\/strong> on alfa-h\u00fcdroks\u00fchape (AHA), mis suurendab naha l\u00e4bilaskvust ja muudab teiste toimeainete tungimise epidermise s\u00fcgavamatesse kihtidesse lihtsamaks.<\/p>\n<p><strong>Soovitatav:<\/strong><\/p>\n<ul>\n<li>Laienenud kapillaaridega nahale<\/li>\n<li>Tundlikule nahale<\/li>\n<li>Punetavale nahale<\/li>\n<\/ul>\n<p><strong>KASUTUSJUHEND:<\/strong><\/p>\n<p>Kandke puhtale kuivale nahale s\u00f5rmede v\u00f5i pintsliga. M\u00f5juaeg: 10\u201315 minutit. V\u00f5imalik on kerge naha soojenemise tunne. Kui ilmnevad muud ebameeldivad aistingud, loputage mask varem. Kasutage \u00fcks v\u00f5i kaks korda n\u00e4dalas.<\/p>\n<p><strong>KOOSTIS:<\/strong><\/p>\n<p>Aqua, Helianthus Anuus Seed Oil, Cetearyl Alcohol, Talc, Kaolin, Zinc Oxide, Ceteareth-20, Ascorbyl Palmitate, Cetearyl Olivate, Hydroxypropyl Starch Phosphate, Lactic Acid, Troxerutin, Disodium Rutinyl Disulphate, Acetyl Tetrapeptide-40, Sorbitan Olivate, Caprylyl Glycol, Phenoxyethanol, Chlorphenesin, Menthol.<\/p>\n<p>&nbsp;<\/p>\n","protected":false},"excerpt":{"rendered":"<p>See mask on m\u00f5eldud noorele ja probleemsele nahale laienenud kapillaaridega. See v\u00e4hendab naha punetust ja stimuleerib kollageeni s\u00fcnteesi, muutes naha tervemaks ja elastsemaks.<\/p>\n","protected":false},"featured_media":36117,"template":"","meta":{"_seopress_robots_primary_cat":"none","_seopress_titles_title":"","_seopress_titles_desc":"","_seopress_robots_index":""},"item":[1406],"product_cat":[1813,152,1910,1919,1849,1854,1855],"product_tag":[1891,1888],"class_list":{"0":"post-35574","1":"product","2":"type-product","3":"status-publish","4":"has-post-thumbnail","6":"item-oda-et","7":"product_cat-otstarve","8":"product_cat-maskid-et","9":"product_cat-nahahooldus","10":"product_cat-maskid-et-prof","11":"product_cat-nahahooldus-nahatuubi-jargi","12":"product_cat-tundlik-nahk","13":"product_cat-kuperoos-ja-rosaatsea","14":"product_tag-kuperoos-ja-rosaatsea","15":"product_tag-tundlik-nahk","17":"first","18":"instock","19":"taxable","20":"shipping-taxable","21":"purchasable","22":"product-type-simple"},"_links":{"self":[{"href":"https:\/\/cutismedical.shop\/et\/wp-json\/wp\/v2\/product\/35574","targetHints":{"allow":["GET"]}}],"collection":[{"href":"https:\/\/cutismedical.shop\/et\/wp-json\/wp\/v2\/product"}],"about":[{"href":"https:\/\/cutismedical.shop\/et\/wp-json\/wp\/v2\/types\/product"}],"wp:featuredmedia":[{"embeddable":true,"href":"https:\/\/cutismedical.shop\/et\/wp-json\/wp\/v2\/media\/36117"}],"wp:attachment":[{"href":"https:\/\/cutismedical.shop\/et\/wp-json\/wp\/v2\/media?parent=35574"}],"wp:term":[{"taxonomy":"item","embeddable":true,"href":"https:\/\/cutismedical.shop\/et\/wp-json\/wp\/v2\/item?post=35574"},{"taxonomy":"product_cat","embeddable":true,"href":"https:\/\/cutismedical.shop\/et\/wp-json\/wp\/v2\/product_cat?post=35574"},{"taxonomy":"product_tag","embeddable":true,"href":"https:\/\/cutismedical.shop\/et\/wp-json\/wp\/v2\/product_tag?post=35574"}],"curies":[{"name":"wp","href":"https:\/\/api.w.org\/{rel}","templated":true}]}}