{"id":35554,"date":"2022-08-09T19:01:43","date_gmt":"2022-08-09T17:01:43","guid":{"rendered":"https:\/\/cutismedical.com\/shop\/maaratlemata\/oda-recovery-cream-for-normal-oily-skin-50ml-home-care\/"},"modified":"2024-10-29T00:14:48","modified_gmt":"2024-10-28T22:14:48","slug":"oda-recovery-cream-for-normal-oily-skin-50ml-home-care","status":"publish","type":"product","link":"https:\/\/cutismedical.shop\/et\/shop-es\/nahahooldus\/kreem-et-prof\/oda-recovery-cream-for-normal-oily-skin-50ml-home-care\/","title":{"rendered":"ODA. TAASTAV KREEM normaalsele\/rasusele nahale 50 ml \/ Koduhooldus"},"content":{"rendered":"<p><strong>Aktiivsed komponendid<\/strong><\/p>\n<p>Naha niisutamine:<\/p>\n<p><strong>Pantenool ja allantoiin<\/strong>. Pantenool (D-pantenool) on vitamiin B5 otsene eelk\u00e4ija. See stimuleerib naha rakkude loomulikku uuenemist ja hoiab niiskustaseme normaalsena. Pantenoolil on rahustav toime, mis ei p\u00f5hjusta naha punetust ega \u00e4rritust. Allantoiin rahustab, niisutab, pehmendab ja silub nahka. Kahe komponendi kombinatsioon noorendab tundlikku nahka ja sobib p\u00e4ikesep\u00f5letuse v\u00f5i keemilise koorimise j\u00e4relhoolduseks.<\/p>\n<p>Rahustav toime:<\/p>\n<p><strong>Pueraria ekstrakt, saialille\u00f5li ja rohelise tee ekstrakt<\/strong>. Rohelise tee ekstrakt stimuleerib dopamiini ja serotoniini vabanemist ning parandab vereringet. Kreemis sisalduv pueraria ekstrakt v\u00e4hendab punetust ja rahustab tundlikku ja allergilistele reaktsioonidele kalduvat nahka.<\/p>\n<p><strong>Saialille\u00f5li<\/strong> toimib pehmendajana. See niisutab nahka, hoiab \u00e4ra kuivuse ja taastab lipiidstruktuuri. Saialille\u00f5li v\u00e4hendab k\u00f5\u00f5ma, s\u00fcgelust ja leevendab p\u00f5letikku. T\u00e4nu nendele omadustele sobib kreem nii igap\u00e4evaseks tervenahkseks hoolduseks kui ka allergilise ja p\u00f5letikulise naha hooldamiseks.<\/p>\n<p><strong>Rohelise tee ekstrakt<\/strong> omab antioks\u00fcdantseid omadusi, mis on m\u00e4rksa tugevamad kui vitamiinidel A ja E. Ekstrakt kaitseb nahka vabade radikaalide ja UV-kiirte eest ning aeglustab vananemist ja pigmentatsiooni. Kuuekuulise regulaarse kasutamise j\u00e4rel v\u00e4heneb rasun\u00e4\u00e4rmete sekretsioon m\u00e4rkimisv\u00e4\u00e4rselt, akne kaob ja poorid muutuvad v\u00e4hem ummistunuks.<\/p>\n<p>Naha kaitse:<\/p>\n<p><strong>Tsinkoksiid ja titaandioksiid<\/strong> on orgaanilised filtrid, mis kaitsevad nahka kahjulike UVA- ja UVB-kiirte eest.<\/p>\n<p><strong>Soovitatav:<\/strong><\/p>\n<ul>\n<li>Tundlikule nahale<\/li>\n<li>Punetusele kalduvale nahale<\/li>\n<li>Veevaesele nahale<\/li>\n<li>P\u00e4rast keemilist koorimist<\/li>\n<\/ul>\n<p><strong>KASUTUSJUHEND:<\/strong><\/p>\n<p>Selleks et eemaldada mustus ja s\u00fcgavpuhastada nahka, peske n\u00e4gu <strong>ODA Active Cleanseriga<\/strong>. Kandke kreem kaks korda p\u00e4evas \u2013 hommikul ja \u00f5htul. Kasutage ka kohe p\u00e4rast keemilise koorimise protseduuri orgaaniliste hapetega: kandke peale esimesed 2-3 p\u00e4eva.<\/p>\n<p><strong>KOOSTIS:<\/strong><\/p>\n<p>Aqua, Olea europaea oil, Cetearyl alcohol, Calendula officinalis oil, Glycine soja oil, Cera alba, Ceteareth-20, Panthenol, Glycerin, Lecithin, Allantoin, Pueraria lobata symbiosome extract, Viti vinifera seed extract, Camelia sinensis extract, Cetearyl olivate, Sorbitan olivate, Zinc oxide, Titanium dioxide, Xanthan gum, Phenoxyethanol, Caprylyl glycol, Chlorphenesin, 2-Bromo-2-nitropropane-1,3-diol, Menthol.<\/p>\n<p>&nbsp;<\/p>\n","protected":false},"excerpt":{"rendered":"<p>See kreem on m\u00f5eldud probleemsele ja kombineeritud nahale. Sobib h\u00e4sti naha taastamiseks p\u00e4rast keemilist koorimist v\u00f5i eba\u00f5nnestunud kreemide kasutamist. Kreem on rikkalik rahustavate koostisosade poolest, mis taastavad naha loomulikud kaitsefunktsioonid, pakkudes mugavustunnet.<\/p>\n","protected":false},"featured_media":35550,"template":"","meta":{"_seopress_robots_primary_cat":"none","_seopress_titles_title":"","_seopress_titles_desc":"","_seopress_robots_index":""},"item":[1406],"product_cat":[1813,151,1910,1928,1849,1852,1854,1855],"product_tag":[1882,1891,1888],"class_list":{"0":"post-35554","1":"product","2":"type-product","3":"status-publish","4":"has-post-thumbnail","6":"item-oda-et","7":"product_cat-otstarve","8":"product_cat-kreem-et","9":"product_cat-nahahooldus","10":"product_cat-kreem-et-prof","11":"product_cat-nahahooldus-nahatuubi-jargi","12":"product_cat-kuiv-veetustunud-nahk","13":"product_cat-tundlik-nahk","14":"product_cat-kuperoos-ja-rosaatsea","15":"product_tag-kuiv-veetustunud-nahk","16":"product_tag-kuperoos-ja-rosaatsea","17":"product_tag-tundlik-nahk","19":"first","20":"instock","21":"taxable","22":"shipping-taxable","23":"purchasable","24":"product-type-simple"},"_links":{"self":[{"href":"https:\/\/cutismedical.shop\/et\/wp-json\/wp\/v2\/product\/35554","targetHints":{"allow":["GET"]}}],"collection":[{"href":"https:\/\/cutismedical.shop\/et\/wp-json\/wp\/v2\/product"}],"about":[{"href":"https:\/\/cutismedical.shop\/et\/wp-json\/wp\/v2\/types\/product"}],"wp:featuredmedia":[{"embeddable":true,"href":"https:\/\/cutismedical.shop\/et\/wp-json\/wp\/v2\/media\/35550"}],"wp:attachment":[{"href":"https:\/\/cutismedical.shop\/et\/wp-json\/wp\/v2\/media?parent=35554"}],"wp:term":[{"taxonomy":"item","embeddable":true,"href":"https:\/\/cutismedical.shop\/et\/wp-json\/wp\/v2\/item?post=35554"},{"taxonomy":"product_cat","embeddable":true,"href":"https:\/\/cutismedical.shop\/et\/wp-json\/wp\/v2\/product_cat?post=35554"},{"taxonomy":"product_tag","embeddable":true,"href":"https:\/\/cutismedical.shop\/et\/wp-json\/wp\/v2\/product_tag?post=35554"}],"curies":[{"name":"wp","href":"https:\/\/api.w.org\/{rel}","templated":true}]}}