{"id":35441,"date":"2022-07-26T15:52:18","date_gmt":"2022-07-26T13:52:18","guid":{"rendered":"https:\/\/cutismedical.com\/shop\/maaratlemata\/promoitalia-light-eyes-ultra-1pc-10ml\/"},"modified":"2025-02-17T16:42:33","modified_gmt":"2025-02-17T14:42:33","slug":"promoitalia-light-eyes-ultra-1pc-10ml","status":"publish","type":"product","link":"https:\/\/cutismedical.shop\/et\/shop-es\/mesoteraapia-et\/mesotherapy-for-eyes-et\/promoitalia-light-eyes-ultra-1pc-10ml\/","title":{"rendered":"Promoitalia. Light EYES Ultra (1 tk*10 ml)"},"content":{"rendered":"<p><strong>P\u00f5hikomponendid<\/strong><\/p>\n<p><strong>H\u00dcALUROONHAPE:<\/strong> \u00dcks sidekoe p\u00f5hilisi komponente, mis v\u00f5imaldab nahal s\u00e4ilitada oma kuju.<\/p>\n<p><strong>ROSMARIIN:<\/strong> Antioks\u00fcdant, mis on rikas f\u00fctolipiidide poolest, kasulik naha taastamiseks.<\/p>\n<p><strong>RUSKUS ja MUSTIKAS:<\/strong> Suurep\u00e4rane veenitoonik, mis suurendab veenide toonust ja v\u00e4hendab kapillaaride liigset l\u00e4bilaskvust.<\/p>\n<p><strong>KUMMELIEKSTRAKT:<\/strong> P\u00f5letikuvastane ja rahustav toime.<\/p>\n<p><strong>FERMENTEERITUD PAPAI:<\/strong> V\u00e4hendab oks\u00fcdatsiooni t\u00e4nu k\u00f5rgele karotenoidide sisaldusele ja aeglustab vabade radikaalide p\u00f5hjustatud vananemisprotsessi.<\/p>\n<p><strong>VITAMIIN C:<\/strong> Soodustab kollageeni, h\u00fcaluroonhappe ja rakusiseste ainete teket. Kaitseb vabu radikaale ja tugevdab nahakudesid, suurendades kaitsev\u00f5imet UVB-kiirte vastu.<\/p>\n<p><strong>ARGIRELIIN:<\/strong> V\u00e4hendab n\u00e4o lihaste kokkut\u00f5mbumise t\u00f5ttu tekkinud kortsude s\u00fcgavust, eriti silmade \u00fcmbruses, ning hoiab \u00e4ra nahavananemise korduvate n\u00e4oilmete t\u00f5ttu.<\/p>\n<p><strong>SUPEROXIDI DISSUMUTAAS:<\/strong> Meloniseemnetest saadud SOD toimib antioks\u00fcdandina ja kaitseb immuuns\u00fcsteemi. SOD ens\u00fc\u00fcm on olemas k\u00f5igis elusorganismides, kaitstes rakke oks\u00fcdatsiooni eest.<\/p>\n<p><strong>Protseduuride sagedus:<\/strong><\/p>\n<p><em>Protseduuride arv s\u00f5ltub naha t\u00fc\u00fcbist. Tulemused on n\u00e4htavad juba p\u00e4rast esimest seanssi.<\/em><\/p>\n<p><strong>S\u00e4ilitamine:<\/strong><\/p>\n<p><em>Hoida temperatuuril alla 25\u00b0C. Mitte hoida otsese p\u00e4ikesevalguse k\u00e4es.<\/em><\/p>\n","protected":false},"excerpt":{"rendered":"<h4><span style=\"color: #ed1c24;\"><strong>Ei ole mu\u0308u\u0308giks ELis!<\/strong><\/span><\/h4>\n<p>Innovatiivne revitaliseeriv kokteil, mis sisaldab h\u00fcaluroonhapet, ruskust, C-vitamiini ja antioks\u00fcdante, parandades mikrotsirkulatsiooni, elastsust ja periokulaarset drenaa\u017ei.<\/p>\n<p><strong>N\u00e4idustused:<\/strong><\/p>\n<ul>\n<li>Silmaalused kotid<\/li>\n<li>Alumise silmalau turse<\/li>\n<li>Peente kortsude parandamine<\/li>\n<\/ul>\n","protected":false},"featured_media":35437,"template":"","meta":{"_seopress_robots_primary_cat":"none","_seopress_titles_title":"","_seopress_titles_desc":"","_seopress_robots_index":""},"item":[1194],"product_cat":[155,1122],"product_tag":[],"class_list":{"0":"post-35441","1":"product","2":"type-product","3":"status-publish","4":"has-post-thumbnail","6":"item-promoitalia-et-2","7":"product_cat-mesoteraapia-et","8":"product_cat-mesotherapy-for-eyes-et","10":"first","11":"instock","12":"taxable","13":"shipping-taxable","14":"purchasable","15":"product-type-simple"},"_links":{"self":[{"href":"https:\/\/cutismedical.shop\/et\/wp-json\/wp\/v2\/product\/35441","targetHints":{"allow":["GET"]}}],"collection":[{"href":"https:\/\/cutismedical.shop\/et\/wp-json\/wp\/v2\/product"}],"about":[{"href":"https:\/\/cutismedical.shop\/et\/wp-json\/wp\/v2\/types\/product"}],"wp:featuredmedia":[{"embeddable":true,"href":"https:\/\/cutismedical.shop\/et\/wp-json\/wp\/v2\/media\/35437"}],"wp:attachment":[{"href":"https:\/\/cutismedical.shop\/et\/wp-json\/wp\/v2\/media?parent=35441"}],"wp:term":[{"taxonomy":"item","embeddable":true,"href":"https:\/\/cutismedical.shop\/et\/wp-json\/wp\/v2\/item?post=35441"},{"taxonomy":"product_cat","embeddable":true,"href":"https:\/\/cutismedical.shop\/et\/wp-json\/wp\/v2\/product_cat?post=35441"},{"taxonomy":"product_tag","embeddable":true,"href":"https:\/\/cutismedical.shop\/et\/wp-json\/wp\/v2\/product_tag?post=35441"}],"curies":[{"name":"wp","href":"https:\/\/api.w.org\/{rel}","templated":true}]}}