{"id":35395,"date":"2022-07-23T17:09:47","date_gmt":"2022-07-23T15:09:47","guid":{"rendered":"https:\/\/cutismedical.com\/shop\/maaratlemata\/oda-intensive-regenerating-cream-for-normal-oily-skin-50ml\/"},"modified":"2024-10-29T01:12:21","modified_gmt":"2024-10-28T23:12:21","slug":"oda-intensive-regenerating-cream-for-normal-oily-skin-50ml","status":"publish","type":"product","link":"https:\/\/cutismedical.shop\/et\/shop-es\/nahahooldus\/kreem-et-prof\/oda-intensive-regenerating-cream-for-normal-oily-skin-50ml\/","title":{"rendered":"ODA. INTENSIIVNE TAASTAV kreem normaalsele\/rasusele nahale 50 ml."},"content":{"rendered":"<p><strong>Aktiivsed koostisosad<\/strong><\/p>\n<p><strong>Gl\u00fckoolhape<\/strong> reguleerib naha niiskustasakaalu, taastab elastsuse, s\u00e4ra ja tugevuse. Samuti soodustab teiste aktiivainete tungimist s\u00fcgavamatesse nahakihtidesse.<\/p>\n<p><strong>Rohelise tee ekstrakt<\/strong> kaitseb vabade radikaalide kahjulike m\u00f5jude eest ja aeglustab naha vananemisprotsesse.<\/p>\n<p><strong>Nisu idu\u00f5li<\/strong> on rikkalik E-vitamiini allikas, toimib loodusliku antioks\u00fcdandina, toidab ja pehmendab nahka. Sobib probleemsele ja kuivale nahale.<\/p>\n<p><strong>\u00d5htulehiku \u00f5li<\/strong> rahustab, pehmendab ja toidab \u00e4rritunud nahka.<\/p>\n<p><strong>Alfa-lipoehape<\/strong> on antioks\u00fcdant, mis kaitseb nahka vabade radikaalide kahjulike m\u00f5jude eest ja hoiab seda tervena.<\/p>\n<p><strong>Tsinkoksiid ja titaandioksiid<\/strong> on orgaanilised filtrid, mis kaitsevad nahka kahjulike UVA ja UVB kiirte eest.<\/p>\n<ul>\n<li><em><strong>Rahustab<\/strong><\/em><\/li>\n<li><em><strong>Toidab<\/strong><\/em><\/li>\n<li><em><strong>V\u00e4ltib l\u00f5tvumist<\/strong><\/em><\/li>\n<\/ul>\n<p>  <strong>Soovitatav:<\/strong><\/p>\n<ul>\n<li>Normaalsele ja rasusele nahale<\/li>\n<li>Hallile ja l\u00f5tvunud nahale<\/li>\n<li>Rasun\u00e4\u00e4rmete t\u00f6\u00f6 reguleerimiseks<\/li>\n<\/ul>\n<p>  <strong>KASUTUSJUHEND:<\/strong><\/p>\n<p>Lisandite eemaldamiseks ja n\u00e4o p\u00f5hjalikuks puhastamiseks peske esmalt <em>ODA Active Cleanseriga<\/em>. Kandke kreemi kaks korda p\u00e4evas \u2014 hommikul ja \u00f5htul; kui nahk on tundlik, kandke ainult \u00f5htul. Toodet regulaarselt 3-4 kuud kasutades saavutatakse m\u00e4rkimisv\u00e4\u00e4rsed tulemused.<\/p>\n<p><em>Kreem sisaldab gl\u00fckoolhapet, mis v\u00f5ib alguses p\u00f5hjustada s\u00fcgelust; see tavaliselt kaob p\u00e4rast korduvat kasutamist vastavalt juhistele. Samuti on soovitatav kasutada kreemi 3-4 p\u00e4eva p\u00e4rast keemilist koorimist.<\/em><\/p>\n<p>  <strong>KOOSTIS:<\/strong><\/p>\n<p>Aqua, p\u00e4evalilleseemne\u00f5li, tsetear\u00fc\u00fclalkohol, mesilasvaha, Ceteareth-20, gl\u00fckoolhape, h\u00fcdroks\u00fcprop\u00fc\u00fcl t\u00e4rklisfosfaat, nisu idu\u00f5li, trietanoolamiin, gl\u00fctseriin, letsitiin, \u00f5htulehiku \u00f5li, tsetear\u00fc\u00fcl oleeaat, pantenool, retin\u00fc\u00fcl atsetaat, sorbitan oleeaat, askorb\u00fc\u00fclpalmitaat, titaandioksiid, tsinkoksiid, dimet\u00fc\u00fclaminoetanool, tokofer\u00fc\u00fcl atsetaat, allantoiin, tiokthape, fitiinhape, karnosiin, rohelise tee ekstrakt, viinamarjaseemne ekstrakt, fenoks\u00fcetanool, kapr\u00fc\u00fclgl\u00fckool, klorfenesiin.<\/p>\n","protected":false},"excerpt":{"rendered":"<p>Kreem stimuleerib taastumisprotsesse, v\u00e4hendab l\u00f5tvumist ja kortsude n\u00e4htavust. Nahk muutub m\u00e4rgatavalt s\u00e4ravamaks, pringimaks ja elastsemaks. Kreem on rikas \u00f5lide ja aktiivainete poolest, mis stimuleerivad kollageeni ja elastiini s\u00fcnteesi ning takistavad vabade radikaalide m\u00f5ju.<\/p>\n","protected":false},"featured_media":35391,"template":"","meta":{"_seopress_robots_primary_cat":"none","_seopress_titles_title":"","_seopress_titles_desc":"","_seopress_robots_index":""},"item":[1406],"product_cat":[1813,151,1910,1928,1849,1851,1854],"product_tag":[1879,1888],"class_list":{"0":"post-35395","1":"product","2":"type-product","3":"status-publish","4":"has-post-thumbnail","6":"item-oda-et","7":"product_cat-otstarve","8":"product_cat-kreem-et","9":"product_cat-nahahooldus","10":"product_cat-kreem-et-prof","11":"product_cat-nahahooldus-nahatuubi-jargi","12":"product_cat-rasune-ja-probleemne-nahk","13":"product_cat-tundlik-nahk","14":"product_tag-rasune-ja-probleemne-nahk","15":"product_tag-tundlik-nahk","17":"first","18":"instock","19":"taxable","20":"shipping-taxable","21":"purchasable","22":"product-type-simple"},"_links":{"self":[{"href":"https:\/\/cutismedical.shop\/et\/wp-json\/wp\/v2\/product\/35395","targetHints":{"allow":["GET"]}}],"collection":[{"href":"https:\/\/cutismedical.shop\/et\/wp-json\/wp\/v2\/product"}],"about":[{"href":"https:\/\/cutismedical.shop\/et\/wp-json\/wp\/v2\/types\/product"}],"wp:featuredmedia":[{"embeddable":true,"href":"https:\/\/cutismedical.shop\/et\/wp-json\/wp\/v2\/media\/35391"}],"wp:attachment":[{"href":"https:\/\/cutismedical.shop\/et\/wp-json\/wp\/v2\/media?parent=35395"}],"wp:term":[{"taxonomy":"item","embeddable":true,"href":"https:\/\/cutismedical.shop\/et\/wp-json\/wp\/v2\/item?post=35395"},{"taxonomy":"product_cat","embeddable":true,"href":"https:\/\/cutismedical.shop\/et\/wp-json\/wp\/v2\/product_cat?post=35395"},{"taxonomy":"product_tag","embeddable":true,"href":"https:\/\/cutismedical.shop\/et\/wp-json\/wp\/v2\/product_tag?post=35395"}],"curies":[{"name":"wp","href":"https:\/\/api.w.org\/{rel}","templated":true}]}}