{"id":35369,"date":"2022-07-23T16:15:49","date_gmt":"2022-07-23T14:15:49","guid":{"rendered":"https:\/\/cutismedical.com\/shop\/maaratlemata\/oda-regenerating-acne-control-cream-50ml\/"},"modified":"2024-10-29T01:25:07","modified_gmt":"2024-10-28T23:25:07","slug":"oda-regenerating-acne-control-cream-50ml","status":"publish","type":"product","link":"https:\/\/cutismedical.shop\/et\/shop-es\/nahahooldus\/kreem-et-prof\/oda-regenerating-acne-control-cream-50ml\/","title":{"rendered":"ODA. INTENSIIVNE TAASTAV akne-kontrollikreem 50 ml."},"content":{"rendered":"\n<div id=\"short_description_block\" class=\"col-xs-12\">\n<div id=\"short_description_content\" class=\"rte align_justify\">\n<p>Kreemi aktiivsed koostisosad aitavad pikaajaliselt vabaneda soovimatust aknest, l\u00f6\u00f6vetest, rasuse naha l\u00e4ikest, ummistunud pooridest ja pigmentatsioonist. Sobib ideaalselt kasutamiseks p\u00e4rast keemilist koorimist.<\/p>\n<p>Kreeka p\u00e4hkli koore ekstrakt toimib loodusliku antibiootikumina, v\u00e4hendades aknet, samas kui gl\u00fckoolhape reguleerib rasun\u00e4\u00e4rmete t\u00f6\u00f6d ja v\u00e4hendab poore, tugevdades samal ajal naha immuunsus- ja regeneratiivseid omadusi. C-vitamiin heledab akne p\u00f5hjustatud pigmendilaike ja tugevdab naha vastupidavust kahjulikele keskkonnateguritele.<\/p>\n<p>      <strong>Aktiivsed koostisosad<\/strong><\/p>\n<ul>\n<li><strong>Gl\u00fckoolhape<\/strong> k\u00e4ivitab naha taastumisprotsessid. Stimuleerib kollageeni ja elastiini s\u00fcnteesi, tugevdab naha kaitseomadusi, kaitseb keskkonnakahjustuste ja vabade radikaalide tekke eest.<\/li>\n<li><strong>Askorb\u00fc\u00fclpalmitaat<\/strong> (C-vitamiini ester) on stabiilne, rasvlahustuv C-vitamiini vorm, millel on tugevad antioks\u00fcdantsed omadused. Tal on oluline roll kollageeni s\u00fcnteesis ning ta on oluline koostisosa melaniini s\u00fcnteesi protsesside reguleerimisel. Askorb\u00fc\u00fclpalmitaat heledab pigmenteerunud nahka ja tugevdab selle immuunsusomadusi.<\/li>\n<li><strong>Fitiinhape<\/strong> on v\u00f5imas antioks\u00fcdant, mis v\u00e4hendab pigmentatsiooni ja puhastab ummistunud poore.<\/li>\n<li><strong>Kreemisaialille \u00f5li<\/strong> saadakse saialillest, millel on rahustavad omadused \u00e4rritunud naha jaoks ja mis kaitseb nahka keskkonna negatiivsete m\u00f5jude eest.<\/li>\n<li><strong>Must kreeka p\u00e4hkel<\/strong> sisaldab orgaanilist joodi, fluori, rauda, kaaliumi, vitamiine A, C, E, P, valku, bioflavonoide ja B-vitamiine. Kreeka p\u00e4hkel sisaldab C-vitamiini 8 ja 50 korda rohkem kui must s\u00f5star ja tsitruselised. See on looduslik antibiootikum, mis aitab vabaneda soovimatutest nahaprobleemidest pikka aega.<\/li>\n<li><strong>Tsinkoksiid<\/strong> ja <strong>titaandioksiid<\/strong> on orgaanilised filtrid, mis peegeldavad kahjulikke UVA- ja UVB-kiiri.<\/li>\n<\/ul>\n<ul>\n<li><em><strong>Likvideerib akne ja l\u00f6\u00f6bed<\/strong><\/em><\/li>\n<li><em><strong>V\u00e4hendab naha rasusust<\/strong><\/em><\/li>\n<li><em><strong>V\u00e4hendab ummistunud poore<\/strong><\/em><\/li>\n<\/ul>\n<p>      <strong>Toode sobib nahale, mis on:<\/strong><\/p>\n<ul>\n<li>Rasune<\/li>\n<li>Laienenud pooridega<\/li>\n<li>Kalduv l\u00f6\u00f6vetele<\/li>\n<\/ul>\n<\/div><\/div>\n<div class=\"icons-block clearfix\">\nKASUTUSSOOVITUSED:<\/strong><\/p>\n<p>M\u00e4\u00e4ruste lahustamiseks ja n\u00e4o s\u00fcgavaks puhastamiseks peske esmalt <em>ODA Active Cleanseriga<\/em>. Kandke kreemi kaks korda p\u00e4evas &#8211; hommikul ja \u00f5htul; Kui teie nahk on tundlik, kasutage ainult \u00f5htul. M\u00e4rkimisv\u00e4\u00e4rseid tulemusi annab toote regulaarne kasutamine 3-4 kuud.<\/p>\n<p><em>See kreem sisaldab gl\u00fckoolhapet, mis v\u00f5ib esmakordsel kasutamisel p\u00f5hjustada s\u00fcgelust; Tavaliselt kaob see p\u00e4rast korduvat kasutamist vastavalt juhistele. Soovitatav ka j\u00e4tkuteraapiana p\u00e4rast keemilise koorimise protseduure: alusta kreemi kasutamist 3-4 p\u00e4eva p\u00e4rast protseduuri.<\/em><\/p>\n<p> <strong>KOOSTISOSAD:<\/strong><\/p>\n<p>Aqua, oliivi\u00f5li, p\u00e4evalilleseemne\u00f5li, tsetear\u00fc\u00fclalkohol, saialille\u00f5li, tseteareth-20, gl\u00fckoolhape, nisuidu\u00f5li, askorb\u00fc\u00fclpalmitaat, p\u00e4hklikoore ekstrakt, f\u00fctiinhape, tsinkoksiid, titaandioksiid, naatrium2 -bromo-2-nitropropaan-1,3-diool.<\/p>\n<\/p><\/div>\n","protected":false},"excerpt":{"rendered":"\n<p>Taastav aknevastane kreem, mis on loodud probleemsele, poorsele ja rasusele n\u00e4onahale.<\/p>\n","protected":false},"featured_media":35365,"template":"","meta":{"_seopress_robots_primary_cat":"none","_seopress_titles_title":"","_seopress_titles_desc":"","_seopress_robots_index":""},"item":[1406],"product_cat":[1813,151,1910,1928,1849,1850],"product_tag":[1876],"class_list":{"0":"post-35369","1":"product","2":"type-product","3":"status-publish","4":"has-post-thumbnail","6":"item-oda-et","7":"product_cat-otstarve","8":"product_cat-kreem-et","9":"product_cat-nahahooldus","10":"product_cat-kreem-et-prof","11":"product_cat-nahahooldus-nahatuubi-jargi","12":"product_cat-akne-post-akne","13":"product_tag-akne-post-akne","15":"first","16":"instock","17":"taxable","18":"shipping-taxable","19":"purchasable","20":"product-type-simple"},"_links":{"self":[{"href":"https:\/\/cutismedical.shop\/et\/wp-json\/wp\/v2\/product\/35369","targetHints":{"allow":["GET"]}}],"collection":[{"href":"https:\/\/cutismedical.shop\/et\/wp-json\/wp\/v2\/product"}],"about":[{"href":"https:\/\/cutismedical.shop\/et\/wp-json\/wp\/v2\/types\/product"}],"wp:featuredmedia":[{"embeddable":true,"href":"https:\/\/cutismedical.shop\/et\/wp-json\/wp\/v2\/media\/35365"}],"wp:attachment":[{"href":"https:\/\/cutismedical.shop\/et\/wp-json\/wp\/v2\/media?parent=35369"}],"wp:term":[{"taxonomy":"item","embeddable":true,"href":"https:\/\/cutismedical.shop\/et\/wp-json\/wp\/v2\/item?post=35369"},{"taxonomy":"product_cat","embeddable":true,"href":"https:\/\/cutismedical.shop\/et\/wp-json\/wp\/v2\/product_cat?post=35369"},{"taxonomy":"product_tag","embeddable":true,"href":"https:\/\/cutismedical.shop\/et\/wp-json\/wp\/v2\/product_tag?post=35369"}],"curies":[{"name":"wp","href":"https:\/\/api.w.org\/{rel}","templated":true}]}}