{"id":35355,"date":"2022-07-23T15:16:33","date_gmt":"2022-07-23T13:16:33","guid":{"rendered":"https:\/\/cutismedical.com\/shop\/maaratlemata\/oda-moisturizing-body-cream-for-dry-skin-200ml\/"},"modified":"2024-10-29T16:21:55","modified_gmt":"2024-10-29T14:21:55","slug":"oda-moisturizing-body-cream-for-dry-skin-200ml","status":"publish","type":"product","link":"https:\/\/cutismedical.shop\/et\/shop-es\/nahahooldus\/keha-et-prof\/oda-moisturizing-body-cream-for-dry-skin-200ml\/","title":{"rendered":"ODA. NIISUTAV KEHAKREEM kuivale nahale 200 ml"},"content":{"rendered":"\n<p>Kreem sisaldab gl\u00fckoolhapet ja k\u00f5rge kontsentratsiooniga uureat, mis tagab naha intensiivse niisutuse ja soodustab selle taastumist. Sheav\u00f5i ja avokaado\u00f5liga rikastatud toode toidab ja pehmendab nahka. Igap\u00e4evasel kasutamisel muutub nahk pehmeks, siidiseks, niisutatuks ja toitvaks. T\u00f5hus igap\u00e4evane hooldustoode nn. \u201ekananahaga\u201c naha jaoks.<\/p>\n<p>  <strong>\u2022 Niisutab<\/strong><br \/>\n  <strong>\u2022 Toidab<\/strong><br \/>\n  <strong>\u2022 Soodustab taastumist<\/strong><\/p>\n<p>  <strong>KASUTUSJUHEND:<\/strong><\/p>\n<p>Kandke iga p\u00e4ev puhtale ja kuivale nahale.<\/p>\n<p>  <strong>KOOSTIS:<\/strong><\/p>\n<p>Aqua, uurea, avokaado\u00f5li (Persea gratissima oil), gl\u00fckoolhape, tsetear\u00fc\u00fclalkohol, naatriumlaktat, naatriumh\u00fcdroksiid, mesilasvaha, dimetikoon, sheav\u00f5i (Butyrospermum parkii butter), h\u00fcdroks\u00fcprop\u00fc\u00fclt\u00e4rklisefosfaat, tsetear\u00fc\u00fcl olivaat, sorbitaan olivaat, Ceteareth-20, fenoks\u00fcetanool, kapr\u00fc\u00fclgl\u00fckool, klorfenesiin.<\/p>\n","protected":false},"excerpt":{"rendered":"<p>Intensiivselt niisutav kehakreem igap\u00e4evaseks kuivale nahale m\u00f5eldud hoolduseks.<\/p>\n","protected":false},"featured_media":35351,"template":"","meta":{"_seopress_robots_primary_cat":"none","_seopress_titles_title":"","_seopress_titles_desc":"","_seopress_robots_index":""},"item":[1406],"product_cat":[1813,366,1910,1940,1849,1852],"product_tag":[],"class_list":{"0":"post-35355","1":"product","2":"type-product","3":"status-publish","4":"has-post-thumbnail","6":"item-oda-et","7":"product_cat-otstarve","8":"product_cat-keha-et","9":"product_cat-nahahooldus","10":"product_cat-keha-et-prof","11":"product_cat-nahahooldus-nahatuubi-jargi","12":"product_cat-kuiv-veetustunud-nahk","14":"first","15":"instock","16":"taxable","17":"shipping-taxable","18":"purchasable","19":"product-type-simple"},"_links":{"self":[{"href":"https:\/\/cutismedical.shop\/et\/wp-json\/wp\/v2\/product\/35355","targetHints":{"allow":["GET"]}}],"collection":[{"href":"https:\/\/cutismedical.shop\/et\/wp-json\/wp\/v2\/product"}],"about":[{"href":"https:\/\/cutismedical.shop\/et\/wp-json\/wp\/v2\/types\/product"}],"wp:featuredmedia":[{"embeddable":true,"href":"https:\/\/cutismedical.shop\/et\/wp-json\/wp\/v2\/media\/35351"}],"wp:attachment":[{"href":"https:\/\/cutismedical.shop\/et\/wp-json\/wp\/v2\/media?parent=35355"}],"wp:term":[{"taxonomy":"item","embeddable":true,"href":"https:\/\/cutismedical.shop\/et\/wp-json\/wp\/v2\/item?post=35355"},{"taxonomy":"product_cat","embeddable":true,"href":"https:\/\/cutismedical.shop\/et\/wp-json\/wp\/v2\/product_cat?post=35355"},{"taxonomy":"product_tag","embeddable":true,"href":"https:\/\/cutismedical.shop\/et\/wp-json\/wp\/v2\/product_tag?post=35355"}],"curies":[{"name":"wp","href":"https:\/\/api.w.org\/{rel}","templated":true}]}}