{"id":35185,"date":"2022-07-12T22:53:09","date_gmt":"2022-07-12T20:53:09","guid":{"rendered":"https:\/\/cutismedical.com\/shop\/maaratlemata\/oda-serum-with-vitamin-c-100ml\/"},"modified":"2024-10-29T23:26:20","modified_gmt":"2024-10-29T21:26:20","slug":"oda-serum-with-vitamin-c-100ml","status":"publish","type":"product","link":"https:\/\/cutismedical.shop\/et\/shop-es\/nahahooldus\/seerum-et-prof\/oda-serum-with-vitamin-c-100ml\/","title":{"rendered":"ODA. Seerum C-vitamiiniga 100 ml"},"content":{"rendered":"<p> Aktiivsed koostisosad tugevdavad ka kapillaaride seinu. C-vitamiin aitab aeglustada melaniini s\u00fcnteesi ja omab helendavat toimet. Soovitatav on seerumit kanda protseduuri l\u00f5pus enne maski. Seerumit saab kanda nahale massaa\u017ei ajal v\u00f5i kasutada elektroporatsiooni v\u00f5i ultraheli abil.<\/p>\n<ul>\n<li><strong>Heledaks muutmine<\/strong><\/li>\n<li><strong>Siledus<\/strong><\/li>\n<li><strong>Tugevdav toime<\/strong><\/li>\n<\/ul>\n","protected":false},"excerpt":{"rendered":"<p> C-vitamiiniga seerum omab antioks\u00fcdantseid omadusi ning stimuleerib kollageeni ja elastiini s\u00fcnteesi teie nahal. See pehmendab nahka ja aitab aeglustada vananemisprotsessi.<\/p>\n","protected":false},"featured_media":35182,"template":"","meta":{"_seopress_robots_primary_cat":"none","_seopress_titles_title":"","_seopress_titles_desc":"","_seopress_robots_index":""},"item":[1406],"product_cat":[1910,1931],"product_tag":[1885,1900,1897],"class_list":{"0":"post-35185","1":"product","2":"type-product","3":"status-publish","4":"has-post-thumbnail","6":"item-oda-et","7":"product_cat-nahahooldus","8":"product_cat-seerum-et-prof","9":"product_tag-kortsud","10":"product_tag-lotvunud-nahk","11":"product_tag-pigmendilaigud","13":"first","14":"instock","15":"taxable","16":"shipping-taxable","17":"purchasable","18":"product-type-simple"},"_links":{"self":[{"href":"https:\/\/cutismedical.shop\/et\/wp-json\/wp\/v2\/product\/35185","targetHints":{"allow":["GET"]}}],"collection":[{"href":"https:\/\/cutismedical.shop\/et\/wp-json\/wp\/v2\/product"}],"about":[{"href":"https:\/\/cutismedical.shop\/et\/wp-json\/wp\/v2\/types\/product"}],"wp:featuredmedia":[{"embeddable":true,"href":"https:\/\/cutismedical.shop\/et\/wp-json\/wp\/v2\/media\/35182"}],"wp:attachment":[{"href":"https:\/\/cutismedical.shop\/et\/wp-json\/wp\/v2\/media?parent=35185"}],"wp:term":[{"taxonomy":"item","embeddable":true,"href":"https:\/\/cutismedical.shop\/et\/wp-json\/wp\/v2\/item?post=35185"},{"taxonomy":"product_cat","embeddable":true,"href":"https:\/\/cutismedical.shop\/et\/wp-json\/wp\/v2\/product_cat?post=35185"},{"taxonomy":"product_tag","embeddable":true,"href":"https:\/\/cutismedical.shop\/et\/wp-json\/wp\/v2\/product_tag?post=35185"}],"curies":[{"name":"wp","href":"https:\/\/api.w.org\/{rel}","templated":true}]}}