{"id":34014,"date":"2022-04-28T18:50:33","date_gmt":"2022-04-28T16:50:33","guid":{"rendered":"https:\/\/cutismedical.com\/shop\/maaratlemata\/jalupro-super-hydro-3-2\/"},"modified":"2024-11-01T14:00:05","modified_gmt":"2024-11-01T12:00:05","slug":"jalupro-super-hydro-3-2","status":"publish","type":"product","link":"https:\/\/cutismedical.shop\/et\/shop-es\/biorevitalisant-et\/jalupro-super-hydro-3-2\/","title":{"rendered":"Jalupro. Super Hydro 3,2% (1 tk.*2 ml)"},"content":{"rendered":"<p><strong>Koostis:<\/strong><\/p>\n<ul>\n<li>80 mg h\u00fcaluroonhapet (HA LMW + HMW)<\/li>\n<li>3 peptiidi: atset\u00fc\u00fcl-dekapepdiid 3, atset\u00fc\u00fcl-tetrapeptiid 5, oligopeptiid 24<\/li>\n<li>7 aminohapet: gl\u00fctsiin, proliin, l\u00fcsiin, alaniin, valiin, elastiin, arginiin, leutsiin<\/li>\n<\/ul>\n<p>Uus koostis annab t\u00e4iendava t\u00f5uke naha rakkudevahelise maatriksi bio-uuenduseks t\u00e4nu peptiidide toimele ja madala ning k\u00f5rge molekulmassiga h\u00fcaluroonhappe segule, pakkudes pikaajalist niisutust ja fibroblastide stimulatsiooni. Spetsiaalselt loodud aminohapete, peptiidide ja k\u00f5rge kontsentratsiooniga HA koostis on ideaalne naha tervise ja struktuuri s\u00e4ilitamiseks.<\/p>\n<p>Jalupro Super Hydro sobib erinevate piirkondade, sealhulgas n\u00e4o, kaela, dekoltee, kaenlaaluste, k\u00e4te, reite sisek\u00fclje ja k\u00f5hu raviks. Seda saab kasutada koos teiste protseduuridega, et v\u00e4hendada vananemise m\u00e4rke, nagu n\u00e4iteks dermal filler ja dermabrasioon.<\/p>\n","protected":false},"excerpt":{"rendered":"<p><span style=\"color: #ed1c24;\"><strong>Ei ole mu\u0308u\u0308giks ELis!<\/strong><\/span><\/p>\n<p><strong>Viimane naha booster Jaluprolt.<\/strong> Jalupro Super Hydro on k\u00f5ige v\u00f5imsam naha bio-uuendamise toode turul. Super Hydro sisaldab peptiidiklastrit HA LMW + HMW sidemete bio-taastamiseks ja naha tugevaks niisutamiseks ning v\u00e4sinud naha raviks.<\/p>\n","protected":false},"featured_media":34011,"template":"","meta":{"_seopress_robots_primary_cat":"none","_seopress_titles_title":"","_seopress_titles_desc":"","_seopress_robots_index":""},"item":[1762],"product_cat":[315],"product_tag":[],"class_list":{"0":"post-34014","1":"product","2":"type-product","3":"status-publish","4":"has-post-thumbnail","6":"item-jalupro-et","7":"product_cat-biorevitalisant-et","9":"first","10":"instock","11":"taxable","12":"shipping-taxable","13":"purchasable","14":"product-type-simple"},"_links":{"self":[{"href":"https:\/\/cutismedical.shop\/et\/wp-json\/wp\/v2\/product\/34014","targetHints":{"allow":["GET"]}}],"collection":[{"href":"https:\/\/cutismedical.shop\/et\/wp-json\/wp\/v2\/product"}],"about":[{"href":"https:\/\/cutismedical.shop\/et\/wp-json\/wp\/v2\/types\/product"}],"wp:featuredmedia":[{"embeddable":true,"href":"https:\/\/cutismedical.shop\/et\/wp-json\/wp\/v2\/media\/34011"}],"wp:attachment":[{"href":"https:\/\/cutismedical.shop\/et\/wp-json\/wp\/v2\/media?parent=34014"}],"wp:term":[{"taxonomy":"item","embeddable":true,"href":"https:\/\/cutismedical.shop\/et\/wp-json\/wp\/v2\/item?post=34014"},{"taxonomy":"product_cat","embeddable":true,"href":"https:\/\/cutismedical.shop\/et\/wp-json\/wp\/v2\/product_cat?post=34014"},{"taxonomy":"product_tag","embeddable":true,"href":"https:\/\/cutismedical.shop\/et\/wp-json\/wp\/v2\/product_tag?post=34014"}],"curies":[{"name":"wp","href":"https:\/\/api.w.org\/{rel}","templated":true}]}}