{"id":33903,"date":"2022-04-20T14:52:00","date_gmt":"2022-04-20T12:52:00","guid":{"rendered":"https:\/\/cutismedical.com\/shop\/maaratlemata\/revitacare-cytocare-640-5pcs-4ml\/"},"modified":"2024-11-01T18:52:02","modified_gmt":"2024-11-01T16:52:02","slug":"revitacare-cytocare-640-5pcs-4ml","status":"publish","type":"product","link":"https:\/\/cutismedical.shop\/et\/shop-es\/mesoteraapia-et\/nagu-et\/revitacare-cytocare-640-5pcs-4ml\/","title":{"rendered":"Revitacare. Cytocare 640 (5 tk * 4 ml)"},"content":{"rendered":"<p>H\u00fcaluroonhappe lahust kasutatakse n\u00e4o ja dekoltee piirkonnas, et pakkuda lifting-efekti, parandades kahjustatud rakke ja stimuleerides kollageeni ja elastiini tootmist. Lisaks aitab see v\u00f5idelda pigmentatsiooniga. Toode \u00fchendab vananemisvastase, lifting- ja niisutava toime, samal ajal kui see aitab parandada naha tooni ja elustada kollakat ning kuiva nahka.<\/p>\n<p><strong>Pakk sisaldab:<\/strong><\/p>\n<ul>\n<li>5 viaali x 4 ml<\/li>\n<\/ul>\n<p><strong>Cytocare 640 C Line eelised:<\/strong><\/p>\n<ul>\n<li>Parandab naha tekstuuri<\/li>\n<li>Vananemisvastane, lifting- ja niisutav toime<\/li>\n<li>Soodustab kollageeni ja elastiini tootmist<\/li>\n<li>V\u00e4hendab n\u00e4ojooni<\/li>\n<li>V\u00f5itleb pigmentatsiooniga<\/li>\n<li>Niisutab kuiva nahka<\/li>\n<\/ul>\n<p><strong>Kaua tulemus kestab?<\/strong><\/p>\n<p>Parimate tulemuste saavutamiseks tuleb Cytocare 640 C Line&#8217;iga tehtud protseduure korrata iga 3 kuu j\u00e4rel. Tulemus s\u00f5ltub indiviidi elustiilist, vanusest ja nahat\u00fc\u00fcbist. Ainult paikseks kasutamiseks.<\/p>\n<p><a href=\"https:\/\/cutismedical.com\/wp-content\/uploads\/2022\/04\/cytacare-640-sostav-1.jpg\"><img loading=\"lazy\" decoding=\"async\" class=\"alignnone size-full wp-image-34499\" src=\"https:\/\/cutismedical.com\/wp-content\/uploads\/2022\/04\/cytacare-640-sostav-1.jpg\" alt=\"\" width=\"645\" height=\"223\" srcset=\"https:\/\/cutismedical.shop\/wp-content\/uploads\/2022\/04\/cytacare-640-sostav-1.jpg 645w, https:\/\/cutismedical.shop\/wp-content\/uploads\/2022\/04\/cytacare-640-sostav-1-150x52.jpg 150w, https:\/\/cutismedical.shop\/wp-content\/uploads\/2022\/04\/cytacare-640-sostav-1-592x205.jpg 592w, https:\/\/cutismedical.shop\/wp-content\/uploads\/2022\/04\/cytacare-640-sostav-1-510x176.jpg 510w\" sizes=\"auto, (max-width: 645px) 100vw, 645px\" \/><\/a><\/p>\n","protected":false},"excerpt":{"rendered":"<p><span style=\"color: #ed1c24;\"><strong>Ei ole mu\u0308u\u0308giks ELis!<\/strong><\/span><\/p>\n<p><strong>Cytocare 640 C Line<\/strong> 4 ml on revitaliseeriv lahus, mis on loodud naha tekstuuri parandamiseks, niiskuse taastamiseks, n\u00e4ojoonte v\u00e4hendamiseks ja dermise barj\u00e4\u00e4rifunktsiooni s\u00e4ilitamiseks.<\/p>\n","protected":false},"featured_media":39116,"template":"","meta":{"_seopress_robots_primary_cat":"none","_seopress_titles_title":"","_seopress_titles_desc":"","_seopress_robots_index":""},"item":[1545],"product_cat":[155,1188,315],"product_tag":[],"class_list":{"0":"post-33903","1":"product","2":"type-product","3":"status-publish","4":"has-post-thumbnail","6":"item-cytocare-et","7":"product_cat-mesoteraapia-et","8":"product_cat-nagu-et","9":"product_cat-biorevitalisant-et","11":"first","12":"instock","13":"taxable","14":"shipping-taxable","15":"purchasable","16":"product-type-simple"},"_links":{"self":[{"href":"https:\/\/cutismedical.shop\/et\/wp-json\/wp\/v2\/product\/33903","targetHints":{"allow":["GET"]}}],"collection":[{"href":"https:\/\/cutismedical.shop\/et\/wp-json\/wp\/v2\/product"}],"about":[{"href":"https:\/\/cutismedical.shop\/et\/wp-json\/wp\/v2\/types\/product"}],"wp:featuredmedia":[{"embeddable":true,"href":"https:\/\/cutismedical.shop\/et\/wp-json\/wp\/v2\/media\/39116"}],"wp:attachment":[{"href":"https:\/\/cutismedical.shop\/et\/wp-json\/wp\/v2\/media?parent=33903"}],"wp:term":[{"taxonomy":"item","embeddable":true,"href":"https:\/\/cutismedical.shop\/et\/wp-json\/wp\/v2\/item?post=33903"},{"taxonomy":"product_cat","embeddable":true,"href":"https:\/\/cutismedical.shop\/et\/wp-json\/wp\/v2\/product_cat?post=33903"},{"taxonomy":"product_tag","embeddable":true,"href":"https:\/\/cutismedical.shop\/et\/wp-json\/wp\/v2\/product_tag?post=33903"}],"curies":[{"name":"wp","href":"https:\/\/api.w.org\/{rel}","templated":true}]}}