{"id":33777,"date":"2022-04-19T14:24:11","date_gmt":"2022-04-19T12:24:11","guid":{"rendered":"https:\/\/cutismedical.com\/shop\/maaratlemata\/utsukusy-carboxderm-hot-effect-200ml\/"},"modified":"2024-10-28T19:43:35","modified_gmt":"2024-10-28T17:43:35","slug":"utsukusy-carboxderm-hot-effect-200ml","status":"publish","type":"product","link":"https:\/\/cutismedical.shop\/et\/shop-es\/nahahooldus\/keha-et-prof\/utsukusy-carboxderm-hot-effect-200ml\/","title":{"rendered":"Utsukusy. Carboxdermi kuum efekt 200ml."},"content":{"rendered":"<p><strong>PEAMISED KOOSTISOSAD:<\/strong><\/p>\n<p>\u2022 1 % Kofeiin: lipol\u00fc\u00fctiline ja tselluliidivastane toime<\/p>\n<p>\u2022 0,33 % Pipar (Pronalen CPS): punetus ja soojendav toime<\/p>\n<p>\u2022 0,06 % Met\u00fc\u00fclnikotinaat: punetus ja soojendav toime<\/p>\n<p>200 ml<\/p>\n<p><strong>KASUTUSJUHEND:<\/strong><\/p>\n<p>Enne kasutamist loksutage korralikult. Kandke hommikul ja\/v\u00f5i \u00f5htul puhtale nahale, masseerides \u00f5rnalt hooldust vajavat piirkonda.<\/p>\n<hr \/>\n<p>KARBOKS\u00dcTERAAPIA TSELLULIIDIVASTANE KEHAHOOLDUS<\/p>\n<h4><strong>CARBOXDERM REDUCER<\/strong><\/h4>\n<p> Karboks\u00fcteraapia protseduur seisneb CO2 subkutaanses manustamises, et saavutada terapeutiline ja esteetiline paranemine<strong>.<\/strong><br \/>\nERITI KASULIK J\u00c4RGMISEL JUHUL:<\/p>\n<p>TSELLULIIT: stimuleerib ainevahetust. See parandab mikrotsirkulatsiooni ja v\u00e4hendab vedeliku kogunemist. V\u00e4hendab lipol\u00fc\u00fcsi ja fibroosi. See efekt v\u00e4hendab &#8220;apelsinikoore&#8221; ilmet, v\u00e4hendab mahtu ja parandab v\u00e4sinud jalgade seisundit.<\/p>\n<p>L\u00d5TVUS: parandab kudede kvaliteeti, muutes naha siledaks ja \u00fchtlaseks.<\/p>\n<p>VENITUSARMID: v\u00e4hendab venitusarme, parandades kollageenikiudude tootmist ja \u00fcmberkorraldamist.<\/p>\n<p><strong>KEHAHOOLDUSE EELISED:<\/strong><\/p>\n<p>\u2022 Likvideerib tselluliidi<br \/>\n\u2022 Dreneerib rasvaladestusi<br \/>\n\u2022 V\u00f5itleb l\u00f5tvuse vastu<br \/>\n\u2022 Kaotab venitusarmid<br \/>\n\u2022 V\u00e4ga soovitatav enne ja p\u00e4rast liposkulptuuri (parandab tulemusi ja hoiab \u00e4ra fibroosi)<br \/>\n\u2022 Kaotab mikrovarikoosi<br \/>\n\u2022 Pinguldav toime k\u00e4sivartele<\/p>\n","protected":false},"excerpt":{"rendered":"<p>EFEKTIGA KEHAMUSSE<\/p>\n<p>Lipol\u00fc\u00fctiline<\/p>\n<p>\u2022 tselluliidivastane<br \/>\nSoojendav toime<\/p>\n<p>Tselluliidivastane ja lipol\u00fc\u00fctiline toime soojendava efektiga. Kandke hommikul ja\/v\u00f5i \u00f5htul puhtale nahale, masseerides \u00f5rnalt hooldust vajavat piirkonda.<\/p>\n","protected":false},"featured_media":33773,"template":"","meta":{"_seopress_robots_primary_cat":"","_seopress_titles_title":"","_seopress_titles_desc":"","_seopress_robots_index":""},"item":[],"product_cat":[1813,366,1910,1940,1849,1860],"product_tag":[1906],"class_list":{"0":"post-33777","1":"product","2":"type-product","3":"status-publish","4":"has-post-thumbnail","6":"product_cat-otstarve","7":"product_cat-keha-et","8":"product_cat-nahahooldus","9":"product_cat-keha-et-prof","10":"product_cat-nahahooldus-nahatuubi-jargi","11":"product_cat-tselluliit","12":"product_tag-tselluliit","13":"pa_register_only-register_price","14":"pa_register_only-new_regular_price","16":"first","17":"instock","18":"taxable","19":"shipping-taxable","20":"purchasable","21":"product-type-simple"},"_links":{"self":[{"href":"https:\/\/cutismedical.shop\/et\/wp-json\/wp\/v2\/product\/33777","targetHints":{"allow":["GET"]}}],"collection":[{"href":"https:\/\/cutismedical.shop\/et\/wp-json\/wp\/v2\/product"}],"about":[{"href":"https:\/\/cutismedical.shop\/et\/wp-json\/wp\/v2\/types\/product"}],"wp:featuredmedia":[{"embeddable":true,"href":"https:\/\/cutismedical.shop\/et\/wp-json\/wp\/v2\/media\/33773"}],"wp:attachment":[{"href":"https:\/\/cutismedical.shop\/et\/wp-json\/wp\/v2\/media?parent=33777"}],"wp:term":[{"taxonomy":"item","embeddable":true,"href":"https:\/\/cutismedical.shop\/et\/wp-json\/wp\/v2\/item?post=33777"},{"taxonomy":"product_cat","embeddable":true,"href":"https:\/\/cutismedical.shop\/et\/wp-json\/wp\/v2\/product_cat?post=33777"},{"taxonomy":"product_tag","embeddable":true,"href":"https:\/\/cutismedical.shop\/et\/wp-json\/wp\/v2\/product_tag?post=33777"}],"curies":[{"name":"wp","href":"https:\/\/api.w.org\/{rel}","templated":true}]}}