{"id":33744,"date":"2022-04-19T13:47:20","date_gmt":"2022-04-19T11:47:23","guid":{"rendered":"https:\/\/cutismedical.com\/?post_type=product&#038;p=33744"},"modified":"2024-10-28T20:10:55","modified_gmt":"2024-10-28T18:10:55","slug":"utsukusy-massage-oil-blends-5000ml","status":"publish","type":"product","link":"https:\/\/cutismedical.shop\/et\/shop-es\/nahahooldus\/keha-et-prof\/utsukusy-massage-oil-blends-5000ml\/","title":{"rendered":"Utsukusy. Massaa\u017ei\u00f5li segud 5000ml."},"content":{"rendered":"<div data-wow-delay=\"2000\">\n<strong>PEAMISED KOOSTISOSAD, ainult parim teadusest ja loodusest.<\/strong><\/p>\n<\/div>\n<div><span style=\"color: #555555;\">Iga UTSUKUSY COSMETICSi toote saladus seisneb selle p\u00f5hikomponentide keerulises ja t\u00e4pses s\u00fcnergias. Innovatsioonid uusimate teadussaavutustega, s\u00e4ilitades samal ajal iidset teadmisi.<\/span><\/div>\n<div><\/div>\n<div>\n<strong>Lomi Lomi \u00f5li<\/strong><br \/>\nMassaa\u017ei\u00f5li.<\/p>\n<p><em>Koostis: cocos nuc\u00edfera, prunus dulcis, vanila planifolia, cananga odorata ja citrus aurantium.<\/em><\/p>\n<p>Eelised: puhastab ja detoksifitseerib, parandab k\u00f5iki keha hom\u00f6ostaatilisi s\u00fcsteeme ja organeid. Soodustab keha ja meele s\u00fcgavat l\u00f5\u00f5gastust. L\u00f5dvestab lihaseid ja liigeseid. Toob harmooniat.<\/p>\n<p><strong>Taimne \u00f5li<\/strong><br \/>\nMassaa\u017ei\u00f5li.<\/p>\n<p><em>Koostis: lavendel ja t\u00fc\u00fcmian.<\/em><\/p>\n<p>Eelised: leevendab vereringeh\u00e4ireid ja taastab kahjustatud nahka. Soodustab harmooniat, heaolu ja tasakaalu tunnet.<\/p>\n<p><strong>\u0160okolaadi\u00f5li<\/strong><br \/>\nMassaa\u017ei\u00f5li.<\/p>\n<p><em>Koostis: kakaoekstrakt.<\/em><\/p>\n<p>Eelised: kakao on rikkalikult antioks\u00fcdantidega.<\/p>\n<p>V\u00e4hendab vabade radikaalide moodustumist, mis p\u00f5hjustavad enneaegset vananemist. Sisaldab magneesiumi, mis hoiab lihased tervena ja rahustab \u00e4revust.<\/p>\n<p><strong>Lille\u00f5li<\/strong><br \/>\nMassaa\u017ei\u00f5li.<\/p>\n<p><em>Koostis: geraanium, Bulgaaria roos ja ylang-ylang<\/em><\/p>\n<p>Eelised: \u00f5rn puhastav \u00f5li n\u00e4ole ja kehale, sobib kuivale ja kombineeritud nahale. Niisutav ja l\u00f5hnav, j\u00e4tab naha hellitatuks ja siidiseks. T\u00e4iuslik naiselik ilu.<\/p>\n<p><strong>Tsitruse\u00f5li<\/strong><br \/>\nMassaa\u017ei\u00f5li.<\/p>\n<p><em>Koostis: laim, sidrun, mandariin, apelsin ja greip.<\/em><\/p>\n<p>Eelised: leevendab teatud nahainfektsioone ja annab eluj\u00f5udu. Annab energiat ja aitab tuju t\u00f5sta.<\/p>\n<p><strong>Lihaste massaa\u017ei\u00f5li<\/strong><br \/>\nEriotstarbeline vigastuste ja verevalumite korral.<\/p>\n<p><em>Koostis: alkanfor, kaneel, arnika ja mandli eeterlik \u00f5li.<\/em><\/p>\n<p>Eelised: sobib igat t\u00fc\u00fcpi terapeutiliseks, esteetiliseks v\u00f5i spordimassaa\u017eiks.<\/p>\n<p>\u00a0<\/p>\n<\/div>\n","protected":false},"excerpt":{"rendered":"<p>Massaa\u017ei\u00f5lide segud<\/p>\n<h4>OLEOTERAAPIA<\/h4>\n<p> <strong>Tooted on spetsiaalselt loodud SPA rituaalideks.<\/strong><br \/>\nLooduslikud koostisosad koos puuviljal\u00f5hnade ja eksootiliste nootidega aitavad saavutada keha, meele ja vaimu optimaalse l\u00f5\u00f5gastuse ja tasakaalu, et luua t\u00f5eliselt ainulaadne kogemus.<\/p>\n<div data-wow-delay=\"2000\"><\/div>\n<div><\/div>\n","protected":false},"featured_media":33714,"template":"","meta":{"_seopress_robots_primary_cat":"","_seopress_titles_title":"","_seopress_titles_desc":"","_seopress_robots_index":""},"item":[],"product_cat":[1910,1940],"product_tag":[],"class_list":{"0":"post-33744","1":"product","2":"type-product","3":"status-publish","4":"has-post-thumbnail","6":"product_cat-nahahooldus","7":"product_cat-keha-et-prof","8":"pa_product_main_cat-professionaalne-hooldus","10":"first","11":"instock","12":"taxable","13":"shipping-taxable","14":"purchasable","15":"product-type-variable"},"_links":{"self":[{"href":"https:\/\/cutismedical.shop\/et\/wp-json\/wp\/v2\/product\/33744","targetHints":{"allow":["GET"]}}],"collection":[{"href":"https:\/\/cutismedical.shop\/et\/wp-json\/wp\/v2\/product"}],"about":[{"href":"https:\/\/cutismedical.shop\/et\/wp-json\/wp\/v2\/types\/product"}],"wp:featuredmedia":[{"embeddable":true,"href":"https:\/\/cutismedical.shop\/et\/wp-json\/wp\/v2\/media\/33714"}],"wp:attachment":[{"href":"https:\/\/cutismedical.shop\/et\/wp-json\/wp\/v2\/media?parent=33744"}],"wp:term":[{"taxonomy":"item","embeddable":true,"href":"https:\/\/cutismedical.shop\/et\/wp-json\/wp\/v2\/item?post=33744"},{"taxonomy":"product_cat","embeddable":true,"href":"https:\/\/cutismedical.shop\/et\/wp-json\/wp\/v2\/product_cat?post=33744"},{"taxonomy":"product_tag","embeddable":true,"href":"https:\/\/cutismedical.shop\/et\/wp-json\/wp\/v2\/product_tag?post=33744"}],"curies":[{"name":"wp","href":"https:\/\/api.w.org\/{rel}","templated":true}]}}