{"id":33677,"date":"2022-04-18T15:51:22","date_gmt":"2022-04-18T13:51:22","guid":{"rendered":"https:\/\/cutismedical.com\/shop\/maaratlemata\/utsukusy-ruscus-concentrate-10pcs-10ml-manual-and-microneedling\/"},"modified":"2024-10-28T22:25:45","modified_gmt":"2024-10-28T20:25:45","slug":"utsukusy-ruscus-concentrate-10pcs-10ml-manual-and-microneedling","status":"publish","type":"product","link":"https:\/\/cutismedical.shop\/et\/shop-es\/nahahooldus\/seerum-et-prof\/utsukusy-ruscus-concentrate-10pcs-10ml-manual-and-microneedling\/","title":{"rendered":"Utsukusy. Ruscus Concentrate (10tk*10ml) \/ k\u00e4sitsi ja mikron\u00f5elamine"},"content":{"rendered":"<p><strong>KOOSTIS: 5% RUSCUS<\/strong><\/p>\n<p><strong>T\u00d6\u00d6TLUSALAD:<\/strong> jalad, k\u00f5ht, tuharad, k\u00e4ed ja selg.<\/p>\n<p><strong>PAKKUMISVORM:<\/strong> 10 x 10 ml<\/p>\n<div id=\"headingOne1\" class=\"card-header\" role=\"tab\">\n<p class=\"mb-0\">N\u00c4IDUSTUSED:<\/p>\n<\/p><\/div>\n<div id=\"collapseOne1\" class=\"collapse show\" role=\"tabpanel\" aria-labelledby=\"headingOne1\" data-parent=\"#accordion1\">\n<div class=\"card-body\">\n<p>\u2022 L\u00fcmfivedeliku seiskumine.<br \/> \u2022 Toksiinide kogunemine.<br \/> \u2022 Tselluliidi ilmumine.<br \/> \u2022 Raskustunne.<\/p>\n<div id=\"headingTwo1\" class=\"card-header\" role=\"tab\">\n<p class=\"mb-0\">KOOSTISAINED:<\/p>\n<\/p><\/div>\n<div id=\"collapseTwo1\" class=\"collapse show\" role=\"tabpanel\" aria-labelledby=\"headingTwo1\" data-parent=\"#accordion1\">\n<div class=\"card-body\">AQUA (VESI), PROPANEDIOOL, GL\u00dcTSERIN, DENAT. ALKOHOL, RUSCUS ACULEATUSE JUURE EKSTRAKT, H\u00dcDROKS\u00dcET\u00dc\u00dcLTSELLULOOS, TSELLULOOS, ISOPROP\u00dc\u00dcLALKOHOL, NAATRIUMATSETaat, DEH\u00dcDRO\u00c4\u00c4DIKAS, ET\u00dc\u00dcLHEKS\u00dc\u00dcLGL\u00dcTSERIIN, 1,2-HEKSAANEDIOOL, KAPR\u00dc\u00dcLGL\u00dcTSERIIN, FENOOKS\u00dcETANOOL, POL\u00dcSORBAAT 20, BENS\u00dc\u00dcLALKOHOL.<\/div>\n<\/p><\/div>\n<\/p><\/div>\n<\/p><\/div>\n<div><span style=\"color: #555555;\">KASUTUSJUHEND:<\/span><\/div>\n<div>\n<div id=\"collapseThree1\" class=\"collapse show\" role=\"tabpanel\" aria-labelledby=\"headingThree1\" data-parent=\"#accordion1\">\n<div class=\"card-body\">\n<p>Kandke virtuaalse mesoteraapia, Enpitsu Plus v\u00f5i Enpitsu Derma Peni abil. Sobib s\u00fcnergiasse seadmetega ja transepidermaalsete tarne-s\u00fcsteemidega (mikron\u00f5elumine, elektroporatsioon, iontoforees, ultraheli, kavitatsioon, IR-soojusteraapia jne).<\/p>\n<\/p><\/div>\n<\/p><\/div>\n<\/p><\/div>\n","protected":false},"excerpt":{"rendered":"<p><strong>KEHA DRENAA\u017d<\/strong><\/p>\n<p><strong>BIOLOGIC 10.0 &#8211; STERILISEERITUD<\/strong><\/p>\n<p>Pakkuv drenaa\u017ei- ja dekongestantne toime. Soovitatav kasutada drenaa\u017eifaasis enne lipol\u00fc\u00fctilist faasi. Sisaldab steroidseid saponiine, millel on vasokonstriktiivne toime, samuti p\u00f5letikuvastane ja turset alandav toime. Sellel on ka diureetiline ja puhastav m\u00f5ju kehale. Lisaks on rutosiid rikas P-vitamiini poolest, mis parandab kapillaaride tervist.<\/p>\n","protected":false},"featured_media":33673,"template":"","meta":{"_seopress_robots_primary_cat":"","_seopress_titles_title":"","_seopress_titles_desc":"","_seopress_robots_index":""},"item":[],"product_cat":[1910,1931],"product_tag":[],"class_list":{"0":"post-33677","1":"product","2":"type-product","3":"status-publish","4":"has-post-thumbnail","6":"product_cat-nahahooldus","7":"product_cat-seerum-et-prof","8":"pa_register_only-register_price","9":"pa_register_only-new_regular_price","11":"first","12":"instock","13":"taxable","14":"shipping-taxable","15":"purchasable","16":"product-type-simple"},"_links":{"self":[{"href":"https:\/\/cutismedical.shop\/et\/wp-json\/wp\/v2\/product\/33677","targetHints":{"allow":["GET"]}}],"collection":[{"href":"https:\/\/cutismedical.shop\/et\/wp-json\/wp\/v2\/product"}],"about":[{"href":"https:\/\/cutismedical.shop\/et\/wp-json\/wp\/v2\/types\/product"}],"wp:featuredmedia":[{"embeddable":true,"href":"https:\/\/cutismedical.shop\/et\/wp-json\/wp\/v2\/media\/33673"}],"wp:attachment":[{"href":"https:\/\/cutismedical.shop\/et\/wp-json\/wp\/v2\/media?parent=33677"}],"wp:term":[{"taxonomy":"item","embeddable":true,"href":"https:\/\/cutismedical.shop\/et\/wp-json\/wp\/v2\/item?post=33677"},{"taxonomy":"product_cat","embeddable":true,"href":"https:\/\/cutismedical.shop\/et\/wp-json\/wp\/v2\/product_cat?post=33677"},{"taxonomy":"product_tag","embeddable":true,"href":"https:\/\/cutismedical.shop\/et\/wp-json\/wp\/v2\/product_tag?post=33677"}],"curies":[{"name":"wp","href":"https:\/\/api.w.org\/{rel}","templated":true}]}}