{"id":33664,"date":"2022-04-18T14:37:13","date_gmt":"2022-04-18T12:37:13","guid":{"rendered":"https:\/\/cutismedical.com\/shop\/maaratlemata\/utsukusy-carboxderm-effervescent-body-mousse-200ml\/"},"modified":"2024-10-28T22:37:16","modified_gmt":"2024-10-28T20:37:16","slug":"utsukusy-carboxderm-effervescent-body-mousse-200ml","status":"publish","type":"product","link":"https:\/\/cutismedical.shop\/et\/shop-es\/nahahooldus\/keha-et-prof\/utsukusy-carboxderm-effervescent-body-mousse-200ml\/","title":{"rendered":"Utsukusy. Carboxderm kihisev kehavaht 200ml."},"content":{"rendered":"<p><strong>PEAMISED KOOSTISOSAD:<\/strong><br \/> \u2022 Jodeeritud ja h\u00fcdrol\u00fc\u00fcsitud mais lipol\u00fc\u00fctilise toimega<br \/> \u2022 Ruscus Acuelatus Ruscogenin turset alandava toimega<br \/> \u2022 Guaraana kofeiin, mis parandab vereringet<br \/> \u2022 Sidruniflavonoidid. L\u00e4bilaskvuse regulaator<\/p>\n<p>200 ml<\/p>\n<p><strong>KASUTUSJUHEND:<\/strong><\/p>\n<p>Enne kasutamist loksutage hoolikalt. Kandke hommikul ja\/v\u00f5i \u00f5htul puhtale nahale, masseerides \u00f5rnalt t\u00f6\u00f6deldavat piirkonda.<\/p>\n","protected":false},"excerpt":{"rendered":"<p>Kehavormimine<\/p>\n<p>\u2022 t\u00f5stev efekt<\/p>\n<p>Parandab naha seisundit kolmel tasandil, annab t\u00f5stva efekti.<br \/> Sisaldab kihisevaid ja niisutavaid mikrograanuleid, mis lahustuvad kokkupuutel nahaga.<\/p>\n","protected":false},"featured_media":33660,"template":"","meta":{"_seopress_robots_primary_cat":"","_seopress_titles_title":"","_seopress_titles_desc":"","_seopress_robots_index":""},"item":[],"product_cat":[1813,366,1910,1940,1849,1860],"product_tag":[1906],"class_list":{"0":"post-33664","1":"product","2":"type-product","3":"status-publish","4":"has-post-thumbnail","6":"product_cat-otstarve","7":"product_cat-keha-et","8":"product_cat-nahahooldus","9":"product_cat-keha-et-prof","10":"product_cat-nahahooldus-nahatuubi-jargi","11":"product_cat-tselluliit","12":"product_tag-tselluliit","13":"pa_register_only-register_price","14":"pa_register_only-new_regular_price","16":"first","17":"instock","18":"taxable","19":"shipping-taxable","20":"purchasable","21":"product-type-simple"},"_links":{"self":[{"href":"https:\/\/cutismedical.shop\/et\/wp-json\/wp\/v2\/product\/33664","targetHints":{"allow":["GET"]}}],"collection":[{"href":"https:\/\/cutismedical.shop\/et\/wp-json\/wp\/v2\/product"}],"about":[{"href":"https:\/\/cutismedical.shop\/et\/wp-json\/wp\/v2\/types\/product"}],"wp:featuredmedia":[{"embeddable":true,"href":"https:\/\/cutismedical.shop\/et\/wp-json\/wp\/v2\/media\/33660"}],"wp:attachment":[{"href":"https:\/\/cutismedical.shop\/et\/wp-json\/wp\/v2\/media?parent=33664"}],"wp:term":[{"taxonomy":"item","embeddable":true,"href":"https:\/\/cutismedical.shop\/et\/wp-json\/wp\/v2\/item?post=33664"},{"taxonomy":"product_cat","embeddable":true,"href":"https:\/\/cutismedical.shop\/et\/wp-json\/wp\/v2\/product_cat?post=33664"},{"taxonomy":"product_tag","embeddable":true,"href":"https:\/\/cutismedical.shop\/et\/wp-json\/wp\/v2\/product_tag?post=33664"}],"curies":[{"name":"wp","href":"https:\/\/api.w.org\/{rel}","templated":true}]}}