{"id":33553,"date":"2022-04-16T23:08:43","date_gmt":"2022-04-16T21:08:43","guid":{"rendered":"https:\/\/cutismedical.com\/shop\/maaratlemata\/utsukusy-wakai-serum-30ml\/"},"modified":"2024-10-29T00:27:10","modified_gmt":"2024-10-28T22:27:10","slug":"utsukusy-wakai-serum-30ml","status":"publish","type":"product","link":"https:\/\/cutismedical.shop\/et\/shop-es\/nahahooldus\/seerum-et-prof\/utsukusy-wakai-serum-30ml\/","title":{"rendered":"Utsukusy. Wakai. Seerum 30 ml."},"content":{"rendered":"<p><b>PEAMISED KOOSTISOSAD:<\/b><\/p>\n<p>Zirhafirm ja Punase mere mikrovetikad<\/p>\n<p><b>N\u00c4IDUSTUSED:<\/b><\/p>\n<ul>\n<li>Pinguldav toime.<\/li>\n<li>Tugevdab derma mehaanilist vastupidavust.<\/li>\n<li>Ennetab naha lagunemist.<\/li>\n<li>Silub t\u00f5husalt kortse.<\/li>\n<\/ul>\n<hr \/>\n<p>Koostis: zirhafirm (v\u00e4hendab nahastressi ja omab antioks\u00fcdantset toimet) ja melavoid (heledab nahatooni, m\u00f5jutades melaniini metabolismi ja v\u00e4hendades pigmendilaike).<\/p>\n<p>P\u00f5hineb uusimatel biotehnoloogia saavutustel ja <strong>t\u00fcvirakkude<\/strong> uurimist\u00f6\u00f6l. M\u00f5jutab pigmenteerimise algmehhanisme, <strong>v\u00e4hendades nahavigu.<\/strong> <strong>Suurendab naha elastsust ja ennetab naha l\u00f5tvumist ja vajumist.<\/strong><\/p>\n<p><strong>K\u00f5ige arenenum tehnoloogia plekkide ja naha l\u00f5tvumise vastu.<\/strong><\/p>\n<p><em>Wakai kreem p\u00e4lvis maineka ajakirja &#8220;Nouvelle Estetiques&#8221; auhinna professionaalses kosmeetikas tehtud uuenduste eest.<\/em><\/p>\n","protected":false},"excerpt":{"rendered":"<p>VANANEMISVASTANE SEERUM<\/p>\n","protected":false},"featured_media":33549,"template":"","meta":{"_seopress_robots_primary_cat":"","_seopress_titles_title":"","_seopress_titles_desc":"","_seopress_robots_index":""},"item":[],"product_cat":[1813,363,1910,1931,1849,1857,1858],"product_tag":[1900,1897],"class_list":{"0":"post-33553","1":"product","2":"type-product","3":"status-publish","4":"has-post-thumbnail","6":"product_cat-otstarve","7":"product_cat-seerum-et","8":"product_cat-nahahooldus","9":"product_cat-seerum-et-prof","10":"product_cat-nahahooldus-nahatuubi-jargi","11":"product_cat-pigmendilaigud","12":"product_cat-lotvunud-nahk","13":"product_tag-lotvunud-nahk","14":"product_tag-pigmendilaigud","16":"first","17":"instock","18":"taxable","19":"shipping-taxable","20":"purchasable","21":"product-type-simple"},"_links":{"self":[{"href":"https:\/\/cutismedical.shop\/et\/wp-json\/wp\/v2\/product\/33553","targetHints":{"allow":["GET"]}}],"collection":[{"href":"https:\/\/cutismedical.shop\/et\/wp-json\/wp\/v2\/product"}],"about":[{"href":"https:\/\/cutismedical.shop\/et\/wp-json\/wp\/v2\/types\/product"}],"wp:featuredmedia":[{"embeddable":true,"href":"https:\/\/cutismedical.shop\/et\/wp-json\/wp\/v2\/media\/33549"}],"wp:attachment":[{"href":"https:\/\/cutismedical.shop\/et\/wp-json\/wp\/v2\/media?parent=33553"}],"wp:term":[{"taxonomy":"item","embeddable":true,"href":"https:\/\/cutismedical.shop\/et\/wp-json\/wp\/v2\/item?post=33553"},{"taxonomy":"product_cat","embeddable":true,"href":"https:\/\/cutismedical.shop\/et\/wp-json\/wp\/v2\/product_cat?post=33553"},{"taxonomy":"product_tag","embeddable":true,"href":"https:\/\/cutismedical.shop\/et\/wp-json\/wp\/v2\/product_tag?post=33553"}],"curies":[{"name":"wp","href":"https:\/\/api.w.org\/{rel}","templated":true}]}}