{"id":33507,"date":"2022-04-15T21:45:13","date_gmt":"2022-04-15T19:45:13","guid":{"rendered":"https:\/\/cutismedical.com\/shop\/maaratlemata\/utsukusy-hyaluron-activ-complex-cream-200ml\/"},"modified":"2024-10-29T00:53:03","modified_gmt":"2024-10-28T22:53:03","slug":"utsukusy-hyaluron-activ-complex-cream-200ml","status":"publish","type":"product","link":"https:\/\/cutismedical.shop\/et\/shop-es\/nahahooldus\/kreem-et-prof\/utsukusy-hyaluron-activ-complex-cream-200ml\/","title":{"rendered":"Utsukusy. Hyaluron Activ komplekskreem 200ml."},"content":{"rendered":"<div id=\"headingOne1\" class=\"card-header\" role=\"tab\">\n<p class=\"mb-0\">EELISED:<\/p>\n<\/p><\/div>\n<div id=\"collapseOne1\" class=\"collapse show\" role=\"tabpanel\" aria-labelledby=\"headingOne1\" data-parent=\"#accordion1\">\n<div class=\"card-body\">\n<p>V\u00f5itleb 7 vananemise tunnusega:<br \/> &#8211; Parandab naha loomulikku niisutust<br \/> &#8211; V\u00e4hendab transepidermaalset veekadu<br \/> &#8211; Suurendab elastsust<br \/> &#8211; J\u00e4tab naha pehmemaks<br \/> &#8211; Aitab v\u00e4hendada peeneid jooni ja kortse<br \/> &#8211; Parandab kortsude v\u00e4limust<br \/> &#8211; T\u00f5stefekt<\/p>\n<div id=\"headingTwo1\" class=\"card-header\" role=\"tab\">\n<p class=\"mb-0\">KOOSTIS:<\/p>\n<\/p><\/div>\n<div id=\"collapseTwo1\" class=\"collapse show\" role=\"tabpanel\" aria-labelledby=\"headingTwo1\" data-parent=\"#accordion1\">\n<div class=\"card-body\">\n<p>AQUA (VESI), ETHYLHEXYL METHOXYCINNAMATE, ALOE BARBADENSIS LEHE EKSTRAKT* (ALOE BARBADENSIS LEHE MAHL), C12-20 ACID PEG-8 ESTER, PROP\u00dcLEENGL\u00dcKOL, DEK\u00dc\u00dcL OLEAAT, CETEARYL ETHYLHEXANOATE, CAPRYLIC\/CAPRIC TRIGLYCERIDE, GLYCERYL STEARATE SE, GLYCERYL STEARATE, GL\u00dcTSERIIN, TOKOFER\u00dc\u00dcL ATSETAAT, NAATRIUM-H\u00dcALURONAAT, TOKOFEROOL, ALLANTOIIN, NAATRIUM-HONDROITIINSULFAAT, KARBOMEER, TSET\u00dc\u00dcL FOSFAAT, TRIETANOOLAMIIN, BHT, DIMETIKOON, TROPOLON, IMIDAZOLIDINYL UUREA, KAPRIIL\u00dc\u00dcLGL\u00dcKOL, 1,2-HEKSANDIOOL, PARF\u00dc\u00dcM (L\u00d5HN).<\/p>\n<div id=\"headingThree1\" class=\"card-header\" role=\"tab\">\n<p class=\"mb-0\">KASUTAMINE:<\/p>\n<\/p><\/div>\n<div id=\"collapseThree1\" class=\"collapse show\" role=\"tabpanel\" aria-labelledby=\"headingThree1\" data-parent=\"#accordion1\">\n<div class=\"card-body\">\n<p>Kandke enne puiduteraapia massaa\u017ei alustamist.<br \/> Vajadusel kandke uuesti, et h\u00f5lbustada massaa\u017eiliigutusi.<\/p>\n<p><em>K\u00f5igile nahat\u00fc\u00fcpidele.<\/em><\/p>\n<\/p><\/div>\n<\/p><\/div>\n<\/p><\/div>\n<\/p><\/div>\n<\/p><\/div>\n<\/p><\/div>\n","protected":false},"excerpt":{"rendered":"<p>NIISUTAV N\u00c4OKREEM &#8211; T\u00c4ITEEFEKT<br \/> T\u00e4psem valem, mis tagab niisutuse ja kohese t\u00f5stefekti.<\/p>\n<p>Sisaldab erinevate molekulmassidega h\u00fcaluroonhapet, mis toimib naha erinevatele kihtidele, et parandada selle \u00fcldist v\u00e4limust.<\/p>\n","protected":false},"featured_media":33503,"template":"","meta":{"_seopress_robots_primary_cat":"","_seopress_titles_title":"","_seopress_titles_desc":"","_seopress_robots_index":""},"item":[],"product_cat":[1813,151,1910,1928,1849,1851,1852,1853,1858],"product_tag":[1885,1882,1900,1879],"class_list":{"0":"post-33507","1":"product","2":"type-product","3":"status-publish","4":"has-post-thumbnail","6":"product_cat-otstarve","7":"product_cat-kreem-et","8":"product_cat-nahahooldus","9":"product_cat-kreem-et-prof","10":"product_cat-nahahooldus-nahatuubi-jargi","11":"product_cat-rasune-ja-probleemne-nahk","12":"product_cat-kuiv-veetustunud-nahk","13":"product_cat-kortsud","14":"product_cat-lotvunud-nahk","15":"product_tag-kortsud","16":"product_tag-kuiv-veetustunud-nahk","17":"product_tag-lotvunud-nahk","18":"product_tag-rasune-ja-probleemne-nahk","19":"pa_register_only-register_price","20":"pa_register_only-new_regular_price","22":"first","23":"instock","24":"taxable","25":"shipping-taxable","26":"purchasable","27":"product-type-simple"},"_links":{"self":[{"href":"https:\/\/cutismedical.shop\/et\/wp-json\/wp\/v2\/product\/33507","targetHints":{"allow":["GET"]}}],"collection":[{"href":"https:\/\/cutismedical.shop\/et\/wp-json\/wp\/v2\/product"}],"about":[{"href":"https:\/\/cutismedical.shop\/et\/wp-json\/wp\/v2\/types\/product"}],"wp:featuredmedia":[{"embeddable":true,"href":"https:\/\/cutismedical.shop\/et\/wp-json\/wp\/v2\/media\/33503"}],"wp:attachment":[{"href":"https:\/\/cutismedical.shop\/et\/wp-json\/wp\/v2\/media?parent=33507"}],"wp:term":[{"taxonomy":"item","embeddable":true,"href":"https:\/\/cutismedical.shop\/et\/wp-json\/wp\/v2\/item?post=33507"},{"taxonomy":"product_cat","embeddable":true,"href":"https:\/\/cutismedical.shop\/et\/wp-json\/wp\/v2\/product_cat?post=33507"},{"taxonomy":"product_tag","embeddable":true,"href":"https:\/\/cutismedical.shop\/et\/wp-json\/wp\/v2\/product_tag?post=33507"}],"curies":[{"name":"wp","href":"https:\/\/api.w.org\/{rel}","templated":true}]}}