{"id":33495,"date":"2022-04-15T21:29:58","date_gmt":"2022-04-15T19:29:58","guid":{"rendered":"https:\/\/cutismedical.com\/shop\/maaratlemata\/utsukusy-hyaluron-active-set-50ml-cream-30ml-serum\/"},"modified":"2024-10-29T11:17:21","modified_gmt":"2024-10-29T09:17:21","slug":"utsukusy-hyaluron-active-set-50ml-cream-30ml-serum","status":"publish","type":"product","link":"https:\/\/cutismedical.shop\/et\/shop-es\/nahahooldus\/kreem-et-prof\/utsukusy-hyaluron-active-set-50ml-cream-30ml-serum\/","title":{"rendered":"Utsukusy. Hyaluron Active SET (50 ml kreem + 30 ml seerum)"},"content":{"rendered":"<p>T\u00e4iustatud koostis, mis pakub niisutust ja kohest t\u00f5stefekti.<br \/> Sisaldab <strong>erineva molekulmassiga h\u00fcaluroonhapet<\/strong>, mis toimib naha erinevatele kihtidele, parandades selle \u00fcldist v\u00e4limust ja v\u00f5ideldes 7 vananemism\u00e4rgi vastu:<\/p>\n<p><strong>&#8211; Parandab naha loomulikku niisutust<br \/> &#8211; V\u00e4hendab transepidermaalset veekadu<br \/> &#8211; Suurendab elastsust<br \/> &#8211; J\u00e4tab naha pehmemaks<br \/> &#8211; Aitab v\u00e4hendada peeneid jooni ja kortse<br \/> &#8211; Parandab kortsude v\u00e4limust<br \/> &#8211; T\u00f5stefekt<\/strong><\/p>\n<div id=\"headingOne1\" class=\"card-header\" role=\"tab\">\n<p class=\"mb-0\">SISU:<\/p>\n<\/p><\/div>\n<div id=\"collapseOne1\" class=\"collapse show\" role=\"tabpanel\" aria-labelledby=\"headingOne1\" data-parent=\"#accordion1\">\n<div class=\"card-body\">\n<p>HYALURON SERUM<br \/> Kerge ja kiirelt imenduv seerum, mis hoiab naha h\u00e4sti niisutatuna ja parandab selle kaitsefunktsiooni t\u00e4nu erineva molekulmassiga h\u00fcaluroonhappe kontsentraadile.<\/p>\n<p>Airless 30 ml<\/p>\n<p>&#8212;&#8212;&#8212;&#8212;&#8212;&#8212;&#8212;&#8212;<\/p>\n<p>HYALURON CREAM<br \/> T\u00e4iustatud koostis, mis pakub niisutust ja kohest t\u00f5stefekti.<\/p>\n<p>Sisaldab erineva molekulmassiga h\u00fcaluroonhapet, mis toimib naha erinevatele kihtidele ja parandab selle \u00fcldist v\u00e4limust. Airless 50 ml<\/p>\n<\/p><\/div>\n<\/p><\/div>\n<div><\/div>\n<div><span style=\"color: #555555;\">KOOSTISAINED<\/span><\/div>\n<div>\n<div id=\"collapseTwo1\" class=\"collapse show\" role=\"tabpanel\" aria-labelledby=\"headingTwo1\" data-parent=\"#accordion1\">\n<div class=\"card-body\">\n<p>SEERUM: AQUA (VESI), OCTYLDODECANOL, CAPRYLIC\/CAPRIC TRIGLYCERIDE, CETEARYL ETHYLHEXANOATE, GL\u00dcTSERIIN, TOCOFER\u00dc\u00dcL ATSETAAT, NAATRIUM-H\u00dcALURONAAT, TOCOFEROOL, ALLANTOIIN, NAATRIUM PCA, POLYSORBATE 80, ISOHEKSADEKAAN, ACRYLAMIDE\/NAATRIUM ACRYLOYLDIMETHYLTAURATE COPOLYMER, DEK\u00dc\u00dcL OLEAAT, SORBITAAN OLEAAT, TROPOLON, IMIDAZOLIDIN\u00dc\u00dcLUREA, KAPRIIL\u00dc\u00dcLGL\u00dcKOL, 1,2-HEKSANDIOOL, PARF\u00dc\u00dcM (L\u00d5HN).<\/p>\n<p>&#8212;&#8212;&#8212;&#8212;&#8212;&#8212;&#8212;&#8212;&#8212;&#8212;&#8211;<\/p>\n<p>KREEM: AQUA (VESI), ETHYLHEXYL METHOXYCINNAMATE, ALOE BARBADENSIS LEHE EKSTRAKT* (ALOE BARBADENSIS LEHE MAHL), C12-20 ACID PEG-8 ESTER, PROP\u00dcLEENGL\u00dcKOL, DEK\u00dc\u00dcL OLEAAT, CETEARYL ETHYLHEXANOATE, CAPRYLIC\/CAPRIC TRIGLYCERIDE, GLYCERYL STEARATE SE, GLYCERYL STEARATE, GL\u00dcTSERIIN, TOCOFER\u00dc\u00dcL ATSETAAT, NAATRIUM-H\u00dcALURONAAT, TOCOFEROOL, ALLANTOIIN, NAATRIUM-HONDROITIINSULFAAT, KARBOMEER, TSET\u00dc\u00dcL FOSFAAT, TRIETANOOLAMIIN, BHT, DIMETIKOON, TROPOLON, IMIDAZOLIDIN\u00dc\u00dcLUREA, KAPRIIL\u00dc\u00dcLGL\u00dcKOL, 1,2-HEKSANDIOOL, PARF\u00dc\u00dcM (L\u00d5HN).<\/p>\n<div id=\"headingThree1\" class=\"card-header\" role=\"tab\">\n<p class=\"mb-0\">KASUTAMINE:<\/p>\n<\/p><\/div>\n<div id=\"collapseThree1\" class=\"collapse show\" role=\"tabpanel\" aria-labelledby=\"headingThree1\" data-parent=\"#accordion1\">\n<div class=\"card-body\">\n<p>1. Puhastage nahk Bijini puhastuskreemiga.<br \/> 2. Kandke seerum ja masseerige \u00f5rnalt n\u00e4ole, kaelale ja dekolteele kuni t\u00e4ieliku imendumiseni.<br \/> 3. Seej\u00e4rel kandke kreem ja masseerige, kuni see on t\u00e4ielikult imendunud.<\/p>\n<p><em>K\u00f5igile nahat\u00fc\u00fcpidele.<\/em><\/p>\n<\/p><\/div>\n<\/p><\/div>\n<\/p><\/div>\n<\/p><\/div>\n<\/p><\/div>\n<div><\/div>\n","protected":false},"excerpt":{"rendered":"<p>NIISUTAMINE &#8211; T\u00c4ITEEFEKT<\/p>\n<p>Igap\u00e4evane nahahoolduskomplekt<br \/> Kreem Airless 50 ml<br \/> Seerum Airless 30 ml<\/p>\n","protected":false},"featured_media":33490,"template":"","meta":{"_seopress_robots_primary_cat":"","_seopress_titles_title":"","_seopress_titles_desc":"","_seopress_robots_index":""},"item":[],"product_cat":[1813,151,363,1910,1928,1849,1851,1852,1853,1854,1858],"product_tag":[1885,1882,1900,1879,1888],"class_list":{"0":"post-33495","1":"product","2":"type-product","3":"status-publish","4":"has-post-thumbnail","6":"product_cat-otstarve","7":"product_cat-kreem-et","8":"product_cat-seerum-et","9":"product_cat-nahahooldus","10":"product_cat-kreem-et-prof","11":"product_cat-nahahooldus-nahatuubi-jargi","12":"product_cat-rasune-ja-probleemne-nahk","13":"product_cat-kuiv-veetustunud-nahk","14":"product_cat-kortsud","15":"product_cat-tundlik-nahk","16":"product_cat-lotvunud-nahk","17":"product_tag-kortsud","18":"product_tag-kuiv-veetustunud-nahk","19":"product_tag-lotvunud-nahk","20":"product_tag-rasune-ja-probleemne-nahk","21":"product_tag-tundlik-nahk","22":"pa_register_only-register_price","23":"pa_register_only-new_regular_price","25":"first","26":"instock","27":"taxable","28":"shipping-taxable","29":"purchasable","30":"product-type-simple"},"_links":{"self":[{"href":"https:\/\/cutismedical.shop\/et\/wp-json\/wp\/v2\/product\/33495","targetHints":{"allow":["GET"]}}],"collection":[{"href":"https:\/\/cutismedical.shop\/et\/wp-json\/wp\/v2\/product"}],"about":[{"href":"https:\/\/cutismedical.shop\/et\/wp-json\/wp\/v2\/types\/product"}],"wp:featuredmedia":[{"embeddable":true,"href":"https:\/\/cutismedical.shop\/et\/wp-json\/wp\/v2\/media\/33490"}],"wp:attachment":[{"href":"https:\/\/cutismedical.shop\/et\/wp-json\/wp\/v2\/media?parent=33495"}],"wp:term":[{"taxonomy":"item","embeddable":true,"href":"https:\/\/cutismedical.shop\/et\/wp-json\/wp\/v2\/item?post=33495"},{"taxonomy":"product_cat","embeddable":true,"href":"https:\/\/cutismedical.shop\/et\/wp-json\/wp\/v2\/product_cat?post=33495"},{"taxonomy":"product_tag","embeddable":true,"href":"https:\/\/cutismedical.shop\/et\/wp-json\/wp\/v2\/product_tag?post=33495"}],"curies":[{"name":"wp","href":"https:\/\/api.w.org\/{rel}","templated":true}]}}