{"id":33454,"date":"2022-04-15T18:10:44","date_gmt":"2022-04-15T16:10:46","guid":{"rendered":"https:\/\/cutismedical.com\/?post_type=product&#038;p=33454"},"modified":"2024-10-29T11:52:39","modified_gmt":"2024-10-29T09:52:39","slug":"utsukusy-resilience-cream-200ml","status":"publish","type":"product","link":"https:\/\/cutismedical.shop\/et\/shop-es\/nahahooldus\/kreem-et-prof\/utsukusy-resilience-cream-200ml\/","title":{"rendered":"Utsukusy. Resilience kreem 200ml."},"content":{"rendered":"<p>PEAMISED AKTIIVSED KOOSTISOSAD:<br \/> \u2022 Chlorella vulgaris ekstrakt: suunatud fibroblastidele, et suurendada naha s\u00e4ra.<br \/> \u2022 Cu-Palmito\u00fc\u00fcl Heptapeptiid-14 on suunatud fibroblastidele kortsude v\u00e4hendamise eesm\u00e4rgil.<br \/> \u2022 Palmito\u00fc\u00fcl Heptapeptiid on suunatud otse naha neuronitele, et eemaldada miimilised kortsud.<\/p>\n<p>&#8212;&#8212;&#8212;&#8212;&#8212;&#8212;&#8212;&#8212;&#8212;&#8212;&#8212;&#8212;&#8212;-<br \/> ESITLUS:<br \/> Professionaalne: 200 ml<\/p>\n<p>&#8212;&#8212;&#8212;&#8212;&#8212;&#8212;&#8212;&#8212;&#8212;&#8212;&#8212;&#8212;&#8212;-<\/p>\n<p><strong>Kasutusjuhend:<\/strong><\/p>\n<p>1. Puhastage n\u00e4gu lisanditest ja meigist.<br \/> 2. Kandke Bijin puhastuskreem. Loputage veega.<br \/> 3. Kandke seerum n\u00e4ole, kaelale ja dekolteele.<br \/> 4. Seej\u00e4rel kandke kreem n\u00e4ole, kaelale ja dekolteele, masseerides nahka.<\/p>\n","protected":false},"excerpt":{"rendered":"<p>Intensiivne pinguldav efekt, kortsude t\u00e4itmine, annab nahale rohkem elastsust, pikaajalist niisutust ja s\u00e4ra 24 tunniks.<\/p>\n","protected":false},"featured_media":33437,"template":"","meta":{"_seopress_robots_primary_cat":"","_seopress_titles_title":"","_seopress_titles_desc":"","_seopress_robots_index":""},"item":[],"product_cat":[1813,151,1910,1928,1849,1853,1858],"product_tag":[1885,1900],"class_list":{"0":"post-33454","1":"product","2":"type-product","3":"status-publish","4":"has-post-thumbnail","6":"product_cat-otstarve","7":"product_cat-kreem-et","8":"product_cat-nahahooldus","9":"product_cat-kreem-et-prof","10":"product_cat-nahahooldus-nahatuubi-jargi","11":"product_cat-kortsud","12":"product_cat-lotvunud-nahk","13":"product_tag-kortsud","14":"product_tag-lotvunud-nahk","15":"pa_register_only-register_price","17":"first","18":"instock","19":"taxable","20":"shipping-taxable","21":"purchasable","22":"product-type-simple"},"_links":{"self":[{"href":"https:\/\/cutismedical.shop\/et\/wp-json\/wp\/v2\/product\/33454","targetHints":{"allow":["GET"]}}],"collection":[{"href":"https:\/\/cutismedical.shop\/et\/wp-json\/wp\/v2\/product"}],"about":[{"href":"https:\/\/cutismedical.shop\/et\/wp-json\/wp\/v2\/types\/product"}],"wp:featuredmedia":[{"embeddable":true,"href":"https:\/\/cutismedical.shop\/et\/wp-json\/wp\/v2\/media\/33437"}],"wp:attachment":[{"href":"https:\/\/cutismedical.shop\/et\/wp-json\/wp\/v2\/media?parent=33454"}],"wp:term":[{"taxonomy":"item","embeddable":true,"href":"https:\/\/cutismedical.shop\/et\/wp-json\/wp\/v2\/item?post=33454"},{"taxonomy":"product_cat","embeddable":true,"href":"https:\/\/cutismedical.shop\/et\/wp-json\/wp\/v2\/product_cat?post=33454"},{"taxonomy":"product_tag","embeddable":true,"href":"https:\/\/cutismedical.shop\/et\/wp-json\/wp\/v2\/product_tag?post=33454"}],"curies":[{"name":"wp","href":"https:\/\/api.w.org\/{rel}","templated":true}]}}