{"id":33346,"date":"2022-04-14T22:18:32","date_gmt":"2022-04-14T20:18:34","guid":{"rendered":"https:\/\/cutismedical.com\/?post_type=product&#038;p=33346"},"modified":"2024-10-29T14:26:29","modified_gmt":"2024-10-29T12:26:29","slug":"utsukusy-eyelift-cream-30ml","status":"publish","type":"product","link":"https:\/\/cutismedical.shop\/et\/shop-es\/nahahooldus\/silmaumbruse-hooldus-et\/utsukusy-eyelift-cream-30ml\/","title":{"rendered":"Utsukusy. Eyelift kreem 30ml."},"content":{"rendered":"<p>Sobib k\u00f5ikidele nahat\u00fc\u00fcpidele, sealhulgas tundlikule nahale.<\/p>\n<p>V\u00e4simuse m\u00e4rgid ja kortsud silma\u00fcmbruse piirkonnas on m\u00e4rgatavalt v\u00e4henenud.<br \/> Silma\u00fcmbrus ja tumedad ringid on siledamad, silma\u00fcmbruse delikaatne piirkond on nooruslikum ja v\u00e4simuse m\u00e4rgid on n\u00e4htavalt v\u00e4henenud.<\/p>\n<p>N\u00e4idustused:<\/p>\n<p>&#8211; Vananev silma\u00fcmbrus.<br \/> &#8211; V\u00e4sinud silma\u00fcmbrus.<br \/> &#8211; Mimikakortsud silma\u00fcmbruse piirkonnas.<\/p>\n<p><b>KREEMI KOOSTIS:<\/b> AQUA (VESI), PROPANEEDIOOL, ALOE BARBADENSIS LEHE EKSTRAKT (ALOE BARBADENSIS LEHEMAHL), KAPRIIL\/ KAPRILIK TRIGL\u00dcTSERIID, CETEARYL ET\u00dc\u00dcLHEKSAANOAAT, DETS\u00dc\u00dcLOLIAAT, GL\u00dcTSERIIN, BUTYROSPERMUM PARKII (SHEA) V\u00d5I, C12-20 HAPETE PEG-8 EETER, VIINAMARJASEEMNE\u00d5LI (VITIS VINIFERA), ROSMARIINI LEHE EKSTRAKT (ROSMARINUS OFFICINALIS), TOKOFER\u00dc\u00dcLATSET, ARGAANIA\u00d5LI (ARGANIA SPINOSA), TOKOFEROOL, INGVERI JUURE EKSTRAKT (ZINGIBER OFFICINALE), P\u00c4IKESE\u00d5IE\u00d5LI (HELIANTHUS ANNUUS), ALLANTOIIN, PENTAPEPTIID-34 TRIFLUORATSETAAT, UBIKINOON (COENZYME Q10), SKVALAAN, KOFEIIN, KARBOMER, CET\u00dc\u00dcLFOSFAAT, CERATONIA SILIQUA GUM (KAROBI VAIGU), SILIKAAT, HDI\/TRIMET\u00dcLOL HEKSIILLAKTOON, KROSPOL\u00dcMEER, TROMETAMIIN, NAATRIUMBENSOAAT, FEN\u00dc\u00dcLEET\u00dc\u00dcLALKOHOL, 1,2-HEKSANEEDIOOL, KAPRIILGL\u00dcKOL, H\u00dcDROKS\u00dcATSETOFENON, GERANIOOL, LINALOOL, BUT\u00dc\u00dcLFEN\u00dc\u00dcL MET\u00dc\u00dcLPROPIONAAT.<\/p>\n","protected":false},"excerpt":{"rendered":"<p><b>SILMALUUMI LIFTIMISKREEM<\/b><\/p>\n<p>SILMALUUMI KONTUURKREEM<\/p>\n","protected":false},"featured_media":33353,"template":"","meta":{"_seopress_robots_primary_cat":"none","_seopress_titles_title":"","_seopress_titles_desc":"","_seopress_robots_index":""},"item":[],"product_cat":[1813,1845,1910,1922,1849,1854,1858],"product_tag":[1900,1888],"class_list":{"0":"post-33346","1":"product","2":"type-product","3":"status-publish","4":"has-post-thumbnail","6":"product_cat-otstarve","7":"product_cat-silmaumbruse-hooldus","8":"product_cat-nahahooldus","9":"product_cat-silmaumbruse-hooldus-et","10":"product_cat-nahahooldus-nahatuubi-jargi","11":"product_cat-tundlik-nahk","12":"product_cat-lotvunud-nahk","13":"product_tag-lotvunud-nahk","14":"product_tag-tundlik-nahk","15":"pa_register_only-register_price","16":"pa_register_only-new_regular_price","18":"first","19":"instock","20":"taxable","21":"shipping-taxable","22":"purchasable","23":"product-type-simple"},"_links":{"self":[{"href":"https:\/\/cutismedical.shop\/et\/wp-json\/wp\/v2\/product\/33346","targetHints":{"allow":["GET"]}}],"collection":[{"href":"https:\/\/cutismedical.shop\/et\/wp-json\/wp\/v2\/product"}],"about":[{"href":"https:\/\/cutismedical.shop\/et\/wp-json\/wp\/v2\/types\/product"}],"wp:featuredmedia":[{"embeddable":true,"href":"https:\/\/cutismedical.shop\/et\/wp-json\/wp\/v2\/media\/33353"}],"wp:attachment":[{"href":"https:\/\/cutismedical.shop\/et\/wp-json\/wp\/v2\/media?parent=33346"}],"wp:term":[{"taxonomy":"item","embeddable":true,"href":"https:\/\/cutismedical.shop\/et\/wp-json\/wp\/v2\/item?post=33346"},{"taxonomy":"product_cat","embeddable":true,"href":"https:\/\/cutismedical.shop\/et\/wp-json\/wp\/v2\/product_cat?post=33346"},{"taxonomy":"product_tag","embeddable":true,"href":"https:\/\/cutismedical.shop\/et\/wp-json\/wp\/v2\/product_tag?post=33346"}],"curies":[{"name":"wp","href":"https:\/\/api.w.org\/{rel}","templated":true}]}}