{"id":33263,"date":"2022-04-13T17:36:05","date_gmt":"2022-04-13T15:36:05","guid":{"rendered":"https:\/\/cutismedical.com\/shop\/maaratlemata\/utsukusy-glyco-ferulic-acid-60ml-prepeel-150ml-postpeel-150ml\/"},"modified":"2024-10-29T15:16:28","modified_gmt":"2024-10-29T13:16:28","slug":"utsukusy-glyco-ferulic-acid-60ml-prepeel-150ml-postpeel-150ml","status":"publish","type":"product","link":"https:\/\/cutismedical.shop\/et\/shop-es\/keemilised-piilingud-et\/utsukusy-glyco-ferulic-acid-60ml-prepeel-150ml-postpeel-150ml\/","title":{"rendered":"Utsukusy. Gl\u00fckoferuliinhape 60 ml. + Eelkoorimine 150ml. + Postpeel 150ml."},"content":{"rendered":"<p><strong>OLULISED AKTIIVSED KOOSTISOSAD:<\/strong><br \/> <strong>2% FERUULHAPE:<\/strong> taimse p\u00e4ritoluga antioks\u00fcdant, mida v\u00f5ib saada murakatest ja oliividest. Tagab nahale k\u00f5ik vajalikud elemendid naha degeneratsiooni blokeerimiseks ning v\u00f5imaldab oluliste valkude ja molekulide pikaajalist s\u00e4ilimist ilma nende lagunemiseta. Lisaks blokeerib kiirguse m\u00f5ju ja hoiab \u00e4ra naha deh\u00fcdratsiooni, tugevdades seel\u00e4bi oma toimeid. Suurendab kollageeni ja elastiini tootmist.<br \/> <strong>5% GL\u00dcKOLHAPE:<\/strong> toimib sarvkihil, m\u00f5jutades korneots\u00fc\u00fctide sidusust s\u00fcgavamates kihtides. Soodustab sarvkihi \u00f5henemist ja parandab naha pinna paindlikkust. Tal on n\u00e4onaha kooriv toime, eemaldades liigse rasu ja muud ained, mis kahjustavad naha head seisukorda.<\/p>\n<p><strong>Professionaalne m\u00fc\u00fcgiformaat<\/strong>: 60 ml. Sisaldab Pre-Peel ja Post-Peel lahuseid 150 ml.<\/p>\n<div id=\"headingOne1\" class=\"card-header\" role=\"tab\">\n<p class=\"mb-0\">KASUTAMISE N\u00c4IDUSTUSED:<\/p>\n<\/p><\/div>\n<div id=\"collapseOne1\" class=\"collapse show\" role=\"tabpanel\" aria-labelledby=\"headingOne1\" data-parent=\"#accordion1\">\n<div class=\"card-body\">\n<p>\u2022 Naha l\u00f5tvus.<br \/> \u2022 N\u00e4onaha noorendamine.<br \/> \u2022 Vananemisvastane toime.<br \/> \u2022 \u00dcldine vananemisvastane m\u00f5ju.<br \/> <em>VASTUN\u00c4IDUSTUSED:<br \/> \u2022 Tundlik nahk.<br \/> \u2022 Raske dermatiit ja kuperoosa.<\/em><\/p>\n<div id=\"headingTwo1\" class=\"card-header\" role=\"tab\">\n<p class=\"mb-0\">KOOSTIS<\/p>\n<\/p><\/div>\n<div id=\"collapseTwo1\" class=\"collapse show\" role=\"tabpanel\" aria-labelledby=\"headingTwo1\" data-parent=\"#accordion1\">\n<div class=\"card-body\">Aqua\/Water, Alcohol Denat., Glycolic Acid, Propylene Glycol, Ferulic Acid, Ammonium Lactate.<\/div>\n<\/p><\/div>\n<\/p><\/div>\n<\/p><\/div>\n<div><\/div>\n<div><span style=\"color: #555555;\">KASUTAMISJUHEND:<\/span><\/div>\n<div>\n<div id=\"collapseThree1\" class=\"collapse show\" role=\"tabpanel\" aria-labelledby=\"headingThree1\" data-parent=\"#accordion1\">\n<div class=\"card-body\">\n<p>Puhastatud nahale:<br \/> 1.- Kandke PRE-PEEL n\u00e4ole, kaelale ja dekolteele marli abil.<br \/> 2.- Seej\u00e4rel kandke KEEMILINE KOORIMINE pintsliga ja j\u00e4tke 4\u20138 minutiks.<br \/> 3.- P\u00e4rast aja m\u00f6\u00f6dumist eemaldage liigne hape kuiva marliriidega ja kandke peale POST-PEEL.<br \/> 4.- J\u00e4tke 1\u20134 minutiks.<br \/> 5.- Loputage rohke veega.<\/p>\n<p><strong>DESINFITSEERIV LAHUS KOORIMISEKS<\/strong><br \/> Tulemused: puhastab ja desinfitseerib naha s\u00fcgavuti. Valmistab naha ette aktiveeriva emulsiooni pealekandmiseks.<br \/> Professionaalne m\u00fc\u00fcgiformaat: 150 ml.<\/p>\n<p><strong>NEUTRALISEERIV LAHUS KOORIMISEKS<\/strong><br \/> Peamised aktiivsed koostisosad: aloe ja betaiin.<br \/> Tulemused: s\u00fcgav niisutus ja rahustav toime. Taastab naha vee-lipiidide tasakaalu ja normaliseerib dermise pH.<br \/> Professionaalne m\u00fc\u00fcgiformaat: 150 ml.<\/p>\n<\/p><\/div>\n<\/p><\/div>\n<\/p><\/div>\n","protected":false},"excerpt":{"rendered":"<p>Keemilise koorimise pH: 2.8 &#8211; 3.0<br \/> Nahat\u00fc\u00fcp: k\u00f5ik nahat\u00fc\u00fcbid.<br \/> Eemaldab liigse rasu ja muud ained, mis kahjustavad naha head seisukorda.<br \/> Tagab sileda, pehme ja terve v\u00e4limuse.<\/p>\n","protected":false},"featured_media":33259,"template":"","meta":{"_seopress_robots_primary_cat":"","_seopress_titles_title":"","_seopress_titles_desc":"","_seopress_robots_index":""},"item":[],"product_cat":[153],"product_tag":[],"class_list":{"0":"post-33263","1":"product","2":"type-product","3":"status-publish","4":"has-post-thumbnail","6":"product_cat-keemilised-piilingud-et","7":"pa_register_only-register_price","9":"first","10":"instock","11":"taxable","12":"shipping-taxable","13":"purchasable","14":"product-type-simple"},"_links":{"self":[{"href":"https:\/\/cutismedical.shop\/et\/wp-json\/wp\/v2\/product\/33263","targetHints":{"allow":["GET"]}}],"collection":[{"href":"https:\/\/cutismedical.shop\/et\/wp-json\/wp\/v2\/product"}],"about":[{"href":"https:\/\/cutismedical.shop\/et\/wp-json\/wp\/v2\/types\/product"}],"wp:featuredmedia":[{"embeddable":true,"href":"https:\/\/cutismedical.shop\/et\/wp-json\/wp\/v2\/media\/33259"}],"wp:attachment":[{"href":"https:\/\/cutismedical.shop\/et\/wp-json\/wp\/v2\/media?parent=33263"}],"wp:term":[{"taxonomy":"item","embeddable":true,"href":"https:\/\/cutismedical.shop\/et\/wp-json\/wp\/v2\/item?post=33263"},{"taxonomy":"product_cat","embeddable":true,"href":"https:\/\/cutismedical.shop\/et\/wp-json\/wp\/v2\/product_cat?post=33263"},{"taxonomy":"product_tag","embeddable":true,"href":"https:\/\/cutismedical.shop\/et\/wp-json\/wp\/v2\/product_tag?post=33263"}],"curies":[{"name":"wp","href":"https:\/\/api.w.org\/{rel}","templated":true}]}}