{"id":33252,"date":"2022-04-13T12:06:40","date_gmt":"2022-04-13T10:06:40","guid":{"rendered":"https:\/\/cutismedical.com\/shop\/maaratlemata\/utsukusy-lactic-acid-60ml-prepeel-150ml-postpeel-150ml\/"},"modified":"2024-10-29T15:23:33","modified_gmt":"2024-10-29T13:23:33","slug":"utsukusy-lactic-acid-60ml-prepeel-150ml-postpeel-150ml","status":"publish","type":"product","link":"https:\/\/cutismedical.shop\/et\/shop-es\/keemilised-piilingud-et\/utsukusy-lactic-acid-60ml-prepeel-150ml-postpeel-150ml\/","title":{"rendered":"Utsukusy. Piimhape 60 ml. + Eelkoorimine 150ml. + Postpeel 150ml."},"content":{"rendered":"<p><strong>PEAMISED AKTIIVSED KOOSTISOSAD:<\/strong>\u00a0<strong>piimhape<\/strong><br \/> See on orgaaniline alfa-h\u00fcdroks\u00fchape (AHA), mis l\u00f5hub adhesiooni epidermise rakkude vahel, stimuleerides koorimist ja saavutades s\u00e4rava efekti. Saadud piimast.<br \/> See on inimorganismile loomulik, seega p\u00f5hjustab harvem allergilist reaktsiooni ning sobib algajatele ja tundliku nahaga inimestele. V\u00e4ga k\u00f5rge molekulmass.<\/p>\n<div class=\"card\">\n<div id=\"headingOne1\" class=\"card-header\" role=\"tab\">\n<p class=\"mb-0\">KASUTUSN\u00c4IDUSTUSED:<\/p>\n<\/p><\/div>\n<div id=\"collapseOne1\" class=\"collapse show\" role=\"tabpanel\" aria-labelledby=\"headingOne1\" data-parent=\"#accordion1\">\n<div class=\"card-body\">\n<p>\u2022 Peened jooned (n\u00e4ol, kaelal, dekolteel jne).<br \/> \u2022 Miimikajooned.<br \/> \u2022 Fotovananemine.<br \/> \u2022 Loodusliku kollageeni tootmise stimuleerimine.<br \/> <em>VASTUN\u00c4IDUSTUSED:<br \/> \u2022 Allergia piimatoodete suhtes.<br \/> \u2022 Retinoididega kokkusobimatus.<br \/> \u2022 Raske dermatiit ja kuperoosa.<\/em><\/p>\n<\/p><\/div>\n<\/p><\/div>\n<\/p><\/div>\n<div class=\"card\">\n<div id=\"headingTwo1\" class=\"card-header\" role=\"tab\">\n<p class=\"mb-0\">KOOSTIS:<\/p>\n<p>Aqua\/Water, Lactic Acid, Sodium Hydroxide, Acrylamide\/Sodium Acryloyldimethyltaurate\/Acrylic Acid Copolymer, Ammonium Sulfate, Phenoxyethanol, Sodium Sulfate, Imidazolidinyl Urea, Ethylhexylglycerin.<\/p>\n<div id=\"headingThree1\" class=\"card-header\" role=\"tab\">\n<p class=\"mb-0\">KASUTUSJUHEND:<\/p>\n<\/p><\/div>\n<div id=\"collapseThree1\" class=\"collapse show\" role=\"tabpanel\" aria-labelledby=\"headingThree1\" data-parent=\"#accordion1\">\n<div class=\"card-body\">\n<p>Puhastatud nahale:<br \/> 1.- Kandke PRE-PEEL n\u00e4ole, kaelale ja dekolteele marli abil.<br \/> 2.- Seej\u00e4rel kandke KEEMILINE KOORIMINE pintsliga ja j\u00e4tke 4\u20138 minutiks.<br \/> 3.- P\u00e4rast aja m\u00f6\u00f6dumist eemaldage liigne hape kuiva marliriidega ja kandke peale POST-PEEL.<br \/> 4.- J\u00e4tke 1\u20134 minutiks.<br \/> 5.- Loputage rohke veega.<\/p>\n<p><strong>DESINFITSEERIV LAHUS KOORIMISEKS<\/strong><br \/> Tulemused: puhastab ja desinfitseerib naha s\u00fcgavuti. Valmistab naha ette aktiveeriva emulsiooni pealekandmiseks.<br \/> Professionaalne m\u00fc\u00fcgiformaat: 150 ml.<\/p>\n<p><strong>NEUTRALISEERIV LAHUS KOORIMISEKS<\/strong><br \/> Peamised aktiivsed koostisosad: aloe ja betaiin.<br \/> Tulemused: s\u00fcgav niisutus ja rahustav toime. Taastab naha vee-lipiidide tasakaalu ja normaliseerib dermise pH.<br \/> Professionaalne m\u00fc\u00fcgiformaat: 150 ml.<\/p>\n<\/p><\/div>\n<\/p><\/div>\n<\/p><\/div>\n<\/p><\/div>\n","protected":false},"excerpt":{"rendered":"<p>Keemilise koorimise pH: 2.8 &#8211; 3.0<br \/> Nahat\u00fc\u00fcp: tundlik<br \/> See on orgaaniline alfa-h\u00fcdroks\u00fchape (AHA), mis l\u00f5hub adhesiooni epidermise rakkude vahel, stimuleerides koorimist ja saavutades s\u00e4rava efekti.<\/p>\n","protected":false},"featured_media":33249,"template":"","meta":{"_seopress_robots_primary_cat":"","_seopress_titles_title":"","_seopress_titles_desc":"","_seopress_robots_index":""},"item":[],"product_cat":[153],"product_tag":[],"class_list":{"0":"post-33252","1":"product","2":"type-product","3":"status-publish","4":"has-post-thumbnail","6":"product_cat-keemilised-piilingud-et","7":"pa_register_only-register_price","9":"first","10":"instock","11":"taxable","12":"shipping-taxable","13":"purchasable","14":"product-type-simple"},"_links":{"self":[{"href":"https:\/\/cutismedical.shop\/et\/wp-json\/wp\/v2\/product\/33252","targetHints":{"allow":["GET"]}}],"collection":[{"href":"https:\/\/cutismedical.shop\/et\/wp-json\/wp\/v2\/product"}],"about":[{"href":"https:\/\/cutismedical.shop\/et\/wp-json\/wp\/v2\/types\/product"}],"wp:featuredmedia":[{"embeddable":true,"href":"https:\/\/cutismedical.shop\/et\/wp-json\/wp\/v2\/media\/33249"}],"wp:attachment":[{"href":"https:\/\/cutismedical.shop\/et\/wp-json\/wp\/v2\/media?parent=33252"}],"wp:term":[{"taxonomy":"item","embeddable":true,"href":"https:\/\/cutismedical.shop\/et\/wp-json\/wp\/v2\/item?post=33252"},{"taxonomy":"product_cat","embeddable":true,"href":"https:\/\/cutismedical.shop\/et\/wp-json\/wp\/v2\/product_cat?post=33252"},{"taxonomy":"product_tag","embeddable":true,"href":"https:\/\/cutismedical.shop\/et\/wp-json\/wp\/v2\/product_tag?post=33252"}],"curies":[{"name":"wp","href":"https:\/\/api.w.org\/{rel}","templated":true}]}}