{"id":33239,"date":"2022-04-12T22:24:46","date_gmt":"2022-04-12T20:24:46","guid":{"rendered":"https:\/\/cutismedical.com\/shop\/maaratlemata\/utsukusy-piruvic-acid-60ml-prepeel-150ml-postpeel-150ml\/"},"modified":"2024-10-29T15:37:25","modified_gmt":"2024-10-29T13:37:25","slug":"utsukusy-piruvic-acid-60ml-prepeel-150ml-postpeel-150ml","status":"publish","type":"product","link":"https:\/\/cutismedical.shop\/et\/shop-es\/keemilised-piilingud-et\/utsukusy-piruvic-acid-60ml-prepeel-150ml-postpeel-150ml\/","title":{"rendered":"Utsukusy. P\u00fcruviinhape 60 ml. + Eelkoor 150 ml. + Postikoorimine 150ml."},"content":{"rendered":"<p>PEAMISED AKTIIVSED KOOSTISOSAD: <strong>p\u00fcroviinamarihape<\/strong><br \/> See on alfa-ketohape, mille toime iseloomustab k\u00f5rge lipofiilsus, mis v\u00f5imaldab sellel tungida s\u00fcgavamale ja kiiremini. V\u00e4ga madala molekulmassiga.<br \/> Omab niisutavat ja vananemisvastast toimet. J\u00f5uab dermise s\u00fcgavaimatesse kihtidesse. Ideaalne keskmistele ja s\u00fcgavatele kortsudele. Stimuleerib elastsete kiudude ja gl\u00fckoproteiinide tootmist.<\/p>\n<p><strong>Professionaalne m\u00fc\u00fcgiformaat<\/strong>: 60 ml. Sisaldab Pre Peel ja Post Peel mahtudega 150 ml.<\/p>\n<p>KASUTUSN\u00c4IDUSTUSED:<\/p>\n<div id=\"accordion1\" role=\"tablist\">\n<div class=\"card\">\n<div id=\"collapseOne1\" class=\"collapse show\" role=\"tabpanel\" aria-labelledby=\"headingOne1\" data-parent=\"#accordion1\">\n<div class=\"card-body\">\n<p>\u2022 L\u00f5tvunud nahk.<br \/> \u2022 N\u00e4o noorendamine.<br \/> \u2022 Kortsevastane toime.<br \/> \u2022 Tuim nahk.<br \/> VASTUN\u00c4IDUSTUSED:<br \/> \u2022 Tundlik nahk.<br \/> \u2022 Raske dermatiit ja kuperoosa.<\/p>\n<div id=\"headingTwo1\" class=\"card-header\" role=\"tab\">\n<p class=\"mb-0\">KOOSTIS<\/p>\n<\/p><\/div>\n<div id=\"collapseTwo1\" class=\"collapse show\" role=\"tabpanel\" aria-labelledby=\"headingTwo1\" data-parent=\"#accordion1\">\n<div class=\"card-body\">Aqua\/Water, Pyruvic Acid, Sodium Hydroxide, Phenoxyethanol, Imidazolidinyl Urea, Ethylhexylglycerin.<\/div>\n<\/p><\/div>\n<\/p><\/div>\n<\/p><\/div>\n<\/p><\/div>\n<\/p><\/div>\n<div><\/div>\n<div>\n<div id=\"headingThree1\" class=\"card-header\" role=\"tab\">\n<p class=\"mb-0\">KASUTUSJUHEND:<\/p>\n<\/p><\/div>\n<div id=\"collapseThree1\" class=\"collapse show\" role=\"tabpanel\" aria-labelledby=\"headingThree1\" data-parent=\"#accordion1\">\n<div class=\"card-body\">\n<p>Puhastatud nahale:<br \/> 1.- Kandke PRE-PEEL marliga n\u00e4ole, kaelale ja dekolteele.<br \/> 2.- Seej\u00e4rel kandke KEEMILINE KOORIMINE pintsliga ja j\u00e4tke 4\u20138 minutiks.<br \/> 3.- P\u00e4rast aja m\u00f6\u00f6dumist eemaldage liigne hape kuiva marliriidega ja kandke peale POST-PEEL.<br \/> 4.- J\u00e4tke 1\u20134 minutiks.<br \/> 5.- Loputage rohke veega.<\/p>\n<p><strong>DESINFITSEERIV LAHUS KOORIMISEKS<\/strong><br \/> Tulemused: puhastab ja desinfitseerib naha s\u00fcgavuti. Valmistab naha ette aktiveeriva emulsiooni pealekandmiseks.<br \/> Professionaalne m\u00fc\u00fcgiformaat: 150 ml.<\/p>\n<p><strong>NEUTRALISEERIV LAHUS KOORIMISEKS<\/strong><br \/> Peamised aktiivsed koostisosad: aloe ja betaiin.<br \/> Tulemused: s\u00fcgav niisutus ja rahustav toime. Taastab naha vee-lipiidide tasakaalu ja normaliseerib dermise pH.<br \/> Professionaalne m\u00fc\u00fcgiformaat: 150 ml.<\/p>\n<\/p><\/div>\n<\/p><\/div>\n<\/p><\/div>\n","protected":false},"excerpt":{"rendered":"<p>Keemilise koorimise pH: 2.8 &#8211; 3.0<br \/> Nahat\u00fc\u00fcp: normaalne.<br \/> See on orgaaniline \u00fchend, mida dermatoloogias sageli kasutatakse. Samuti on tuntud kui k\u00f5ige iseloomulikum alfa-ketohape, kuna see sisaldab funktsionaalset ketoonr\u00fchma, mis on seotud karboks\u00fc\u00fclr\u00fchmaga. Tavaliselt leidub seda fermenteeritud puuviljades, \u00e4\u00e4dikas ja \u00f5untes, samuti toodab seda meie keha ainevahetusprotsessi tulemusena.<\/p>\n","protected":false},"featured_media":33236,"template":"","meta":{"_seopress_robots_primary_cat":"","_seopress_titles_title":"","_seopress_titles_desc":"","_seopress_robots_index":""},"item":[],"product_cat":[153],"product_tag":[],"class_list":{"0":"post-33239","1":"product","2":"type-product","3":"status-publish","4":"has-post-thumbnail","6":"product_cat-keemilised-piilingud-et","7":"pa_register_only-register_price","9":"first","10":"instock","11":"taxable","12":"shipping-taxable","13":"purchasable","14":"product-type-simple"},"_links":{"self":[{"href":"https:\/\/cutismedical.shop\/et\/wp-json\/wp\/v2\/product\/33239","targetHints":{"allow":["GET"]}}],"collection":[{"href":"https:\/\/cutismedical.shop\/et\/wp-json\/wp\/v2\/product"}],"about":[{"href":"https:\/\/cutismedical.shop\/et\/wp-json\/wp\/v2\/types\/product"}],"wp:featuredmedia":[{"embeddable":true,"href":"https:\/\/cutismedical.shop\/et\/wp-json\/wp\/v2\/media\/33236"}],"wp:attachment":[{"href":"https:\/\/cutismedical.shop\/et\/wp-json\/wp\/v2\/media?parent=33239"}],"wp:term":[{"taxonomy":"item","embeddable":true,"href":"https:\/\/cutismedical.shop\/et\/wp-json\/wp\/v2\/item?post=33239"},{"taxonomy":"product_cat","embeddable":true,"href":"https:\/\/cutismedical.shop\/et\/wp-json\/wp\/v2\/product_cat?post=33239"},{"taxonomy":"product_tag","embeddable":true,"href":"https:\/\/cutismedical.shop\/et\/wp-json\/wp\/v2\/product_tag?post=33239"}],"curies":[{"name":"wp","href":"https:\/\/api.w.org\/{rel}","templated":true}]}}