{"id":33226,"date":"2022-04-12T21:58:49","date_gmt":"2022-04-12T19:58:49","guid":{"rendered":"https:\/\/cutismedical.com\/shop\/maaratlemata\/utsukusy-mandelic-acid-60ml-prepeel-150ml-postpeel-150ml\/"},"modified":"2024-10-29T15:48:27","modified_gmt":"2024-10-29T13:48:27","slug":"utsukusy-mandelic-acid-60ml-prepeel-150ml-postpeel-150ml","status":"publish","type":"product","link":"https:\/\/cutismedical.shop\/et\/shop-es\/keemilised-piilingud-et\/utsukusy-mandelic-acid-60ml-prepeel-150ml-postpeel-150ml\/","title":{"rendered":"Utsukusy. Mandelishape 60ml.+ Valmistage 150ml. + Koorimisj\u00e4rgne 150ml."},"content":{"rendered":"<p>PEAMISED AKTIIVSED KOOSTISOSAD: <strong>mandelhape<\/strong><\/p>\n<p>See kuulub alfa-h\u00fcdroks\u00fchapete (AHA) r\u00fchma, omab suurt molekulmassiga, mis v\u00f5imaldab sellel tungida epidermisse palju aeglasemalt kui teised happed, seega ei \u00e4rrita ega p\u00f5leta nahka. Ohutu kasutamiseks tundlikumates piirkondades, nagu silmakontuur, kael v\u00f5i muud kehapiirkonnad p\u00e4ikeselaikude raviks. Saadud m\u00f5ru mandlist.<\/p>\n<div id=\"headingOne1\" class=\"card-header\" role=\"tab\">\n<p class=\"mb-0\">KASUTUSN\u00c4IDUSTUSED:<\/p>\n<\/p><\/div>\n<div id=\"collapseOne1\" class=\"collapse show\" role=\"tabpanel\" aria-labelledby=\"headingOne1\" data-parent=\"#accordion1\">\n<div class=\"card-body\">\n<p>\u2022 Rasune nahk ja laienenud poorid.<br \/> \u2022 Pigmentatsioonih\u00e4ired: melasma, postp\u00f5letikuline h\u00fcperpigmentatsioon, tedret\u00e4hnid.<br \/> \u2022 Kooriv ja uuendav toime.<br \/> \u2022 Akne ja aknearmid.<br \/> \u2022 P\u00e4ikese poolt kahjustatud nahk.<br \/> <em>VASTUN\u00c4IDUSTUSED:<br \/> \u2022 Allergia mandlite suhtes.<br \/> \u2022 Raske dermatiit ja kuperoosa.<\/em><\/p>\n<div id=\"headingTwo1\" class=\"card-header\" role=\"tab\">\n<p class=\"mb-0\">KOOSTIS<\/p>\n<\/p><\/div>\n<div id=\"collapseTwo1\" class=\"collapse show\" role=\"tabpanel\" aria-labelledby=\"headingTwo1\" data-parent=\"#accordion1\">\n<div class=\"card-body\">Alcohol Denat., Mandelic Acid, Aqua\/Water, Triethanolamine.<\/div>\n<\/p><\/div>\n<\/p><\/div>\n<\/p><\/div>\n<div><\/div>\n<div><span style=\"color: #555555;\">KASUTUSJUHEND:<\/span><\/div>\n<div>\n<div id=\"collapseThree1\" class=\"collapse show\" role=\"tabpanel\" aria-labelledby=\"headingThree1\" data-parent=\"#accordion1\">\n<div class=\"card-body\">\n<p>Puhastatud nahale:<br \/> 1.- Kandke PRE-PEEL marliga n\u00e4ole, kaelale ja dekolteele.<br \/> 2.- Seej\u00e4rel kandke KEEMILINE KOORIMINE pintsliga ja j\u00e4tke 4\u20138 minutiks.<br \/> 3.- P\u00e4rast aja m\u00f6\u00f6dumist eemaldage liigne hape kuiva marliriidega ja kandke peale POST-PEEL.<br \/> 4.- J\u00e4tke 1\u20134 minutiks.<br \/> 5.- Loputage rohke veega.<\/p>\n<p><strong>DESINFITSEERIV LAHUS KOORIMISEKS<\/strong><br \/> Tulemused: puhastab ja desinfitseerib naha s\u00fcgavuti. Valmistab naha ette aktiveeriva emulsiooni pealekandmiseks.<br \/> Professionaalne m\u00fc\u00fcgiformaat: 150 ml.<\/p>\n<p><strong>NEUTRALISEERIV LAHUS KOORIMISEKS<\/strong><br \/> Peamised aktiivsed koostisosad: aloe ja betaiin.<br \/> Tulemused: s\u00fcgav niisutus ja rahustav toime. Taastab naha vee-lipiidide tasakaalu ja normaliseerib dermise pH.<br \/> Professionaalne m\u00fc\u00fcgiformaat: 150 ml.<\/p>\n<\/p><\/div>\n<\/p><\/div>\n<\/p><\/div>\n<div><\/div>\n","protected":false},"excerpt":{"rendered":"<p>Keemilise koorimise pH: 2.8 &#8211; 3.0<br \/> Nahat\u00fc\u00fcp: rasune ja\/v\u00f5i aknele kalduv.<br \/> See kuulub alfa-h\u00fcdroks\u00fchapete (AHA) r\u00fchma, omab suurt molekulmassiga, mis v\u00f5imaldab sellel tungida epidermisse palju aeglasemalt kui teised happed, seega ei \u00e4rrita ega p\u00f5leta nahka.<\/p>\n","protected":false},"featured_media":33222,"template":"","meta":{"_seopress_robots_primary_cat":"","_seopress_titles_title":"","_seopress_titles_desc":"","_seopress_robots_index":""},"item":[],"product_cat":[153],"product_tag":[],"class_list":{"0":"post-33226","1":"product","2":"type-product","3":"status-publish","4":"has-post-thumbnail","6":"product_cat-keemilised-piilingud-et","7":"pa_register_only-register_price","9":"first","10":"instock","11":"taxable","12":"shipping-taxable","13":"purchasable","14":"product-type-simple"},"_links":{"self":[{"href":"https:\/\/cutismedical.shop\/et\/wp-json\/wp\/v2\/product\/33226","targetHints":{"allow":["GET"]}}],"collection":[{"href":"https:\/\/cutismedical.shop\/et\/wp-json\/wp\/v2\/product"}],"about":[{"href":"https:\/\/cutismedical.shop\/et\/wp-json\/wp\/v2\/types\/product"}],"wp:featuredmedia":[{"embeddable":true,"href":"https:\/\/cutismedical.shop\/et\/wp-json\/wp\/v2\/media\/33222"}],"wp:attachment":[{"href":"https:\/\/cutismedical.shop\/et\/wp-json\/wp\/v2\/media?parent=33226"}],"wp:term":[{"taxonomy":"item","embeddable":true,"href":"https:\/\/cutismedical.shop\/et\/wp-json\/wp\/v2\/item?post=33226"},{"taxonomy":"product_cat","embeddable":true,"href":"https:\/\/cutismedical.shop\/et\/wp-json\/wp\/v2\/product_cat?post=33226"},{"taxonomy":"product_tag","embeddable":true,"href":"https:\/\/cutismedical.shop\/et\/wp-json\/wp\/v2\/product_tag?post=33226"}],"curies":[{"name":"wp","href":"https:\/\/api.w.org\/{rel}","templated":true}]}}