{"id":33179,"date":"2022-04-12T15:02:19","date_gmt":"2022-04-12T13:02:20","guid":{"rendered":"https:\/\/cutismedical.com\/?post_type=product&#038;p=33179"},"modified":"2024-10-29T16:06:25","modified_gmt":"2024-10-29T14:06:25","slug":"utsukusy-basic-line-cleansing-milk-500ml","status":"publish","type":"product","link":"https:\/\/cutismedical.shop\/et\/shop-es\/nahahooldus\/naopuhastus-et-prof\/utsukusy-basic-line-cleansing-milk-500ml\/","title":{"rendered":"Utsukusy. Basic Line puhastuspiim 500ml."},"content":{"rendered":"<p><b>PEAMISED AKTIIVSED KOOSTISOSAD:<\/b><\/p>\n<p>Magusad mandlid: pehmendav, rahustav, niisutav ja p\u00f5letikuvastane aine.<\/p>\n<p>Aloe vera: oluline rakke regeneratiivne, tervendav ja toniseeriv aine, millel on k\u00f5rge naha tungimise v\u00f5ime; regulaarne kasutamine ennetab enneaegseid kortse ja aeglustab vananemist. See v\u00e4hendab avatud pooride suurust ja seda saab kasutada meigi all.<\/p>\n<p><b>KASUTUSJUHEND:<\/b><\/p>\n<p>P\u00e4rast micellar vett kandke puhastuspiim nahale, kaelale ja dekolteele ringjate liigutustega meigi eemaldamiseks, p\u00f6\u00f6rates t\u00e4helepanu k\u00f5ige poorsematele aladele. Eemaldage rohke veega.<\/p>\n<p><b>KOOSTIS:<\/b> AQUA (VESI), PRUNUS AMYGDALUS DULCIS (MAGUS MANDLI) \u00d5LI, ALOE BARBADENSIS LEAF EXTRACT (ALOE BARBADENSIS LEHEM\u00d5JU), C12-20 HAPPE PEG-8 ESTER, CETEARYL ETHYLHEXANOATE, GL\u00dcKEROOL, KARBOOMER, TRIETANOLAMIIN, BHT, TROPOLONE, IMIDAZOLIDIN\u00dc\u00dcL UREAA, KAPRYLI GL\u00dcKOL, 1,2-HEKSAANDIOL, PARF\u00dc\u00dcM (AROOMA), ALFA-ISOMET\u00dc\u00dcL IONON, LIMONEEN, GERANIOL, LINAALOOL, HEKS\u00dcL CINNAMAL, CITRONELLOL, BUT\u00dc\u00dcLFEN\u00dc\u00dcL, MET\u00dc\u00dcLPROPIONAAL, BENS\u00dc\u00dcL SALITS\u00dc\u00dcLAAT<\/p>\n<p>Ilma GMO-deta<br \/> Ilma BSE-deta<br \/> Ilma parabeenideta<\/p>\n","protected":false},"excerpt":{"rendered":"<p>P\u00f5hitoode, mis on m\u00f5eldud n\u00e4onaha puhastamiseks ja mustuse eemaldamiseks. See v\u00f5ib olla meik, liigse sebumi ja surnud naharakkude eemaldamine. Nii lihtne nagu n\u00e4o puhastamine on esimene samm naha kvaliteedi parandamiseks. See t\u00f6\u00f6tab epidermise tasemel, omades madalat molekulaarset kaalu, sileda, v\u00e4rske ja meeldiva tekstuuriga. See piim ei sisalda l\u00f5hnaaineid ega eeterlikke \u00f5lisid, mis teeb selle ideaalne esteetilise meditsiini protseduuride jaoks, kuna naha tasakaalu ei muudeta.<\/p>\n","protected":false},"featured_media":33186,"template":"","meta":{"_seopress_robots_primary_cat":"","_seopress_titles_title":"","_seopress_titles_desc":"","_seopress_robots_index":""},"item":[],"product_cat":[1813,195,1910,1913],"product_tag":[],"class_list":{"0":"post-33179","1":"product","2":"type-product","3":"status-publish","4":"has-post-thumbnail","6":"product_cat-otstarve","7":"product_cat-naopuhastus-et","8":"product_cat-nahahooldus","9":"product_cat-naopuhastus-et-prof","10":"pa_register_only-register_price","11":"pa_register_only-new_regular_price","13":"first","14":"instock","15":"taxable","16":"shipping-taxable","17":"purchasable","18":"product-type-simple"},"_links":{"self":[{"href":"https:\/\/cutismedical.shop\/et\/wp-json\/wp\/v2\/product\/33179","targetHints":{"allow":["GET"]}}],"collection":[{"href":"https:\/\/cutismedical.shop\/et\/wp-json\/wp\/v2\/product"}],"about":[{"href":"https:\/\/cutismedical.shop\/et\/wp-json\/wp\/v2\/types\/product"}],"wp:featuredmedia":[{"embeddable":true,"href":"https:\/\/cutismedical.shop\/et\/wp-json\/wp\/v2\/media\/33186"}],"wp:attachment":[{"href":"https:\/\/cutismedical.shop\/et\/wp-json\/wp\/v2\/media?parent=33179"}],"wp:term":[{"taxonomy":"item","embeddable":true,"href":"https:\/\/cutismedical.shop\/et\/wp-json\/wp\/v2\/item?post=33179"},{"taxonomy":"product_cat","embeddable":true,"href":"https:\/\/cutismedical.shop\/et\/wp-json\/wp\/v2\/product_cat?post=33179"},{"taxonomy":"product_tag","embeddable":true,"href":"https:\/\/cutismedical.shop\/et\/wp-json\/wp\/v2\/product_tag?post=33179"}],"curies":[{"name":"wp","href":"https:\/\/api.w.org\/{rel}","templated":true}]}}