{"id":33106,"date":"2022-04-11T22:38:54","date_gmt":"2022-04-11T20:38:54","guid":{"rendered":"https:\/\/cutismedical.com\/shop\/maaratlemata\/utsukusy-basic-line-scrub-200ml\/"},"modified":"2024-10-29T17:12:48","modified_gmt":"2024-10-29T15:12:48","slug":"utsukusy-basic-line-scrub-200ml","status":"publish","type":"product","link":"https:\/\/cutismedical.shop\/et\/shop-es\/nahahooldus\/kehakoorijad-koorijad\/utsukusy-basic-line-scrub-200ml\/","title":{"rendered":"Utsukusy. Basic Line Scrub 200ml."},"content":{"rendered":"<p><b>PEAMISED AKTIIVKOOSTISOSAD:<\/b><\/p>\n<p>Aprikoosikivi pulber: sisaldab B17-vitamiini, mida tuntakse ka para-aminobensoehappena v\u00f5i laetriilina, millel on antioks\u00fcdantsed omadused.<br \/> Aitab ravida mitmesuguseid seotud probleeme, nagu seborroiline dermatiit ja l\u00f6\u00f6ve.<br \/> Mandli\u00f5li: pehmendav, rahustav, niisutav ja p\u00f5letikuvastane toime.<br \/> Aloe vera: oluline rakutegeneratsioon, tervendav ja tooniseeriv toime, k\u00f5rge naha l\u00e4bitungimisv\u00f5imega. Regulaarne kasutamine ennetab enneaegsete kortsude teket ja aeglustab vananemist. V\u00e4hendab avatud pooride suurust ja v\u00f5ib kasutada ka meigi all.<\/p>\n<p><b>KASUTUSJUHEND:<\/b><\/p>\n<p>Kanda p\u00e4rast puhastuspiima ja mitsellaarvee kasutamist. Teha ringikujulisi massaa\u017eiliigutusi n\u00e4ol, kaelal ja dekolteel. See parandab j\u00e4rgnevalt kasutatavate bioloogiliste toodete efektiivsust.<\/p>\n<p>Maht: 200 ml<\/p>\n<p><b>KOOSTIS:<\/b> AQUA (VESI), ALCOHOL DENAT., PEG-7 GLYCERYL COCOATE, PROP\u00dcLEENGL\u00dcKOOL, PRUNUS ARMENIACA (APRIKOOSISEEMNE PULBER), KARBOMER, PEG-40 H\u00dcDROGEENITUD KASTOOR\u00d5LI, TRIETANOOLAMIIN, NAATRIUMKLORIIDI, TROPOLON, IMIDASOLIDIIN\u00dc\u00dcL UUREA, KAPRIILGL\u00dcKOL, 1,2-HEKSAANDIOL, PARF\u00dc\u00dcM, CI 16255, CI 19140<\/p>\n<p>GMO vaba<br \/> BSE vaba<br \/> Parabeenivaba<\/p>\n","protected":false},"excerpt":{"rendered":"<p><b>Koorija:<\/b><\/p>\n<p>T\u00f5hus koorija, mis ennetab enneaegseid kortse ja aeglustab vananemist. V\u00e4hendab avatud pooride suurust.<\/p>\n","protected":false},"featured_media":33102,"template":"","meta":{"_seopress_robots_primary_cat":"","_seopress_titles_title":"","_seopress_titles_desc":"","_seopress_robots_index":""},"item":[],"product_cat":[1813,1844,1910,1916,1849,1851,1852,1853,1854,1857,1858,1859],"product_tag":[1882,1903,1900,1897,1879],"class_list":{"0":"post-33106","1":"product","2":"type-product","3":"status-publish","4":"has-post-thumbnail","6":"product_cat-otstarve","7":"product_cat-koorijad-kehakoorijad","8":"product_cat-nahahooldus","9":"product_cat-kehakoorijad-koorijad","10":"product_cat-nahahooldus-nahatuubi-jargi","11":"product_cat-rasune-ja-probleemne-nahk","12":"product_cat-kuiv-veetustunud-nahk","13":"product_cat-kortsud","14":"product_cat-tundlik-nahk","15":"product_cat-pigmendilaigud","16":"product_cat-lotvunud-nahk","17":"product_cat-laienenud-poorid-ja-mustpead","18":"product_tag-kuiv-veetustunud-nahk","19":"product_tag-laienenud-poorid-ja-mustpead","20":"product_tag-lotvunud-nahk","21":"product_tag-pigmendilaigud","22":"product_tag-rasune-ja-probleemne-nahk","23":"pa_register_only-register_price","24":"pa_register_only-new_regular_price","26":"first","27":"instock","28":"taxable","29":"shipping-taxable","30":"purchasable","31":"product-type-simple"},"_links":{"self":[{"href":"https:\/\/cutismedical.shop\/et\/wp-json\/wp\/v2\/product\/33106","targetHints":{"allow":["GET"]}}],"collection":[{"href":"https:\/\/cutismedical.shop\/et\/wp-json\/wp\/v2\/product"}],"about":[{"href":"https:\/\/cutismedical.shop\/et\/wp-json\/wp\/v2\/types\/product"}],"wp:featuredmedia":[{"embeddable":true,"href":"https:\/\/cutismedical.shop\/et\/wp-json\/wp\/v2\/media\/33102"}],"wp:attachment":[{"href":"https:\/\/cutismedical.shop\/et\/wp-json\/wp\/v2\/media?parent=33106"}],"wp:term":[{"taxonomy":"item","embeddable":true,"href":"https:\/\/cutismedical.shop\/et\/wp-json\/wp\/v2\/item?post=33106"},{"taxonomy":"product_cat","embeddable":true,"href":"https:\/\/cutismedical.shop\/et\/wp-json\/wp\/v2\/product_cat?post=33106"},{"taxonomy":"product_tag","embeddable":true,"href":"https:\/\/cutismedical.shop\/et\/wp-json\/wp\/v2\/product_tag?post=33106"}],"curies":[{"name":"wp","href":"https:\/\/api.w.org\/{rel}","templated":true}]}}