{"id":32834,"date":"2022-04-05T12:27:14","date_gmt":"2022-04-05T10:27:14","guid":{"rendered":"https:\/\/cutismedical.com\/shop\/maaratlemata\/uteki-lotion-100ml\/"},"modified":"2024-10-29T18:08:12","modified_gmt":"2024-10-29T16:08:12","slug":"uteki-lotion-100ml","status":"publish","type":"product","link":"https:\/\/cutismedical.shop\/et\/shop-es\/nahahooldus\/kreem-et-prof\/uteki-lotion-100ml\/","title":{"rendered":"Uteki. Lotion 100ml."},"content":{"rendered":"<p><strong>KIRJELDUS<\/strong><br \/>\nUTEKI Lotion\u2019i koostis on k\u00f5rge afiinsusega naha suhtes, pakkudes lisaks niisutavatele omadustele ka v\u00f5imet hoida niiskust epidermise s\u00fcgavamates kihtides. Pol\u00fcsahhariidide ja lahustuva kollageeni segu abil valmistab UTEKI Lotion naha ette j\u00e4rgmisteks hooldusetappideks (UTEKI seerum ja\/v\u00f5i UTEKI emulsioon).<\/p>\n<p><strong>KASUTAMINE<\/strong><br \/>\nP\u00e4rast n\u00e4o pesemist UTEKI puhastusvahendiga kandke paar tilka UTEKI Lotion\u2019it peopesadesse ja patsutage seej\u00e4rel kergelt n\u00e4ole. Lase tootel imenduda enne teiste hooldustoodete kasutamist. Mitte h\u00f5\u00f5ruda sisse. Kasutage UTEKI Lotion\u2019it \u00fcks v\u00f5i kaks korda p\u00e4evas p\u00e4rast UTEKI puhastusvahendit.<\/p>\n<p><strong>KASULIKKUS<\/strong><br \/>\nUTEKI Lotion on ainulaadne toode, mis \u00fchendab kerge niisutava losjooni ja n\u00f5rga kontsentratsiooniga seerumi omadused. Noor nahk saab UTEKI Lotion\u2019it kasutada ka kui monotoodet, mis v\u00f5ib asendada j\u00e4rgmise hooldusetapi (niisutaja).<br \/>\nL\u00f5hnavaba \/ V\u00e4rvainetevaba<br \/>\nParabeenivaba \/ Alkoholivaba<\/p>\n<p>&nbsp;<\/p>\n","protected":false},"excerpt":{"rendered":"<p>Aitab s\u00e4ilitada niiskust nahas, j\u00e4ttes selle v\u00e4rskeks ja niisutatuks. Ideaalne naha ettevalmistamiseks j\u00e4rgnevateks hooldusetappideks. UTEKI Lotion\u2019il on v\u00e4ga kerge tekstuur, mis toimib h\u00e4sti kui n\u00f5rga kontsentratsiooniga seerum.<\/p>\n","protected":false},"featured_media":32829,"template":"","meta":{"_seopress_robots_primary_cat":"","_seopress_titles_title":"","_seopress_titles_desc":"","_seopress_robots_index":""},"item":[2122],"product_cat":[1813,151,363,1910,1928,1931],"product_tag":[],"class_list":{"0":"post-32834","1":"product","2":"type-product","3":"status-publish","4":"has-post-thumbnail","6":"item-uteki-et","7":"product_cat-otstarve","8":"product_cat-kreem-et","9":"product_cat-seerum-et","10":"product_cat-nahahooldus","11":"product_cat-kreem-et-prof","12":"product_cat-seerum-et-prof","13":"pa_register_only-register_price","14":"pa_register_only-new_regular_price","16":"first","17":"instock","18":"taxable","19":"shipping-taxable","20":"purchasable","21":"product-type-simple"},"_links":{"self":[{"href":"https:\/\/cutismedical.shop\/et\/wp-json\/wp\/v2\/product\/32834","targetHints":{"allow":["GET"]}}],"collection":[{"href":"https:\/\/cutismedical.shop\/et\/wp-json\/wp\/v2\/product"}],"about":[{"href":"https:\/\/cutismedical.shop\/et\/wp-json\/wp\/v2\/types\/product"}],"wp:featuredmedia":[{"embeddable":true,"href":"https:\/\/cutismedical.shop\/et\/wp-json\/wp\/v2\/media\/32829"}],"wp:attachment":[{"href":"https:\/\/cutismedical.shop\/et\/wp-json\/wp\/v2\/media?parent=32834"}],"wp:term":[{"taxonomy":"item","embeddable":true,"href":"https:\/\/cutismedical.shop\/et\/wp-json\/wp\/v2\/item?post=32834"},{"taxonomy":"product_cat","embeddable":true,"href":"https:\/\/cutismedical.shop\/et\/wp-json\/wp\/v2\/product_cat?post=32834"},{"taxonomy":"product_tag","embeddable":true,"href":"https:\/\/cutismedical.shop\/et\/wp-json\/wp\/v2\/product_tag?post=32834"}],"curies":[{"name":"wp","href":"https:\/\/api.w.org\/{rel}","templated":true}]}}