{"id":32816,"date":"2022-04-04T14:24:15","date_gmt":"2022-04-04T12:24:15","guid":{"rendered":"https:\/\/cutismedical.com\/shop\/maaratlemata\/uteki-cleanser-face-eyes-100ml\/"},"modified":"2024-10-29T19:04:44","modified_gmt":"2024-10-29T17:04:44","slug":"uteki-cleanser-face-eyes-100ml","status":"publish","type":"product","link":"https:\/\/cutismedical.shop\/et\/shop-es\/nahahooldus\/naopuhastus-et-prof\/uteki-cleanser-face-eyes-100ml\/","title":{"rendered":"Uteki. Puhastusvahend Face &#038; Eyes 100ml."},"content":{"rendered":"<p><strong>KIRJELDUS<\/strong><\/p>\n<p>UTEKI puhastusvahend lahustab t\u00f5husalt nahale kogunevaid lisandeid, mis v\u00f5ivad tuleneda meigikasutusest, surnud naharakkudest, liigse rasu ja muudest keskkonna saasteainetest, eriti linnakeskkonnas. T\u00e4nu unikaalsele koostisele aitab see ka nahka muuta siledamaks. Ei tekita kuivust, vastupidi \u2013 tagab naha pehmuse ja kohese mugavustunde, eemaldamata niiskust.<\/p>\n<p><strong>KASUTUSJUHEND<\/strong><\/p>\n<ol>\n<li>Kandke v\u00e4ike kogus UTEKI puhastusvahendit kuivade k\u00e4tega nahale.<\/li>\n<li>Eemaldage \u00f5rnalt meik ja k\u00f5ik teised lisandid silmalaugude ja huulte piirkonnast.<\/li>\n<li>Masseerige n\u00e4gu, kaela ja dekolteed kergete ringjate liigutustega s\u00f5rmeotstega.<\/li>\n<li>Niisutage s\u00f5rmeotsad veega ja j\u00e4tkake masseerimist m\u00e4rgade k\u00e4tega.<\/li>\n<li>Loputage hoolikalt leige veega. Parima tulemuse saavutamiseks soovitame kasutada sooja niisket lappi, et kindlustada, et nahale ei j\u00e4\u00e4ks puhastusvahendi j\u00e4\u00e4ke.<\/li>\n<\/ol>\n<p>Kasutage UTEKI puhastusvahendit igal hommikul ja\/v\u00f5i \u00f5htul.<\/p>\n<p>&nbsp;<\/p>\n","protected":false},"excerpt":{"rendered":"<p>T\u00f5hus ja \u00f5rn meigieemaldusvahend ning s\u00fcgavpuhastaja. Sobib n\u00e4ole, silmadele, huultele, kaelale ja dekolteele. Ideaalne algus naha detoksifikatsioonirituaalile, mis j\u00e4tab naha pehmeks ja v\u00e4rskeks.<\/p>\n","protected":false},"featured_media":32800,"template":"","meta":{"_seopress_robots_primary_cat":"","_seopress_titles_title":"","_seopress_titles_desc":"","_seopress_robots_index":""},"item":[2122],"product_cat":[1813,195,1910,1913],"product_tag":[],"class_list":{"0":"post-32816","1":"product","2":"type-product","3":"status-publish","4":"has-post-thumbnail","6":"item-uteki-et","7":"product_cat-otstarve","8":"product_cat-naopuhastus-et","9":"product_cat-nahahooldus","10":"product_cat-naopuhastus-et-prof","11":"pa_register_only-register_price","12":"pa_register_only-new_regular_price","14":"first","15":"instock","16":"taxable","17":"shipping-taxable","18":"purchasable","19":"product-type-simple"},"_links":{"self":[{"href":"https:\/\/cutismedical.shop\/et\/wp-json\/wp\/v2\/product\/32816","targetHints":{"allow":["GET"]}}],"collection":[{"href":"https:\/\/cutismedical.shop\/et\/wp-json\/wp\/v2\/product"}],"about":[{"href":"https:\/\/cutismedical.shop\/et\/wp-json\/wp\/v2\/types\/product"}],"wp:featuredmedia":[{"embeddable":true,"href":"https:\/\/cutismedical.shop\/et\/wp-json\/wp\/v2\/media\/32800"}],"wp:attachment":[{"href":"https:\/\/cutismedical.shop\/et\/wp-json\/wp\/v2\/media?parent=32816"}],"wp:term":[{"taxonomy":"item","embeddable":true,"href":"https:\/\/cutismedical.shop\/et\/wp-json\/wp\/v2\/item?post=32816"},{"taxonomy":"product_cat","embeddable":true,"href":"https:\/\/cutismedical.shop\/et\/wp-json\/wp\/v2\/product_cat?post=32816"},{"taxonomy":"product_tag","embeddable":true,"href":"https:\/\/cutismedical.shop\/et\/wp-json\/wp\/v2\/product_tag?post=32816"}],"curies":[{"name":"wp","href":"https:\/\/api.w.org\/{rel}","templated":true}]}}