{"id":32725,"date":"2022-03-30T23:48:15","date_gmt":"2022-03-30T21:48:15","guid":{"rendered":"https:\/\/cutismedical.com\/shop\/maaratlemata\/pluryal-booster-1-1ml\/"},"modified":"2024-12-25T14:48:11","modified_gmt":"2024-12-25T12:48:11","slug":"pluryal-booster-1-1ml","status":"publish","type":"product","link":"https:\/\/cutismedical.shop\/et\/shop-es\/mesoteraapia-et\/nagu-et\/pluryal-booster-1-1ml\/","title":{"rendered":"Pluryal. Booster (1*1ml)"},"content":{"rendered":"<p><strong>Pakend sisaldab:<\/strong><\/p>\n<ul>\n<li>1 x 1 ml s\u00fcstal<\/li>\n<\/ul>\n<p><strong>Toote koostis:<\/strong><\/p>\n<ul>\n<li>18 mg\/ml naatriumh\u00fcaluronaati<\/li>\n<li>20 mg\/ml gl\u00fctseriini<\/li>\n<\/ul>\n<p><strong>Pluryal\u00ae Booster\u2019i eelised:<\/strong><\/p>\n<ul>\n<li>Peente joonte ravi<\/li>\n<li>Suurte pooride k\u00f5rvaldamine ja akne v\u00e4hendamine<\/li>\n<li>Naha niisutuse parandamine<\/li>\n<li>Kasutusalad: n\u00e4gu, kael, dekoltee ja k\u00e4ed<\/li>\n<\/ul>\n<p><strong>Kestvus:<\/strong><\/p>\n<p>\u00dcldiselt v\u00f5ib tulemus p\u00fcsida 4\u20136 kuud. Seej\u00e4rel saab tulemust s\u00e4ilitada, l\u00e4bides korduvkuuri. Tulemuse kestus s\u00f5ltub ka individuaalsetest elustiiliteguritest.<\/p>\n","protected":false},"excerpt":{"rendered":"<p>Pluryal<strong>\u00ae<\/strong> Booster on antioks\u00fcdantidega nahabooster, mis t\u00f6\u00f6tab mitmel viisil, et v\u00e4hendada peeneid jooni ja kortse. Kasutage Pluryal<strong>\u00ae<\/strong> Booster\u2019it, et taastada pindmise dermise niisutus, tihedus ja s\u00e4ra. Samuti v\u00e4hendab suuri poore ja aknet.<\/p>\n","protected":false},"featured_media":32723,"template":"","meta":{"_seopress_robots_primary_cat":"none","_seopress_titles_title":"","_seopress_titles_desc":"","_seopress_robots_index":""},"item":[1501],"product_cat":[155,1188,1864,1866],"product_tag":[],"class_list":{"0":"post-32725","1":"product","2":"type-product","3":"status-publish","4":"has-post-thumbnail","6":"item-pluryal-et","7":"product_cat-mesoteraapia-et","8":"product_cat-nagu-et","9":"product_cat-antioksudandid","10":"product_cat-liftingu-efekt-pinguldav-toime","12":"first","13":"instock","14":"taxable","15":"shipping-taxable","16":"purchasable","17":"product-type-simple"},"_links":{"self":[{"href":"https:\/\/cutismedical.shop\/et\/wp-json\/wp\/v2\/product\/32725","targetHints":{"allow":["GET"]}}],"collection":[{"href":"https:\/\/cutismedical.shop\/et\/wp-json\/wp\/v2\/product"}],"about":[{"href":"https:\/\/cutismedical.shop\/et\/wp-json\/wp\/v2\/types\/product"}],"wp:featuredmedia":[{"embeddable":true,"href":"https:\/\/cutismedical.shop\/et\/wp-json\/wp\/v2\/media\/32723"}],"wp:attachment":[{"href":"https:\/\/cutismedical.shop\/et\/wp-json\/wp\/v2\/media?parent=32725"}],"wp:term":[{"taxonomy":"item","embeddable":true,"href":"https:\/\/cutismedical.shop\/et\/wp-json\/wp\/v2\/item?post=32725"},{"taxonomy":"product_cat","embeddable":true,"href":"https:\/\/cutismedical.shop\/et\/wp-json\/wp\/v2\/product_cat?post=32725"},{"taxonomy":"product_tag","embeddable":true,"href":"https:\/\/cutismedical.shop\/et\/wp-json\/wp\/v2\/product_tag?post=32725"}],"curies":[{"name":"wp","href":"https:\/\/api.w.org\/{rel}","templated":true}]}}