{"id":32714,"date":"2022-03-30T23:26:42","date_gmt":"2022-03-30T21:26:42","guid":{"rendered":"https:\/\/cutismedical.com\/shop\/maaratlemata\/pluryal-biosculpture-2-1-1ml-pdrn-polynucleotides\/"},"modified":"2024-10-29T19:24:22","modified_gmt":"2024-10-29T17:24:22","slug":"pluryal-biosculpture-2-1-1ml-pdrn-polynucleotides","status":"publish","type":"product","link":"https:\/\/cutismedical.shop\/et\/shop-es\/mesoteraapia-et\/pluryal-biosculpture-2-1-1ml-pdrn-polynucleotides\/","title":{"rendered":"Pluryal. Biosculpture (2*1.1ml)"},"content":{"rendered":"<p>Pluryal Biosculpture asub nahaboosteri ja t\u00e4iteaine vahepeal t\u00e4nu oma kahekordsele efektile \u2014 naha t\u00e4itmisele ja niisutamisele. See sobib ideaalselt kortsude ja naha l\u00f5tvuse raviks, n\u00e4o mahu taastamiseks ja niisutamiseks. Unikaalne toode kuulub Pluryal Densifiers&#8217;i ja p\u00f5hineb puhtal kergelt ristseotud h\u00fcaluroonhappel. See on v\u00e4lja t\u00f6\u00f6tatud Matricyal 3D tehnoloogia abil, pakkudes kolme erinevat molekulmassi k\u00f5rgelt puhastatud h\u00fcaluroonhapet: 1 miljon Da, 2 miljonit Da ja natiivne h\u00fcaluroonhape.<\/p>\n<p>Ideaalne valem v\u00f5imaldab Pluryal Biosculpture&#8217;il stimuleerida kollageeni tootmist ja toetada naha loomulikku v\u00f5imet end ise taastada, m\u00f5jutades fibroblaste ja t\u00fcvirakkude aktiivsust. P\u00e4rast Pluryal Biosculpture&#8217;i s\u00fcstimist aitab toode aja jooksul kollageeni luua, muutes naha pinguldatumaks ja nooruslikumaks.<\/p>\n<p><strong>Pakend sisaldab:<\/strong><\/p>\n<ul>\n<li>2 s\u00fcstalt mahuga 1,1 ml<\/li>\n<\/ul>\n<p><strong>P\u00f5hikoostisosad:<\/strong><\/p>\n<ul>\n<li>Ristseotud h\u00fcaluroonhape 25 mg\/ml<\/li>\n<\/ul>\n<p><strong>Pluryal Biosculpture&#8217;i eelised:<\/strong><\/p>\n<ul>\n<li>Stimuleerib kollageeni tootmist<\/li>\n<li>Niisutab nahka<\/li>\n<li>Taastab ja loob vol\u00fc\u00fcmi<\/li>\n<li>Suurep\u00e4rane alternatiiv Profhilo H+L-le<\/li>\n<li>V\u00e4lja t\u00f6\u00f6tatud Matricyal 3D tehnoloogia abil<\/li>\n<li>P\u00f5hineb kolmel erineval HA molekulmassi tasemel<\/li>\n<\/ul>\n","protected":false},"excerpt":{"rendered":"<p>Pluryal Biosculpture on uus innovatiivne toode, mis on loodud mahu taastamiseks ja loomiseks, naha niisutamiseks ning kollageeni tootmise stimuleerimiseks.<\/p>\n","protected":false},"featured_media":32712,"template":"","meta":{"_seopress_robots_primary_cat":"","_seopress_titles_title":"","_seopress_titles_desc":"","_seopress_robots_index":""},"item":[1501],"product_cat":[155],"product_tag":[],"class_list":{"0":"post-32714","1":"product","2":"type-product","3":"status-publish","4":"has-post-thumbnail","6":"item-pluryal-et","7":"product_cat-mesoteraapia-et","9":"first","10":"instock","11":"taxable","12":"shipping-taxable","13":"purchasable","14":"product-type-simple"},"_links":{"self":[{"href":"https:\/\/cutismedical.shop\/et\/wp-json\/wp\/v2\/product\/32714","targetHints":{"allow":["GET"]}}],"collection":[{"href":"https:\/\/cutismedical.shop\/et\/wp-json\/wp\/v2\/product"}],"about":[{"href":"https:\/\/cutismedical.shop\/et\/wp-json\/wp\/v2\/types\/product"}],"wp:featuredmedia":[{"embeddable":true,"href":"https:\/\/cutismedical.shop\/et\/wp-json\/wp\/v2\/media\/32712"}],"wp:attachment":[{"href":"https:\/\/cutismedical.shop\/et\/wp-json\/wp\/v2\/media?parent=32714"}],"wp:term":[{"taxonomy":"item","embeddable":true,"href":"https:\/\/cutismedical.shop\/et\/wp-json\/wp\/v2\/item?post=32714"},{"taxonomy":"product_cat","embeddable":true,"href":"https:\/\/cutismedical.shop\/et\/wp-json\/wp\/v2\/product_cat?post=32714"},{"taxonomy":"product_tag","embeddable":true,"href":"https:\/\/cutismedical.shop\/et\/wp-json\/wp\/v2\/product_tag?post=32714"}],"curies":[{"name":"wp","href":"https:\/\/api.w.org\/{rel}","templated":true}]}}