{"id":32456,"date":"2022-03-18T17:30:19","date_gmt":"2022-03-18T15:30:19","guid":{"rendered":"https:\/\/cutismedical.com\/shop\/maaratlemata\/oda-active-cleanser-with-amber-acid-200ml\/"},"modified":"2024-10-29T21:26:19","modified_gmt":"2024-10-29T19:26:19","slug":"oda-active-cleanser-with-amber-acid-200ml","status":"publish","type":"product","link":"https:\/\/cutismedical.shop\/et\/shop-es\/keemilised-piilingud-et\/oda-active-cleanser-with-amber-acid-200ml\/","title":{"rendered":"ODA. ACTIVE PUHASTUSVAHEND merevaiguhappega 200ml."},"content":{"rendered":"<p style=\"text-align: left;\"><strong>KOOSTISAINED:<\/strong><\/p>\n<p>Aqua, merevaikhape, dinaatriumkokoamfoditsetaat, gl\u00fckonolaktoon, prop\u00fcleengl\u00fckool, ksantaankumm, 2-broom-2-nitropropaan-1,3-diool.<\/p>\n<hr \/>\n<table>\n<tbody>\n<tr>\n<td class=\"formated_cell\">\n<table>\n<tbody>\n<tr>\n<td><img loading=\"lazy\" decoding=\"async\" class=\"pull-left\" src=\"https:\/\/odapro.lt\/img\/cms\/Prepeel%203%20produktai.jpg\" alt=\"EKSKLUSIIVNE\" width=\"415\" height=\"270\" \/><\/p>\n<p><strong>EKSKLUSIIVNE<br \/>\n<\/strong>S\u00f5na &#8220;merevaik&#8221; t\u00e4hendab leedu keeles &#8220;haiguse eest kaitsmist&#8221;. See ainulaadne mineraal, mis koosneb enam kui 40 keemilisest \u00fchendist ja happest, on olnud sajandeid ainulaadne raviaine, mis aitab toime tulla k\u00f5ige keerulisemate kehaprobleemidega. Merevaikhape saadakse loodusliku merevaigu t\u00f6\u00f6tlemisel, s\u00e4ilitades selle kasulikud keemilis-f\u00fc\u00fcsikalised omadused. See hape s\u00fcnteesitakse meie kehas ja koosneb neljast s\u00fcsinikuaatomist. See ei p\u00f5hjusta allergiat ning v\u00e4rskendab kiiresti nahka, mis on v\u00e4sinud ja keskkonnam\u00f5judele avatud. ODA kosmeetikas on sellel dikarboks\u00fc\u00fclhappel eriline t\u00e4htsus, kuna see on \u00fcks t\u00f5husamaid materjale, millel on tugev vananemisvastane toime. ODA merevaikhappe koorimine on protseduur, mis sobib suurep\u00e4raselt k\u00fcpsele nahale, kus esinevad esimesed vananemisilmingud, ning aitab lahendada selliseid probleeme nagu kortsud ja l\u00f5tv nahk. See ODA protseduur annab t\u00f5husaid tulemusi mitte ainult n\u00e4onahale, vaid ka k\u00e4tele. See on noorendav, kiire ja pikaajaline protseduur v\u00e4sinud nahale.<\/td>\n<td><\/td>\n<td><\/td>\n<\/tr>\n<\/tbody>\n<\/table>\n<\/td>\n<\/tr>\n<tr>\n<td class=\"formated_cell\"><img loading=\"lazy\" decoding=\"async\" class=\"pull-right\" src=\"https:\/\/odapro.lt\/img\/cms\/laiko%20patikrinta.jpg\" alt=\"AJAGA KATSETATUD\" width=\"496\" height=\"309\" \/><br \/>\n<strong>AJAGA KATSETATUD<br \/>\n<\/strong>Arst Anatoli Malovit\u0161ko on \u00f6elnud merevaigu kohta: \u201eOn ebat\u00f5en\u00e4oline, et \u00fckski teine looduslik aine v\u00f5iks olla sama efektiivne nii paljudes olukordades.\u201c Pole siis \u00fcllatav, et merevaikhapet kasutatakse neeru-, soole- ja vereringehaiguste raviks ning ODA kosmeetikas on see eriline nooruse ja ilu allikas n\u00e4onaha jaoks. See hape on usaldusv\u00e4\u00e4rne ja ohutu professionaalne vahend, mis tagab naha eluj\u00f5u.<\/td>\n<\/tr>\n<tr>\n<td class=\"formated_cell\"><img loading=\"lazy\" decoding=\"async\" class=\"pull-left\" src=\"https:\/\/odapro.lt\/img\/cms\/veiksminga_2.jpg\" alt=\"T\u00d5HUS\" width=\"431\" height=\"358\" \/><br \/>\n<strong>T\u00d5HUS<br \/>\n<\/strong>Merevaikhape on elusorganismide ainevahetuse loomulik toode ja toimib peamiselt naha pindmises kihis &#8211; epidermises. Nii h\u00e4vitab toimeaine surnud naharakkude vahelised \u00fchendused &#8211; korneots\u00fc\u00fcdid &#8211; stimuleerib uute rakkude proliferatsiooni ja taastab naha tervise. Merevaikhape avab ka poorid ja suurendab aktiivainete l\u00e4bitungimisv\u00f5imet teistes koorimisprotsessis kasutatavates toodetes. Seet\u00f5ttu on m\u00e4rgatav m\u00f5ju n\u00e4htav kohe p\u00e4rast merevaikhappe koorimist. See on t\u00f5en\u00e4oliselt k\u00f5ige edukam vananemisvastane protseduur nahale. Pakume unikaalset \u00fchehappelist koorimist, mis:<\/p>\n<ul>\n<li>annab nahale tugevuse, elastsuse, kergendab ja niisutab nahka<\/li>\n<li>lihtsustab protseduuri kontrolli, sest merevaikhappe sari koosneb ainult \u00fchest \u2013 k\u00f5ige ohutumast ja efektiivsemast happe kontsentratsioonist<\/li>\n<li>toniseerib ja v\u00e4rskendab nahka<\/li>\n<li>v\u00f5imaldab saavutada n\u00e4htavaid tulemusi v\u00e4ga l\u00fchikese aja jooksul.<\/li>\n<\/ul>\n<\/td>\n<\/tr>\n<tr>\n<td class=\"formated_cell last\">\n<table>\n<tbody>\n<tr>\n<td><img loading=\"lazy\" decoding=\"async\" class=\"pull-right\" src=\"https:\/\/odapro.lt\/img\/cms\/efektyvi_2.jpg\" alt=\"KEHTIV\" width=\"486\" height=\"330\" \/><br \/>\n<strong>KEHTIV<br \/>\n<\/strong><em>ODA merevaikhappe koorimine &#8211; \u00fcks ohutumaid mitteinvasiivseid protseduure, mis ei kahjusta nahka ja annab kohe n\u00e4htavaid tulemusi. See on allergiavastane, t\u00f5hus protseduur, mis tagab naha kaitse. Kliinilised uuringud on n\u00e4idanud, et merevaikhape:<\/em><\/p>\n<ul>\n<li>omab kuperoosivastast toimet, m\u00f5jutades kapillaaride seinte elastset mehhanismi, pinguldades nahka<\/li>\n<li>silub peeneid jooni ja n\u00e4okortse<\/li>\n<li>taastab naha niiskustasakaalu, eemaldab turseid silmade \u00fcmbruses<\/li>\n<li>suurendab hapniku omastamist rakutasandil, tagades pideva naha hapnikuga varustatuse<\/li>\n<li>parandab naha mikrotsirkulatsiooni protsesse<\/li>\n<li>neutraliseerib laia valikut vabu radikaale, kaitstes nahka keskkonnam\u00f5jude eest<\/li>\n<li>blokeerib p\u00f5letikulisi protsesse<\/li>\n<li>reguleerib melaniini metabolismi, mis teeb selle ideaalseks pigmentatsioonih\u00e4irete korral<\/li>\n<\/ul>\n<p>ODA merevaikhappe m\u00f5ju \u2013 teie kliendi terve ja noorenenud nahk.<\/td>\n<\/tr>\n<\/tbody>\n<\/table>\n<\/td>\n<\/tr>\n<\/tbody>\n<\/table>\n","protected":false},"excerpt":{"rendered":"<div id=\"short_description_block\" class=\"col-xs-12\">\n<div id=\"short_description_content\" class=\"rte align_justify\">\n<p><strong>PATSENDIPROFIIL<\/strong><\/p>\n<ul>\n<li>Tumedad laigud<\/li>\n<li>Naha vananemine<\/li>\n<li>Kortsud<\/li>\n<li>Tundlik, \u00f5huke, kuiv nahk<\/li>\n<li>Deh\u00fcdreeritud nahk<\/li>\n<li>Laiendatud kapillaarid<\/li>\n<\/ul>\n<p><strong>PEAMINE KASU \/ PEAMINE M\u00d5JU<\/strong><\/p>\n<ul>\n<li>Valmistab naha ette merevaikhappega vananemisvastaseks protseduuriks<\/li>\n<li>Efektiivselt stimuleerib naha uuenemist<\/li>\n<\/ul>\n<\/div>\n<\/div>\n<div class=\"icons-block clearfix\"><\/div>\n","protected":false},"featured_media":32454,"template":"","meta":{"_seopress_robots_primary_cat":"","_seopress_titles_title":"","_seopress_titles_desc":"","_seopress_robots_index":""},"item":[1406],"product_cat":[153],"product_tag":[],"class_list":{"0":"post-32456","1":"product","2":"type-product","3":"status-publish","4":"has-post-thumbnail","6":"item-oda-et","7":"product_cat-keemilised-piilingud-et","8":"pa_register_only-register_price","10":"first","11":"instock","12":"taxable","13":"shipping-taxable","14":"purchasable","15":"product-type-simple"},"_links":{"self":[{"href":"https:\/\/cutismedical.shop\/et\/wp-json\/wp\/v2\/product\/32456","targetHints":{"allow":["GET"]}}],"collection":[{"href":"https:\/\/cutismedical.shop\/et\/wp-json\/wp\/v2\/product"}],"about":[{"href":"https:\/\/cutismedical.shop\/et\/wp-json\/wp\/v2\/types\/product"}],"wp:featuredmedia":[{"embeddable":true,"href":"https:\/\/cutismedical.shop\/et\/wp-json\/wp\/v2\/media\/32454"}],"wp:attachment":[{"href":"https:\/\/cutismedical.shop\/et\/wp-json\/wp\/v2\/media?parent=32456"}],"wp:term":[{"taxonomy":"item","embeddable":true,"href":"https:\/\/cutismedical.shop\/et\/wp-json\/wp\/v2\/item?post=32456"},{"taxonomy":"product_cat","embeddable":true,"href":"https:\/\/cutismedical.shop\/et\/wp-json\/wp\/v2\/product_cat?post=32456"},{"taxonomy":"product_tag","embeddable":true,"href":"https:\/\/cutismedical.shop\/et\/wp-json\/wp\/v2\/product_tag?post=32456"}],"curies":[{"name":"wp","href":"https:\/\/api.w.org\/{rel}","templated":true}]}}