{"id":32408,"date":"2022-03-17T15:10:21","date_gmt":"2022-03-17T13:10:21","guid":{"rendered":"https:\/\/cutismedical.com\/shop\/maaratlemata\/oda-brightening-whitening-concentrate-30ml\/"},"modified":"2024-10-29T23:03:51","modified_gmt":"2024-10-29T21:03:51","slug":"oda-brightening-whitening-concentrate-30ml","status":"publish","type":"product","link":"https:\/\/cutismedical.shop\/et\/shop-es\/nahahooldus\/seerum-et-prof\/oda-brightening-whitening-concentrate-30ml\/","title":{"rendered":"ODA. BRIGHTENING &#038; WHITENING kontsentraat 30ml."},"content":{"rendered":"<ul>\n<li><em>Piim- ja gl\u00fckoolhape<\/em> kaitsevad nahka p\u00f5letike eest, helendavad tumedaid laike, stimuleerivad naha kiiret uuenemist, tagavad kollageeni ja elastiini t\u00f5husa tootmise ning tugevdavad naha immuuns\u00fcsteemi.<\/li>\n<li><em>C-vitamiin<\/em> helendab ja kaitseb nahka vabade radikaalide m\u00f5ju eest, tugevdab naha immuuns\u00fcsteemi ja tagab kollageeni \u00f5igeaegse tootmise.<\/li>\n<\/ul>\n<p><em>Koji- ja f\u00fctiinhape<\/em> eemaldavad olemasolevad tumedad laigud ja takistavad uute teket.<\/p>\n<hr \/>\n<table>\n<tbody>\n<tr>\n<td class=\"formated_cell\">\n<table>\n<tbody>\n<tr>\n<td><strong>EKSKLUSIIVNE<\/strong><br \/>\nAHA hape, mis kuulub piimhapete r\u00fchma, on juba pikka aega tuntud kui ilu ja nooruse allikas. ODA kosmeetikas peetakse seda hapet \u00fcheks k\u00f5ige olulisemaks ja t\u00f5husamaks koostisosaks. See koosneb kolmest s\u00fcsinikuaatomist ja toimib k\u00f5ige paremini naha pindmistes kihtides, peamiselt epidermises. Seet\u00f5ttu intensiivistab piimhape naharakkude uuenemist, lahendab pindmised aknearmid ning omab naha heledamaks ja intensiivselt niisutavaks m\u00f5ju. ODA piimhappe koorimine on protseduur, mis sobib eriti h\u00e4sti tundlikule, \u00e4rritunud, kuivale nahale ja lahendab selliseid probleeme nagu pigmendilaigud, kortsud ja l\u00f5tvunud nahk.<\/td>\n<\/tr>\n<\/tbody>\n<\/table>\n<\/td>\n<\/tr>\n<tr>\n<td class=\"formated_cell\"><img loading=\"lazy\" decoding=\"async\" class=\"pull-right\" src=\"https:\/\/odapro.lt\/img\/cms\/patikima_pienas_1.jpg\" alt=\"USALDUSV\u00c4\u00c4RSUS\" width=\"447\" height=\"301\" \/><br \/>\n<strong>USALDUSV\u00c4\u00c4RSUS<br \/>\n<\/strong>20. sajandi teisel poolel viis teadlane Silon Sachdev l\u00e4bi katseid piimhappe koorimisega, et kontrollida selle happe t\u00f5husust. P\u00e4rast protseduuri v\u00e4henesid k\u00f5igil osalejatel aknearmid ja n\u00e4onahk muutus m\u00e4rgatavalt heledamaks. [1] Jaapani teadlaste j\u00e4rgnevad uuringud n\u00e4itasid, et t\u00e4nu AHA hapetele, n\u00e4iteks piimhappele, suurenes naha kollageeni ja prokollageeni tase. See viib naha tugevuse ja elastsuse suurenemiseni. Pakume kolme erineva kontsentratsiooniga (20%, 40%, 60%) tooteid koorimiseks, mis lahendavad k\u00f5ige keerulisemad dermatoloogilised probleemid. Kontsentratsioon valitakse spetsialisti poolt s\u00f5ltuvalt kliendi nahast, selle tundlikkusest ja dermatoloogilistest probleemidest. Kui klient k\u00fclastab teid esmakordselt, tuleks koorimist alati teha madalaima happe kontsentratsiooniga \u2013 20%. S\u00fcgavamate nahakihtide m\u00f5jutamiseks ja edukamate tulemuste saavutamiseks soovitame valida tooted 40% ja 60% kontsentratsiooniga.<\/td>\n<\/tr>\n<tr>\n<td class=\"formated_cell\"><img loading=\"lazy\" decoding=\"async\" class=\"pull-left\" src=\"https:\/\/odapro.lt\/img\/cms\/veiksminga_pienas.jpg\" alt=\"T\u00d5HUSUS\" width=\"440\" height=\"293\" \/><br \/>\n<strong>T\u00d5HUSUS<br \/>\n<\/strong>ODA piimhape, millel on madal pH, soodustab naha uuenemist ja tugevdab naha immuuns\u00fcsteemi. See unikaalne molekul h\u00e4vitab ka korneots\u00fc\u00fctide &#8211; surnud naharakkude &#8211; vahelised \u00fchendused, nii et p\u00e4rast seda \u00fchehappelise koorimise protseduuri v\u00f5ib nahk kooruda. See on normaalne ja on lihtsalt viis, kuidas eemaldatakse surnud naharakud. ODA piimhape on veel \u00fcks t\u00f5hus professionaalne t\u00f6\u00f6riist teie arsenalis, aidates teie klientide naha uuenemisel.<\/td>\n<\/tr>\n<tr>\n<td class=\"formated_cell last\">\n<table>\n<tbody>\n<tr>\n<td><img loading=\"lazy\" decoding=\"async\" class=\"pull-right\" src=\"https:\/\/odapro.lt\/img\/cms\/efektyvi_pienas_1.jpg\" alt=\"KEHTIV\" width=\"465\" height=\"324\" \/><br \/>\n<strong>KEHTIV<\/strong><br \/>\nODA piimhappe koorimine on \u00fcks ohutumaid mitteinvasiivseid nahahooldusi, see on allergiavastane ja lahendab mitmeid keerulisi nahaprobleeme. Kliinilised uuringud on n\u00e4idanud, et piimhappe protseduurid sobivad v\u00e4ga tundlikule nahale ja aitavad toime tulla dermatoloogiliste probleemidega, nagu:<\/p>\n<ul>\n<li>Deh\u00fcdratsioon<\/li>\n<li>H\u00fcperpigmentatsioon (kliinilised uuringud on n\u00e4idanud, et piimhape eemaldab melasma probleeme ja k\u00f5rvaldab hormonaalsest tasakaalustamatusest tingitud pigmendilaigud)<\/li>\n<li>Pindmine akne, l\u00f6\u00f6ve<\/li>\n<li>N\u00e4okortsud<\/li>\n<li>Naha elastsuse kadu<\/li>\n<li>Foto vananemine<\/li>\n<\/ul>\n","protected":false},"excerpt":{"rendered":"<div id=\"short_description_block\" class=\"col-xs-12\">\n<div id=\"short_description_content\" class=\"rte align_justify\">\n<p>Selle toote aktiivsed koostisosad mitte ainult ei heledamaks ja eemalda olemasolevaid tumedaid laike, vaid takistavad ka uute teket.<\/p>\n<p>&nbsp;<\/p>\n<\/div>\n<\/div>\n<div class=\"icons-block clearfix\"><\/div>\n<\/td>\n<\/tr>\n<tr>\n<td><strong>ODA PIIMHAPE \u2013 OHUTU, T\u00d5HUS JA PIKAALINE T\u00d6\u00d6RIIST NAHAHOOLDUSE PROFESSIONAALIDELE.<\/strong><\/td>\n<\/tr>\n<\/tbody>\n<\/table>\n<\/td>\n<\/tr>\n<\/tbody>\n<\/table>\n","protected":false},"featured_media":32405,"template":"","meta":{"_seopress_robots_primary_cat":"","_seopress_titles_title":"","_seopress_titles_desc":"","_seopress_robots_index":""},"item":[1406],"product_cat":[1910,1931],"product_tag":[1897],"class_list":{"0":"post-32408","1":"product","2":"type-product","3":"status-publish","4":"has-post-thumbnail","6":"item-oda-et","7":"product_cat-nahahooldus","8":"product_cat-seerum-et-prof","9":"product_tag-pigmendilaigud","10":"pa_register_only-register_price","12":"first","13":"instock","14":"taxable","15":"shipping-taxable","16":"purchasable","17":"product-type-simple"},"_links":{"self":[{"href":"https:\/\/cutismedical.shop\/et\/wp-json\/wp\/v2\/product\/32408","targetHints":{"allow":["GET"]}}],"collection":[{"href":"https:\/\/cutismedical.shop\/et\/wp-json\/wp\/v2\/product"}],"about":[{"href":"https:\/\/cutismedical.shop\/et\/wp-json\/wp\/v2\/types\/product"}],"wp:featuredmedia":[{"embeddable":true,"href":"https:\/\/cutismedical.shop\/et\/wp-json\/wp\/v2\/media\/32405"}],"wp:attachment":[{"href":"https:\/\/cutismedical.shop\/et\/wp-json\/wp\/v2\/media?parent=32408"}],"wp:term":[{"taxonomy":"item","embeddable":true,"href":"https:\/\/cutismedical.shop\/et\/wp-json\/wp\/v2\/item?post=32408"},{"taxonomy":"product_cat","embeddable":true,"href":"https:\/\/cutismedical.shop\/et\/wp-json\/wp\/v2\/product_cat?post=32408"},{"taxonomy":"product_tag","embeddable":true,"href":"https:\/\/cutismedical.shop\/et\/wp-json\/wp\/v2\/product_tag?post=32408"}],"curies":[{"name":"wp","href":"https:\/\/api.w.org\/{rel}","templated":true}]}}