{"id":32330,"date":"2022-03-15T22:20:07","date_gmt":"2022-03-15T20:20:07","guid":{"rendered":"https:\/\/cutismedical.com\/shop\/maaratlemata\/oda-glycolic-acid-35-100ml\/"},"modified":"2024-10-30T17:33:01","modified_gmt":"2024-10-30T15:33:01","slug":"oda-glycolic-acid-35-100ml","status":"publish","type":"product","link":"https:\/\/cutismedical.shop\/et\/shop-es\/keemilised-piilingud-et\/oda-glycolic-acid-35-100ml\/","title":{"rendered":"ODA. GL\u00dcKOOLHAPE, 35% 100ml."},"content":{"rendered":"<p><strong>KOOSTISOSAD:<\/strong><\/p>\n<p>Vesi, gl\u00fckoolhape, prop\u00fcleengl\u00fckool, naatriumh\u00fcdroksiid, ksantaankummi, 2-bromo-2-nitropropaan-1,3-diool.<\/p>\n<hr \/>\n<table>\n<tbody>\n<tr>\n<td class=\"formated_cell\">\n<table>\n<tbody>\n<tr>\n<td><strong>AINULAADSUS<br \/> <\/strong>Gl\u00fckoolhape on \u00fcks t\u00e4htsamaid aktiivkomponente ODA kosmeetikas. See AHA-hape omab v\u00e4ikseimat molekulmassi \u2014 see koosneb vaid kahest s\u00fcsinikuaatomist. Seet\u00f5ttu on gl\u00fckoolhape k\u00f5ige l\u00e4bitungivam orgaaniline hape, j\u00f5udes isegi dermise s\u00fcgavamatesse kihtidesse, samal ajal kui teised AHA-happed, millel on suuremad molekulid, toimivad peamiselt epidermise tasemel. Veel \u00fcks faktor on \u00fchehappelised koorimised. See protseduur tuvastab probleemi, ei p\u00f5hjusta allergiat ja stimuleerib rakkude taastumist, mis tagab t\u00f5husad tulemused. Gl\u00fckoolhappe koorimist peetakse \u00fcheks ohutumaks ja populaarseimaks mitteinvasiivseks nahahooldusraviks.<\/td>\n<\/tr>\n<tr>\n<td>Keemilise koorimise efektiivsuse m\u00e4\u00e4rab:<\/p>\n<ul>\n<li>Naha struktuuri \u00f5ige hindamine (fotot\u00fc\u00fcp, paksus, tundlikkus)<\/li>\n<li>Happe pH-tase, mis vastab Leedu h\u00fcgieeninormidele<\/li>\n<li>Puhastatud koostis ainult k\u00f5ige t\u00f5husamate koostisosadega<\/li>\n<li>Happe kontsentratsioon<\/li>\n<li>M\u00f5juaeg<\/li>\n<li>Aktiivainete \u00fchilduvus<\/li>\n<\/ul>\n<\/td>\n<\/tr>\n<\/tbody>\n<\/table>\n<\/td>\n<\/tr>\n<tr>\n<td class=\"formated_cell\"><strong><img loading=\"lazy\" decoding=\"async\" class=\"pull-right ls-is-cached lazyloaded\" src=\"https:\/\/odapro.lt\/img\/cms\/laiko%20patikrinta_1.jpg\" alt=\"AJAKINDEL\" width=\"427\" height=\"320\" data-src=\"https:\/\/odapro.lt\/img\/cms\/laiko%20patikrinta_1.jpg\" \/>AJAKINDEL<\/strong><br \/> 1969. aastal viisid tuntud Ameerika teadlased NV Perricone ja JC DiNardo l\u00e4bi kaks eksperimenti, mis n\u00e4itasid gl\u00fckoolhappe p\u00f5letikuvastast toimet. [1] Samuti on t\u00f5estatud, et AHA-happed eemaldavad surnud naharakud. Seej\u00e4rel viisid Ameerika teadlased l\u00e4bi uuringud, mis n\u00e4itasid, et gl\u00fckoolhappe 20-70%-line kontsentratsioon tungib dermise tasemele, aktiveerides j\u00e4rgmised protsessid: fibroblastide ja Langerhansi rakkude aktiivsus.[2] Fibroblastid toodavad kollageeni ja elastseid kiude ning Langerhansi rakud parandavad naha immuuns\u00fcsteemi, kaitstes seda kahjulike keskkonnam\u00f5jude eest. Seet\u00f5ttu on gl\u00fckoolhape \u00fcks ODA kosmeetika k\u00f5ige olulisemaid koostisosi. Pakume nelja erinevat kontsentratsiooni (25%, 35%, 50%, 70%) keemilisteks koorimisteks, mis lahendavad erinevaid dermatoloogilisi probleeme.<\/td>\n<\/tr>\n<tr>\n<td class=\"formated_cell\"><strong><img loading=\"lazy\" decoding=\"async\" class=\"pull-left lazyloaded\" src=\"https:\/\/odapro.lt\/img\/cms\/veiksminga_4.jpg\" alt=\"EFEKTIIVNE\" width=\"402\" height=\"292\" data-src=\"https:\/\/odapro.lt\/img\/cms\/veiksminga_4.jpg\" \/>EFEKTIIVNE<\/strong><br \/> Selle happe abil omandab kliendi nahk eluj\u00f5u. M\u00f5ju on tugevam, kui happe pH on madal, kuna bakterid paljunevad happelises pH-s 5,5 v\u00f5i rohkem. ODA \u00fchehappeliste koorimiste pH on madalam, luues tingimused kahjulike mikroorganismide kasvu v\u00e4hendamiseks ning hape stimuleerib naha loomulikku uuenemisprotsessi ja surnud naharakkude eemaldamist. Ameerika teadlane E.J. Van Scott v\u00e4idab, et AHA-happed, eriti gl\u00fckoolhape, on tuntud kui suurep\u00e4rased koostisosad, mis pinguldavad ja suurendavad naha elastsust. Koos vitamiinidega E, C ja B v\u00e4hendab see hape kortsude arvu, soodustab naha intensiivset taastumist ja tagab pikaajalise m\u00f5ju.<\/td>\n<\/tr>\n<tr>\n<td class=\"formated_cell last\">\n<table>\n<tbody>\n<tr>\n<td><strong><img loading=\"lazy\" decoding=\"async\" class=\"pull-right ls-is-cached lazyloaded\" src=\"https:\/\/odapro.lt\/img\/cms\/efektyvu_1.jpg\" alt=\"V\u00d5IMAS\" width=\"500\" height=\"332\" data-src=\"https:\/\/odapro.lt\/img\/cms\/efektyvu_1.jpg\" \/><\/strong><strong>V\u00d5IMAS<\/strong><br \/> Happekoorimised on \u00fched ohutumatest mitteinvasiivsetest protseduuridest, mis ei kahjusta nahka ja lahendavad k\u00f5ige \u00e4gedamaid dermatoloogilisi probleeme. Need on ajakindlad ja mitteallergilised, mis tagab edukad tulemused. Kliinilised uuringud on n\u00e4idanud, et happeprotseduurid sobivad k\u00f5ikidele nahat\u00fc\u00fcpidele ja aitavad j\u00e4rgmiste probleemide korral:<\/p>\n<ul>\n<li>Nooruki- ja t\u00e4iskasvanute akne, mitmesuguse p\u00e4ritoluga l\u00f6\u00f6bed<\/li>\n<li>Kortsud, pigmendilaigud<\/li>\n<li>Ummistunud poorid ja hormonaalsete h\u00e4irete t\u00f5ttu tekkinud nahaprobleemid<\/li>\n<\/ul>\n<\/td>\n<\/tr>\n<\/tbody>\n<\/table>\n<\/td>\n<\/tr>\n<\/tbody>\n<\/table>\n","protected":false},"excerpt":{"rendered":"<div id=\"short_description_block\" class=\"col-xs-12\">\n<div id=\"short_description_content\" class=\"rte align_justify\">\n<p><strong>PATSENDIPROFIIL<\/strong><\/p>\n<ul>\n<li>Akne, mustpead, rasune nahk<\/li>\n<li>Naha vananemine<\/li>\n<li>Kortsud<\/li>\n<li>Aknearmid<\/li>\n<li>T\u00fc\u00fckad<\/li>\n<li>Papilloomid<\/li>\n<li>Tselluliit<\/li>\n<li>Kanakannad<\/li>\n<\/ul>\n<p><strong>PEAMINE EELIS\/P\u00d5HITOIME<\/strong><\/p>\n<ul>\n<li>Efektiivselt stimuleerib naha uuenemist<\/li>\n<li>Parandab naha immuuns\u00fcsteemi<\/li>\n<li>Puhastab ummistunud poorid<\/li>\n<li>Annab nahale tugevuse ja elastsuse<\/li>\n<\/ul><\/div>\n<\/p><\/div>\n<div class=\"icons-block clearfix\"><\/div>\n","protected":false},"featured_media":32326,"template":"","meta":{"_seopress_robots_primary_cat":"","_seopress_titles_title":"","_seopress_titles_desc":"","_seopress_robots_index":""},"item":[1406],"product_cat":[153],"product_tag":[],"class_list":{"0":"post-32330","1":"product","2":"type-product","3":"status-publish","4":"has-post-thumbnail","6":"item-oda-et","7":"product_cat-keemilised-piilingud-et","8":"pa_register_only-register_price","10":"first","11":"instock","12":"taxable","13":"shipping-taxable","14":"purchasable","15":"product-type-simple"},"_links":{"self":[{"href":"https:\/\/cutismedical.shop\/et\/wp-json\/wp\/v2\/product\/32330","targetHints":{"allow":["GET"]}}],"collection":[{"href":"https:\/\/cutismedical.shop\/et\/wp-json\/wp\/v2\/product"}],"about":[{"href":"https:\/\/cutismedical.shop\/et\/wp-json\/wp\/v2\/types\/product"}],"wp:featuredmedia":[{"embeddable":true,"href":"https:\/\/cutismedical.shop\/et\/wp-json\/wp\/v2\/media\/32326"}],"wp:attachment":[{"href":"https:\/\/cutismedical.shop\/et\/wp-json\/wp\/v2\/media?parent=32330"}],"wp:term":[{"taxonomy":"item","embeddable":true,"href":"https:\/\/cutismedical.shop\/et\/wp-json\/wp\/v2\/item?post=32330"},{"taxonomy":"product_cat","embeddable":true,"href":"https:\/\/cutismedical.shop\/et\/wp-json\/wp\/v2\/product_cat?post=32330"},{"taxonomy":"product_tag","embeddable":true,"href":"https:\/\/cutismedical.shop\/et\/wp-json\/wp\/v2\/product_tag?post=32330"}],"curies":[{"name":"wp","href":"https:\/\/api.w.org\/{rel}","templated":true}]}}