{"id":32007,"date":"2022-02-18T18:43:25","date_gmt":"2022-02-18T16:43:25","guid":{"rendered":"https:\/\/cutismedical.com\/shop\/maaratlemata\/nithya-stimulate-5-ml\/"},"modified":"2024-11-08T13:34:48","modified_gmt":"2024-11-08T11:34:48","slug":"nithya-stimulate-5-ml","status":"publish","type":"product","link":"https:\/\/cutismedical.shop\/et\/shop-es\/mesoteraapia-et\/nagu-et\/nithya-stimulate-5-ml\/","title":{"rendered":"Nithya Stimulate 1 karp (5 viaali x 5 ml) \/ Kollageen"},"content":{"rendered":"<p>Ats\u00fc\u00fcl Tetrapeptiid-2<\/p>\n<p>Nelja aminohappe peptiid, mis imiteerib noorushormooni nimega t\u00fcmopoeetiin.<\/p>\n<p>Uuringud on n\u00e4idanud, et vanusega seotud t\u00fc\u00fcmuse ja selle hormoonide (t\u00fcmopoeetiin v\u00f5i noorushormoon) kadumine on otseselt seotud naha immuunkaitse v\u00e4henemise ja vananemisilmingute ilmnemisega. See toimib, kompenseerides vananemisega kaasnevat t\u00fc\u00fcmusefaktorite kaotust.<\/p>\n<p>Kiirendab naha uuenemist ja tugevdab naha immuuns\u00fcsteemi, aidates k\u00e4ivitada rakulisi reaktsioone ja taastavaid protsesse, mida tavaliselt leidub ainult palju nooremas nahas.<\/p>\n","protected":false},"excerpt":{"rendered":"<p>&nbsp;<\/p>\n<p><a href=\"https:\/\/cutismedical.com\/wp-content\/uploads\/2022\/02\/7jhyrxrfyu4.jpg\"><img loading=\"lazy\" decoding=\"async\" class=\"alignnone wp-image-32002\" src=\"https:\/\/cutismedical.com\/wp-content\/uploads\/2022\/02\/7jhyrxrfyu4.jpg\" alt=\"\" width=\"386\" height=\"255\" srcset=\"https:\/\/cutismedical.shop\/wp-content\/uploads\/2022\/02\/7jhyrxrfyu4.jpg 450w, https:\/\/cutismedical.shop\/wp-content\/uploads\/2022\/02\/7jhyrxrfyu4-150x99.jpg 150w\" sizes=\"auto, (max-width: 386px) 100vw, 386px\" \/><\/a><\/p>\n<ul>\n<li>Parandab naha tugevust ja elastsust<\/li>\n<li>V\u00e4hendab kortse, venitusarme ja arme<\/li>\n<li>Hooldab naha niiskustaset<\/li>\n<\/ul>\n","protected":false},"featured_media":32000,"template":"","meta":{"_seopress_robots_primary_cat":"none","_seopress_titles_title":"","_seopress_titles_desc":"","_seopress_robots_index":""},"item":[1147],"product_cat":[155,1188,1865,1866,1867],"product_tag":[],"class_list":{"0":"post-32007","1":"product","2":"type-product","3":"status-publish","4":"has-post-thumbnail","6":"item-nithya-et","7":"product_cat-mesoteraapia-et","8":"product_cat-nagu-et","9":"product_cat-tugevdamine-naha-pinguldamine","10":"product_cat-liftingu-efekt-pinguldav-toime","11":"product_cat-post-akne-et","13":"first","14":"instock","15":"taxable","16":"shipping-taxable","17":"purchasable","18":"product-type-simple"},"_links":{"self":[{"href":"https:\/\/cutismedical.shop\/et\/wp-json\/wp\/v2\/product\/32007","targetHints":{"allow":["GET"]}}],"collection":[{"href":"https:\/\/cutismedical.shop\/et\/wp-json\/wp\/v2\/product"}],"about":[{"href":"https:\/\/cutismedical.shop\/et\/wp-json\/wp\/v2\/types\/product"}],"wp:featuredmedia":[{"embeddable":true,"href":"https:\/\/cutismedical.shop\/et\/wp-json\/wp\/v2\/media\/32000"}],"wp:attachment":[{"href":"https:\/\/cutismedical.shop\/et\/wp-json\/wp\/v2\/media?parent=32007"}],"wp:term":[{"taxonomy":"item","embeddable":true,"href":"https:\/\/cutismedical.shop\/et\/wp-json\/wp\/v2\/item?post=32007"},{"taxonomy":"product_cat","embeddable":true,"href":"https:\/\/cutismedical.shop\/et\/wp-json\/wp\/v2\/product_cat?post=32007"},{"taxonomy":"product_tag","embeddable":true,"href":"https:\/\/cutismedical.shop\/et\/wp-json\/wp\/v2\/product_tag?post=32007"}],"curies":[{"name":"wp","href":"https:\/\/api.w.org\/{rel}","templated":true}]}}