{"id":31989,"date":"2022-02-18T18:10:07","date_gmt":"2022-02-18T16:10:07","guid":{"rendered":"https:\/\/cutismedical.com\/shop\/maaratlemata\/nithya-shield-3-ml\/"},"modified":"2025-07-03T19:36:31","modified_gmt":"2025-07-03T17:36:31","slug":"nithya-shield-3-ml","status":"publish","type":"product","link":"https:\/\/cutismedical.shop\/et\/shop-es\/mesoteraapia-et\/mesotherapy-for-eyes-et\/nithya-shield-3-ml\/","title":{"rendered":"Nithya Shield 1 karp (5 viaali*3 ml)"},"content":{"rendered":"<table style=\"height: 411px;\" width=\"878\">\n<tbody>\n<tr>\n<td width=\"467\"><strong>Kuidas see toimib<\/strong><\/p>\n<p>Vaba radikaalide kogunemise ja mitmete ainevahetusprotsesside<br \/>\np\u00e4rssimise m\u00f5ju tuleb arvesse v\u00f5tta, kuna need tegurid<br \/>\nsoodustavad naha vananemist ja p\u00f5hjustavad kollageeni ja<br \/>\nelastiini s\u00fcnteesi v\u00e4henemist.<br \/>\nSiiski ei pruugi ainult h\u00fcaluroonhappe kasutamine v\u00e4hendada<br \/>\npaljusid vananemise m\u00f5jusid. Naatriumsuktsinaat v\u00f5ib anda<br \/>\nantioks\u00fcdantse efekti, blokeerides aktiivselt vabu radikaale ja stimuleerides<br \/>\naeglustunud ainevahetusprotsesse nahas.<br \/>\nH\u00fcaluroonhape ja naatriumsuktsinaat toimivad s\u00fcnergiliselt,<br \/>\nstimuleerides fibroblastide rakke suurendama (nii arvu kui ka<br \/>\nainevahetusaktiivsust) suurema efektiga v\u00f5rreldes<br \/>\nmonokomponentse h\u00fcaluroonhappe raviga.<\/td>\n<td width=\"467\"><a href=\"https:\/\/cutismedical.com\/wp-content\/uploads\/2022\/02\/k9zf8qtfirk.jpg\"><img loading=\"lazy\" decoding=\"async\" class=\"alignnone wp-image-31984\" src=\"https:\/\/cutismedical.com\/wp-content\/uploads\/2022\/02\/k9zf8qtfirk.jpg\" alt=\"\" width=\"334\" height=\"395\" srcset=\"https:\/\/cutismedical.shop\/wp-content\/uploads\/2022\/02\/k9zf8qtfirk.jpg 391w, https:\/\/cutismedical.shop\/wp-content\/uploads\/2022\/02\/k9zf8qtfirk-150x177.jpg 150w, https:\/\/cutismedical.shop\/wp-content\/uploads\/2022\/02\/k9zf8qtfirk-339x400.jpg 339w\" sizes=\"auto, (max-width: 334px) 100vw, 334px\" \/><\/a><\/td>\n<\/tr>\n<\/tbody>\n<\/table>\n<p>&nbsp;<\/p>\n","protected":false},"excerpt":{"rendered":"<p><a href=\"https:\/\/cutismedical.com\/wp-content\/uploads\/2022\/02\/fapj3nob5pm.jpg\"><img loading=\"lazy\" decoding=\"async\" class=\"alignnone wp-image-31980\" src=\"https:\/\/cutismedical.com\/wp-content\/uploads\/2022\/02\/fapj3nob5pm.jpg\" alt=\"\" width=\"354\" height=\"237\" srcset=\"https:\/\/cutismedical.shop\/wp-content\/uploads\/2022\/02\/fapj3nob5pm.jpg 493w, https:\/\/cutismedical.shop\/wp-content\/uploads\/2022\/02\/fapj3nob5pm-150x101.jpg 150w\" sizes=\"auto, (max-width: 354px) 100vw, 354px\" \/><\/a><\/p>\n<ul>\n<li>Parandab naha tooni ja tekstuuri<\/li>\n<li>Niisutab korralikult ja v\u00e4hendab<br \/>\nkortse<\/li>\n<li>Kaitseb oks\u00fcdatiivse stressi eest<\/li>\n<li>Kiirendab rakkude uuenemist<\/li>\n<\/ul>\n","protected":false},"featured_media":32020,"template":"","meta":{"_seopress_robots_primary_cat":"none","_seopress_titles_title":"","_seopress_titles_desc":"","_seopress_robots_index":""},"item":[1147],"product_cat":[155,1188,1122,1865,1870],"product_tag":[],"class_list":{"0":"post-31989","1":"product","2":"type-product","3":"status-publish","4":"has-post-thumbnail","6":"item-nithya-et","7":"product_cat-mesoteraapia-et","8":"product_cat-nagu-et","9":"product_cat-mesotherapy-for-eyes-et","10":"product_cat-tugevdamine-naha-pinguldamine","11":"product_cat-pigmentatsioon","13":"first","14":"instock","15":"taxable","16":"shipping-taxable","17":"purchasable","18":"product-type-simple"},"_links":{"self":[{"href":"https:\/\/cutismedical.shop\/et\/wp-json\/wp\/v2\/product\/31989","targetHints":{"allow":["GET"]}}],"collection":[{"href":"https:\/\/cutismedical.shop\/et\/wp-json\/wp\/v2\/product"}],"about":[{"href":"https:\/\/cutismedical.shop\/et\/wp-json\/wp\/v2\/types\/product"}],"wp:featuredmedia":[{"embeddable":true,"href":"https:\/\/cutismedical.shop\/et\/wp-json\/wp\/v2\/media\/32020"}],"wp:attachment":[{"href":"https:\/\/cutismedical.shop\/et\/wp-json\/wp\/v2\/media?parent=31989"}],"wp:term":[{"taxonomy":"item","embeddable":true,"href":"https:\/\/cutismedical.shop\/et\/wp-json\/wp\/v2\/item?post=31989"},{"taxonomy":"product_cat","embeddable":true,"href":"https:\/\/cutismedical.shop\/et\/wp-json\/wp\/v2\/product_cat?post=31989"},{"taxonomy":"product_tag","embeddable":true,"href":"https:\/\/cutismedical.shop\/et\/wp-json\/wp\/v2\/product_tag?post=31989"}],"curies":[{"name":"wp","href":"https:\/\/api.w.org\/{rel}","templated":true}]}}