{"id":31972,"date":"2022-02-18T17:36:35","date_gmt":"2022-02-18T15:36:35","guid":{"rendered":"https:\/\/cutismedical.com\/shop\/maaratlemata\/nithya-smooth-5ml\/"},"modified":"2024-11-08T18:05:05","modified_gmt":"2024-11-08T16:05:05","slug":"nithya-smooth-5ml","status":"publish","type":"product","link":"https:\/\/cutismedical.shop\/et\/shop-es\/mesoteraapia-et\/mesotherapy-for-eyes-et\/nithya-smooth-5ml\/","title":{"rendered":"Nithya. Smooth | 1 karp (5 viaali x 5ml.)"},"content":{"rendered":"<p><a href=\"https:\/\/cutismedical.com\/wp-content\/uploads\/2022\/02\/k7zyblo2y4u.jpg\"><img loading=\"lazy\" decoding=\"async\" class=\"alignnone size-full wp-image-32015\" src=\"https:\/\/cutismedical.com\/wp-content\/uploads\/2022\/02\/k7zyblo2y4u.jpg\" alt=\"\" width=\"1000\" height=\"448\" srcset=\"https:\/\/cutismedical.shop\/wp-content\/uploads\/2022\/02\/k7zyblo2y4u.jpg 1000w, https:\/\/cutismedical.shop\/wp-content\/uploads\/2022\/02\/k7zyblo2y4u-150x67.jpg 150w, https:\/\/cutismedical.shop\/wp-content\/uploads\/2022\/02\/k7zyblo2y4u-592x265.jpg 592w, https:\/\/cutismedical.shop\/wp-content\/uploads\/2022\/02\/k7zyblo2y4u-800x358.jpg 800w, https:\/\/cutismedical.shop\/wp-content\/uploads\/2022\/02\/k7zyblo2y4u-768x344.jpg 768w, https:\/\/cutismedical.shop\/wp-content\/uploads\/2022\/02\/k7zyblo2y4u-510x228.jpg 510w\" sizes=\"auto, (max-width: 1000px) 100vw, 1000px\" \/><\/a><\/p>\n","protected":false},"excerpt":{"rendered":"<p>Unikaalne valem, mis sisaldab mittetoksilist alternatiivi, Argireliini (Heksapeptiid-8), mis on osutunud ohutumaks kui BoNT ja sama t\u00f5husaks kortsude v\u00e4hendamisel.<\/p>\n<p>Nithya Smooth\u2019i Argireliin m\u00f5jutab neuromuskulaarseid s\u00fcnapse, leevendades lihaspinget ja luues seel\u00e4bi dermise<br \/>\nl\u00f5\u00f5gastusseisundi, mis v\u00e4hendab peeneid jooni, muutes naha siledamaks.<\/p>\n<p>V\u00e4hendab n\u00e4htavalt miimikakortse ja kortse, eriti kanavarba kortse ja nasolabiaalvolte. Kasutatakse kombinatsioonis, et v\u00e4hendada<br \/>\nBoNT toksilisust hilisemas ravietapis.<\/p>\n","protected":false},"featured_media":31967,"template":"","meta":{"_seopress_robots_primary_cat":"none","_seopress_titles_title":"","_seopress_titles_desc":"","_seopress_robots_index":""},"item":[1147],"product_cat":[155,1188,1122,1865,1866],"product_tag":[],"class_list":{"0":"post-31972","1":"product","2":"type-product","3":"status-publish","4":"has-post-thumbnail","6":"item-nithya-et","7":"product_cat-mesoteraapia-et","8":"product_cat-nagu-et","9":"product_cat-mesotherapy-for-eyes-et","10":"product_cat-tugevdamine-naha-pinguldamine","11":"product_cat-liftingu-efekt-pinguldav-toime","13":"first","14":"instock","15":"taxable","16":"shipping-taxable","17":"purchasable","18":"product-type-simple"},"_links":{"self":[{"href":"https:\/\/cutismedical.shop\/et\/wp-json\/wp\/v2\/product\/31972","targetHints":{"allow":["GET"]}}],"collection":[{"href":"https:\/\/cutismedical.shop\/et\/wp-json\/wp\/v2\/product"}],"about":[{"href":"https:\/\/cutismedical.shop\/et\/wp-json\/wp\/v2\/types\/product"}],"wp:featuredmedia":[{"embeddable":true,"href":"https:\/\/cutismedical.shop\/et\/wp-json\/wp\/v2\/media\/31967"}],"wp:attachment":[{"href":"https:\/\/cutismedical.shop\/et\/wp-json\/wp\/v2\/media?parent=31972"}],"wp:term":[{"taxonomy":"item","embeddable":true,"href":"https:\/\/cutismedical.shop\/et\/wp-json\/wp\/v2\/item?post=31972"},{"taxonomy":"product_cat","embeddable":true,"href":"https:\/\/cutismedical.shop\/et\/wp-json\/wp\/v2\/product_cat?post=31972"},{"taxonomy":"product_tag","embeddable":true,"href":"https:\/\/cutismedical.shop\/et\/wp-json\/wp\/v2\/product_tag?post=31972"}],"curies":[{"name":"wp","href":"https:\/\/api.w.org\/{rel}","templated":true}]}}