{"id":31842,"date":"2022-02-14T16:26:31","date_gmt":"2022-02-14T14:26:31","guid":{"rendered":"https:\/\/cutismedical.com\/shop\/maaratlemata\/etrebelle-200mg-vial\/"},"modified":"2024-10-31T00:05:26","modified_gmt":"2024-10-30T22:05:26","slug":"etrebelle-200mg-vial","status":"publish","type":"product","link":"https:\/\/cutismedical.shop\/et\/shop-es\/fillerid-et\/etrebelle-200mg-vial\/","title":{"rendered":"Etrebelle 200mg\/viaal \/ t\u00e4iteaine PLLA \/ pol\u00fc-L-piimhape"},"content":{"rendered":"<p>Etrebelle 200 on uus kehat\u00e4iteaine, mis p\u00f5hineb PLA (poli-D, L-piimhape) mikroosakeste tarnimisel HA (naatriumh\u00fcaluronaadi) abil. Etrebelle 200 ei ole pelgalt f\u00fc\u00fcsiline tugi naha all, vaid parandab mahupuuduse p\u00f5hiprobleemi kollageeni taastamise kaudu. Toodet on t\u00f5hus kasutada keha kortsude parandamiseks 2-3 aasta jooksul, kuna Etrebelle 200 moodustab s\u00fcstepiirkonnas aeglaselt kollageeni, s\u00e4ilitades aja jooksul loomuliku mahu. Etrebelle 200 on v\u00e4ga ohutu ja mittetoksiline t\u00e4iteaine nahale, kuna see v\u00e4ljub kehast H2O ja CO2 kujul p\u00e4rast lagunemist piimhappeks ja gl\u00fckogeeniks h\u00fcdrol\u00fc\u00fcsi teel.<\/p>\n","protected":false},"excerpt":{"rendered":"<ul>\n<li>Koostis: PLA 170 mg + HA 30 mg<\/li>\n<li>S\u00fcstlan\u00f5el: kan\u00fc\u00fcl 21G-23G<\/li>\n<li>Toime kestus: 12-24 kuud<\/li>\n<\/ul>\n","protected":false},"featured_media":31839,"template":"","meta":{"_seopress_robots_primary_cat":"","_seopress_titles_title":"","_seopress_titles_desc":"","_seopress_robots_index":""},"item":[1479],"product_cat":[154],"product_tag":[],"class_list":{"0":"post-31842","1":"product","2":"type-product","3":"status-publish","4":"has-post-thumbnail","6":"item-etrebelle-et","7":"product_cat-fillerid-et","9":"first","10":"outofstock","11":"taxable","12":"shipping-taxable","13":"purchasable","14":"product-type-simple"},"_links":{"self":[{"href":"https:\/\/cutismedical.shop\/et\/wp-json\/wp\/v2\/product\/31842","targetHints":{"allow":["GET"]}}],"collection":[{"href":"https:\/\/cutismedical.shop\/et\/wp-json\/wp\/v2\/product"}],"about":[{"href":"https:\/\/cutismedical.shop\/et\/wp-json\/wp\/v2\/types\/product"}],"wp:featuredmedia":[{"embeddable":true,"href":"https:\/\/cutismedical.shop\/et\/wp-json\/wp\/v2\/media\/31839"}],"wp:attachment":[{"href":"https:\/\/cutismedical.shop\/et\/wp-json\/wp\/v2\/media?parent=31842"}],"wp:term":[{"taxonomy":"item","embeddable":true,"href":"https:\/\/cutismedical.shop\/et\/wp-json\/wp\/v2\/item?post=31842"},{"taxonomy":"product_cat","embeddable":true,"href":"https:\/\/cutismedical.shop\/et\/wp-json\/wp\/v2\/product_cat?post=31842"},{"taxonomy":"product_tag","embeddable":true,"href":"https:\/\/cutismedical.shop\/et\/wp-json\/wp\/v2\/product_tag?post=31842"}],"curies":[{"name":"wp","href":"https:\/\/api.w.org\/{rel}","templated":true}]}}