{"id":31780,"date":"2022-02-09T23:31:57","date_gmt":"2022-02-09T21:31:57","guid":{"rendered":"https:\/\/cutismedical.com\/shop\/maaratlemata\/softfil-precision-22g-70mm\/"},"modified":"2024-10-31T00:16:09","modified_gmt":"2024-10-30T22:16:09","slug":"softfil-precision-22g-70mm","status":"publish","type":"product","link":"https:\/\/cutismedical.shop\/et\/shop-es\/kanuul-et\/softfil-precision-22g-70mm\/","title":{"rendered":"SoftFil. T\u00e4psus 22G*70mm (20tk)"},"content":{"rendered":"<p><a href=\"https:\/\/cutismedical.com\/wp-content\/uploads\/2022\/03\/1-scaled.jpg\"><img loading=\"lazy\" decoding=\"async\" class=\"alignnone size-full wp-image-35265\" src=\"https:\/\/cutismedical.com\/wp-content\/uploads\/2022\/03\/1-scaled.jpg\" alt=\"\" width=\"1200\" height=\"370\" srcset=\"https:\/\/cutismedical.shop\/wp-content\/uploads\/2022\/03\/1-scaled.jpg 1200w, https:\/\/cutismedical.shop\/wp-content\/uploads\/2022\/03\/1-scaled-150x46.jpg 150w, https:\/\/cutismedical.shop\/wp-content\/uploads\/2022\/03\/1-scaled-592x183.jpg 592w, https:\/\/cutismedical.shop\/wp-content\/uploads\/2022\/03\/1-800x247.jpg 800w, https:\/\/cutismedical.shop\/wp-content\/uploads\/2022\/03\/1-768x237.jpg 768w, https:\/\/cutismedical.shop\/wp-content\/uploads\/2022\/03\/1-510x157.jpg 510w\" sizes=\"auto, (max-width: 1200px) 100vw, 1200px\" \/><\/a><\/p>\n<hr \/>\n<p><a href=\"https:\/\/cutismedical.com\/wp-content\/uploads\/2022\/03\/2-scaled.jpg\"><img loading=\"lazy\" decoding=\"async\" class=\"alignnone size-full wp-image-35268\" src=\"https:\/\/cutismedical.com\/wp-content\/uploads\/2022\/03\/2-scaled.jpg\" alt=\"\" width=\"1200\" height=\"469\" srcset=\"https:\/\/cutismedical.shop\/wp-content\/uploads\/2022\/03\/2-scaled.jpg 1200w, https:\/\/cutismedical.shop\/wp-content\/uploads\/2022\/03\/2-scaled-150x59.jpg 150w, https:\/\/cutismedical.shop\/wp-content\/uploads\/2022\/03\/2-scaled-592x231.jpg 592w, https:\/\/cutismedical.shop\/wp-content\/uploads\/2022\/03\/2-800x313.jpg 800w, https:\/\/cutismedical.shop\/wp-content\/uploads\/2022\/03\/2-768x300.jpg 768w, https:\/\/cutismedical.shop\/wp-content\/uploads\/2022\/03\/2-510x199.jpg 510w\" sizes=\"auto, (max-width: 1200px) 100vw, 1200px\" \/><\/a><\/p>\n<hr \/>\n<p><a href=\"https:\/\/cutismedical.com\/wp-content\/uploads\/2022\/03\/3-scaled.jpg\"><img loading=\"lazy\" decoding=\"async\" class=\"alignnone size-full wp-image-35271\" src=\"https:\/\/cutismedical.com\/wp-content\/uploads\/2022\/03\/3-scaled.jpg\" alt=\"\" width=\"1200\" height=\"325\" srcset=\"https:\/\/cutismedical.shop\/wp-content\/uploads\/2022\/03\/3-scaled.jpg 1200w, https:\/\/cutismedical.shop\/wp-content\/uploads\/2022\/03\/3-scaled-150x41.jpg 150w, https:\/\/cutismedical.shop\/wp-content\/uploads\/2022\/03\/3-scaled-592x160.jpg 592w, https:\/\/cutismedical.shop\/wp-content\/uploads\/2022\/03\/3-800x217.jpg 800w, https:\/\/cutismedical.shop\/wp-content\/uploads\/2022\/03\/3-768x208.jpg 768w, https:\/\/cutismedical.shop\/wp-content\/uploads\/2022\/03\/3-510x138.jpg 510w\" sizes=\"auto, (max-width: 1200px) 100vw, 1200px\" \/><\/a><\/p>\n<hr \/>\n<p><a href=\"https:\/\/cutismedical.com\/wp-content\/uploads\/2022\/03\/4-scaled.jpg\"><img loading=\"lazy\" decoding=\"async\" class=\"alignnone size-full wp-image-35274\" src=\"https:\/\/cutismedical.com\/wp-content\/uploads\/2022\/03\/4-scaled.jpg\" alt=\"\" width=\"1200\" height=\"594\" srcset=\"https:\/\/cutismedical.shop\/wp-content\/uploads\/2022\/03\/4-scaled.jpg 1200w, https:\/\/cutismedical.shop\/wp-content\/uploads\/2022\/03\/4-scaled-150x74.jpg 150w, https:\/\/cutismedical.shop\/wp-content\/uploads\/2022\/03\/4-scaled-592x293.jpg 592w, https:\/\/cutismedical.shop\/wp-content\/uploads\/2022\/03\/4-800x396.jpg 800w, https:\/\/cutismedical.shop\/wp-content\/uploads\/2022\/03\/4-768x380.jpg 768w, https:\/\/cutismedical.shop\/wp-content\/uploads\/2022\/03\/4-510x252.jpg 510w\" sizes=\"auto, (max-width: 1200px) 100vw, 1200px\" \/><\/a><\/p>\n<hr \/>\n<p><a href=\"https:\/\/cutismedical.com\/wp-content\/uploads\/2022\/03\/5-scaled.jpg\"><img loading=\"lazy\" decoding=\"async\" class=\"alignnone size-full wp-image-35277\" src=\"https:\/\/cutismedical.com\/wp-content\/uploads\/2022\/03\/5-scaled.jpg\" alt=\"\" width=\"1200\" height=\"585\" srcset=\"https:\/\/cutismedical.shop\/wp-content\/uploads\/2022\/03\/5-scaled.jpg 1200w, https:\/\/cutismedical.shop\/wp-content\/uploads\/2022\/03\/5-scaled-150x73.jpg 150w, https:\/\/cutismedical.shop\/wp-content\/uploads\/2022\/03\/5-scaled-592x289.jpg 592w, https:\/\/cutismedical.shop\/wp-content\/uploads\/2022\/03\/5-800x390.jpg 800w, https:\/\/cutismedical.shop\/wp-content\/uploads\/2022\/03\/5-768x375.jpg 768w, https:\/\/cutismedical.shop\/wp-content\/uploads\/2022\/03\/5-510x249.jpg 510w\" sizes=\"auto, (max-width: 1200px) 100vw, 1200px\" \/><\/a><\/p>\n","protected":false},"excerpt":{"rendered":"<p>SoftFil\u00ae PRECISION kan\u00fc\u00fcl on rahvusvaheliselt tunnustatud oma disaini poolest, mis on loodud arstide ja patsientide mugavuse ja ohutuse tagamiseks. Selle konstruktsioon v\u00f5imaldab kan\u00fc\u00fcli h\u00f5lpsat sisestamist, t\u00e4pset toote paigutust ja patsiendile optimaalset mugavust.<\/p>\n<p><a href=\"https:\/\/cutismedical.com\/wp-content\/uploads\/2022\/03\/precision-range-1.png\"><img loading=\"lazy\" decoding=\"async\" class=\"alignnone size-full wp-image-35287\" src=\"https:\/\/cutismedical.com\/wp-content\/uploads\/2022\/03\/precision-range-1.png\" alt=\"\" width=\"599\" height=\"406\" srcset=\"https:\/\/cutismedical.shop\/wp-content\/uploads\/2022\/03\/precision-range-1.png 599w, https:\/\/cutismedical.shop\/wp-content\/uploads\/2022\/03\/precision-range-1-150x102.png 150w, https:\/\/cutismedical.shop\/wp-content\/uploads\/2022\/03\/precision-range-1-592x401.png 592w, https:\/\/cutismedical.shop\/wp-content\/uploads\/2022\/03\/precision-range-1-590x400.png 590w, https:\/\/cutismedical.shop\/wp-content\/uploads\/2022\/03\/precision-range-1-510x346.png 510w\" sizes=\"auto, (max-width: 599px) 100vw, 599px\" \/><\/a><\/p>\n","protected":false},"featured_media":31777,"template":"","meta":{"_seopress_robots_primary_cat":"","_seopress_titles_title":"","_seopress_titles_desc":"","_seopress_robots_index":""},"item":[2094],"product_cat":[162],"product_tag":[],"class_list":{"0":"post-31780","1":"product","2":"type-product","3":"status-publish","4":"has-post-thumbnail","6":"item-softfil-et","7":"product_cat-kanuul-et","9":"first","10":"instock","11":"taxable","12":"shipping-taxable","13":"purchasable","14":"product-type-simple"},"_links":{"self":[{"href":"https:\/\/cutismedical.shop\/et\/wp-json\/wp\/v2\/product\/31780","targetHints":{"allow":["GET"]}}],"collection":[{"href":"https:\/\/cutismedical.shop\/et\/wp-json\/wp\/v2\/product"}],"about":[{"href":"https:\/\/cutismedical.shop\/et\/wp-json\/wp\/v2\/types\/product"}],"wp:featuredmedia":[{"embeddable":true,"href":"https:\/\/cutismedical.shop\/et\/wp-json\/wp\/v2\/media\/31777"}],"wp:attachment":[{"href":"https:\/\/cutismedical.shop\/et\/wp-json\/wp\/v2\/media?parent=31780"}],"wp:term":[{"taxonomy":"item","embeddable":true,"href":"https:\/\/cutismedical.shop\/et\/wp-json\/wp\/v2\/item?post=31780"},{"taxonomy":"product_cat","embeddable":true,"href":"https:\/\/cutismedical.shop\/et\/wp-json\/wp\/v2\/product_cat?post=31780"},{"taxonomy":"product_tag","embeddable":true,"href":"https:\/\/cutismedical.shop\/et\/wp-json\/wp\/v2\/product_tag?post=31780"}],"curies":[{"name":"wp","href":"https:\/\/api.w.org\/{rel}","templated":true}]}}