{"id":31316,"date":"2021-12-24T15:47:04","date_gmt":"2021-12-28T03:03:24","guid":{"rendered":"https:\/\/cutismedical.com\/?post_type=product&#038;p=31316"},"modified":"2021-12-28T05:04:17","modified_gmt":"2021-12-28T03:04:17","slug":"kinkekaarte-1000-euro","status":"publish","type":"product","link":"https:\/\/cutismedical.shop\/et\/shop-es\/kingiideed\/kinkekaarte-1000-euro\/","title":{"rendered":"Kinkekaarte 1000 euro"},"content":{"rendered":"<p><span style=\"font-weight: 400;\">P\u00e4rast allahindlussertifikaadi ostmist saadetakse Teie e-mailile kupong 200 euro v\u00e4\u00e4rtuses, mida v\u00f5ib meie Cutis Medicali veebipoes kasutada iga inimene.<\/span><\/p>\n<p><span style=\"font-weight: 400;\">Selleks on vaja valida meie veebilehel teile meeldivad kaubad ja tellimuse vormistamisel sisestada sertifikaat-kupong, mis tuleb teile meilile spetsiaalse v\u00e4ljaga \u201cVajutage koodi sisestamiseks siia\u201d<\/span><\/p>\n<p><a href=\"https:\/\/cutismedical.com\/wp-content\/uploads\/2021\/12\/shooterscreenshot-331-28-12-21.png\"><img loading=\"lazy\" decoding=\"async\" class=\"alignnone size-full wp-image-31289\" src=\"https:\/\/cutismedical.com\/wp-content\/uploads\/2021\/12\/shooterscreenshot-331-28-12-21.png\" alt=\"Vajutage koodi sisestamiseks siia\" width=\"844\" height=\"82\" srcset=\"https:\/\/cutismedical.shop\/wp-content\/uploads\/2021\/12\/shooterscreenshot-331-28-12-21.png 844w, https:\/\/cutismedical.shop\/wp-content\/uploads\/2021\/12\/shooterscreenshot-331-28-12-21-150x15.png 150w, https:\/\/cutismedical.shop\/wp-content\/uploads\/2021\/12\/shooterscreenshot-331-28-12-21-592x58.png 592w, https:\/\/cutismedical.shop\/wp-content\/uploads\/2021\/12\/shooterscreenshot-331-28-12-21-800x78.png 800w, https:\/\/cutismedical.shop\/wp-content\/uploads\/2021\/12\/shooterscreenshot-331-28-12-21-768x75.png 768w, https:\/\/cutismedical.shop\/wp-content\/uploads\/2021\/12\/shooterscreenshot-331-28-12-21-510x50.png 510w\" sizes=\"auto, (max-width: 844px) 100vw, 844px\" \/><\/a><\/p>\n<p><a href=\"https:\/\/cutismedical.com\/wp-content\/uploads\/2021\/12\/shooterscreenshot-332-28-12-21.png\"><img loading=\"lazy\" decoding=\"async\" class=\"alignnone size-full wp-image-31294\" src=\"https:\/\/cutismedical.com\/wp-content\/uploads\/2021\/12\/shooterscreenshot-332-28-12-21.png\" alt=\"Vajutage koodi sisestamiseks siia\" width=\"1460\" height=\"140\" srcset=\"https:\/\/cutismedical.shop\/wp-content\/uploads\/2021\/12\/shooterscreenshot-332-28-12-21.png 1460w, https:\/\/cutismedical.shop\/wp-content\/uploads\/2021\/12\/shooterscreenshot-332-28-12-21-150x14.png 150w, https:\/\/cutismedical.shop\/wp-content\/uploads\/2021\/12\/shooterscreenshot-332-28-12-21-592x57.png 592w, https:\/\/cutismedical.shop\/wp-content\/uploads\/2021\/12\/shooterscreenshot-332-28-12-21-800x77.png 800w, https:\/\/cutismedical.shop\/wp-content\/uploads\/2021\/12\/shooterscreenshot-332-28-12-21-1400x134.png 1400w, https:\/\/cutismedical.shop\/wp-content\/uploads\/2021\/12\/shooterscreenshot-332-28-12-21-768x74.png 768w, https:\/\/cutismedical.shop\/wp-content\/uploads\/2021\/12\/shooterscreenshot-332-28-12-21-510x49.png 510w\" sizes=\"auto, (max-width: 1460px) 100vw, 1460px\" \/><\/a><\/p>\n<p><span style=\"font-weight: 400;\">P\u00e4rast seda arvutatakse summa, arvestades selle kinkekaardi v\u00e4\u00e4rtust.<\/span><\/p>\n<p><a href=\"https:\/\/cutismedical.com\/wp-content\/uploads\/2021\/12\/sert1000est2-scaled.jpg\"><img loading=\"lazy\" decoding=\"async\" class=\"alignnone size-full wp-image-31317\" src=\"https:\/\/cutismedical.com\/wp-content\/uploads\/2021\/12\/sert1000est2-scaled.jpg\" alt=\"Kinkekaarte 1000 euro\" width=\"1200\" height=\"533\" srcset=\"https:\/\/cutismedical.shop\/wp-content\/uploads\/2021\/12\/sert1000est2-scaled.jpg 1200w, https:\/\/cutismedical.shop\/wp-content\/uploads\/2021\/12\/sert1000est2-scaled-150x67.jpg 150w, https:\/\/cutismedical.shop\/wp-content\/uploads\/2021\/12\/sert1000est2-scaled-592x263.jpg 592w, https:\/\/cutismedical.shop\/wp-content\/uploads\/2021\/12\/sert1000est2-800x355.jpg 800w, https:\/\/cutismedical.shop\/wp-content\/uploads\/2021\/12\/sert1000est2-768x341.jpg 768w, https:\/\/cutismedical.shop\/wp-content\/uploads\/2021\/12\/sert1000est2-510x226.jpg 510w\" sizes=\"auto, (max-width: 1200px) 100vw, 1200px\" \/><\/a><\/p>\n<p><span style=\"font-weight: 400;\">\u00dchele kontole saab osta ainult 1 sertifikaadi &#8211; kinkekaarte ei summeerita. 1 tellimus &#8211; 1 sertifikaat<\/span><\/p>\n<p><span style=\"font-weight: 400;\">Head uut aastat!<\/span><\/p>\n","protected":false},"excerpt":{"rendered":"<p>P\u00e4rast allahindlussertifikaadi ostmist saadetakse Teie e-mailile kupong 200 euro v\u00e4\u00e4rtuses, mida v\u00f5ib meie Cutis Medicali veebipoes kasutada iga inimene. Selleks<\/p>\n","protected":false},"featured_media":31320,"template":"","meta":{"_seopress_robots_primary_cat":"","_seopress_titles_title":"","_seopress_titles_desc":"","_seopress_robots_index":""},"item":[],"product_cat":[1473],"product_tag":[],"class_list":{"0":"post-31316","1":"product","2":"type-product","3":"status-publish","4":"has-post-thumbnail","6":"product_cat-kingiideed","8":"first","9":"instock","10":"virtual","11":"taxable","12":"purchasable","13":"product-type-simple"},"_links":{"self":[{"href":"https:\/\/cutismedical.shop\/et\/wp-json\/wp\/v2\/product\/31316","targetHints":{"allow":["GET"]}}],"collection":[{"href":"https:\/\/cutismedical.shop\/et\/wp-json\/wp\/v2\/product"}],"about":[{"href":"https:\/\/cutismedical.shop\/et\/wp-json\/wp\/v2\/types\/product"}],"wp:featuredmedia":[{"embeddable":true,"href":"https:\/\/cutismedical.shop\/et\/wp-json\/wp\/v2\/media\/31320"}],"wp:attachment":[{"href":"https:\/\/cutismedical.shop\/et\/wp-json\/wp\/v2\/media?parent=31316"}],"wp:term":[{"taxonomy":"item","embeddable":true,"href":"https:\/\/cutismedical.shop\/et\/wp-json\/wp\/v2\/item?post=31316"},{"taxonomy":"product_cat","embeddable":true,"href":"https:\/\/cutismedical.shop\/et\/wp-json\/wp\/v2\/product_cat?post=31316"},{"taxonomy":"product_tag","embeddable":true,"href":"https:\/\/cutismedical.shop\/et\/wp-json\/wp\/v2\/product_tag?post=31316"}],"curies":[{"name":"wp","href":"https:\/\/api.w.org\/{rel}","templated":true}]}}