{"id":31163,"date":"2022-04-20T19:20:22","date_gmt":"2022-04-20T17:20:55","guid":{"rendered":"https:\/\/cutismedical.com\/?post_type=product&#038;p=31163"},"modified":"2024-11-13T20:06:03","modified_gmt":"2024-11-13T18:06:03","slug":"mastelli-newgyn-1pcs-2ml","status":"publish","type":"product","link":"https:\/\/cutismedical.shop\/et\/shop-es\/biorevitalisant-et\/mastelli-newgyn-1pcs-2ml\/","title":{"rendered":"Mastelli. NewGyn (1 s\u00fcstal x 2ml.) | PDRN | Pol\u00fcnukleotiidid"},"content":{"rendered":"<p>Pol\u00fcnukleotiidide ja h\u00fcaluroonhappega formuleeritud NewGyn tegeleb t\u00f5husalt selliste probleemidega nagu s\u00fcgelus, \u00e4rritus, valulikkus, kuivus ning toonuse ja elastsuse kadumine vulvo-vaginaalses piirkonnas.<\/p>\n<p>See ravi toimib rakutasandil, et stimuleerida kollageeni tootmist ja suurendada kudede h\u00fcdratsiooni, parandades \u00fcldist tupe toonust ja niiskust. NewGyn on ideaalne naistele, kellel on hormonaalsete muutuste, s\u00fcnnituse v\u00f5i vananemise t\u00f5ttu ebamugavustunne, aidates taastada enesekindlust ja suurendada intiimset heaolu.<\/p>\n<p><strong>Pakend koosneb j\u00e4rgmistest osadest:<\/strong><\/p>\n<ul>\n<li>1 x 2ml eelt\u00e4idetud s\u00fcstel<\/li>\n<li>2 x n\u00f5elad 30G \u00bd<\/li>\n<\/ul>\n<p><strong>Peamised koostisosad:<\/strong><\/p>\n<ul>\n<li>10 mg\/ml h\u00fcaluroonhapet (mittekristalliseerunud).<\/li>\n<li>10 mg\/ml Pol\u00fcnukleotiidid<\/li>\n<li>Mannitool<\/li>\n<\/ul>\n<p><strong>NewGyn 2ml eelised:<\/strong><\/p>\n<ul>\n<li>Taastab tupe h\u00fcdratsiooni ja elastsuse.<\/li>\n<li>V\u00e4hendab kuivusega seotud ebamugavustunnet<\/li>\n<li>Parandab \u00fcldist intiimset tervist<\/li>\n<li>Parandab kudede kvaliteeti ja tugevust<\/li>\n<li>Sobib igas vanuses naistele<\/li>\n<\/ul>\n<p><strong>Hoolduspiirkonnad:<\/strong><\/p>\n<ul>\n<li>Vulvo-vaginaalne piirkond<\/li>\n<\/ul>\n<p><strong>Kuidas toodet kasutada:<\/strong><\/p>\n<p>NewGyn 2ml manustatakse minimaalselt invasiivse s\u00fcstimise teel, pakkudes ohutut ja t\u00f5husat lahendust tupe noorendamiseks.<\/p>\n<p><strong>Kui kaua kestab tulemus?<\/strong><\/p>\n<p>NewGyn 2ml by Mastelli tulemused kestavad tavaliselt 6 kuni 12 kuud, s\u00f5ltuvalt individuaalsetest teguritest, nagu nahat\u00fc\u00fcp, vanus ja hormonaalne tasakaal.<\/p>\n","protected":false},"excerpt":{"rendered":"<p>NewGyn 2ml by Mastelli on uuenduslik s\u00fcstitav ravi, mis on spetsiaalselt m\u00f5eldud tupe noorendamiseks ja intiimse tervise taastamiseks.<\/p>\n","protected":false},"featured_media":45338,"template":"","meta":{"_seopress_robots_primary_cat":"none","_seopress_titles_title":"","_seopress_titles_desc":"","_seopress_robots_index":""},"item":[2017],"product_cat":[315],"product_tag":[],"class_list":{"0":"post-31163","1":"product","2":"type-product","3":"status-publish","4":"has-post-thumbnail","6":"item-mastelli-aesthetic-et","7":"product_cat-biorevitalisant-et","9":"first","10":"instock","11":"taxable","12":"shipping-taxable","13":"purchasable","14":"product-type-simple"},"_links":{"self":[{"href":"https:\/\/cutismedical.shop\/et\/wp-json\/wp\/v2\/product\/31163","targetHints":{"allow":["GET"]}}],"collection":[{"href":"https:\/\/cutismedical.shop\/et\/wp-json\/wp\/v2\/product"}],"about":[{"href":"https:\/\/cutismedical.shop\/et\/wp-json\/wp\/v2\/types\/product"}],"wp:featuredmedia":[{"embeddable":true,"href":"https:\/\/cutismedical.shop\/et\/wp-json\/wp\/v2\/media\/45338"}],"wp:attachment":[{"href":"https:\/\/cutismedical.shop\/et\/wp-json\/wp\/v2\/media?parent=31163"}],"wp:term":[{"taxonomy":"item","embeddable":true,"href":"https:\/\/cutismedical.shop\/et\/wp-json\/wp\/v2\/item?post=31163"},{"taxonomy":"product_cat","embeddable":true,"href":"https:\/\/cutismedical.shop\/et\/wp-json\/wp\/v2\/product_cat?post=31163"},{"taxonomy":"product_tag","embeddable":true,"href":"https:\/\/cutismedical.shop\/et\/wp-json\/wp\/v2\/product_tag?post=31163"}],"curies":[{"name":"wp","href":"https:\/\/api.w.org\/{rel}","templated":true}]}}