{"id":31160,"date":"2022-04-20T19:23:17","date_gmt":"2022-04-20T17:24:20","guid":{"rendered":"https:\/\/cutismedical.com\/?post_type=product&#038;p=31160"},"modified":"2024-11-12T17:36:50","modified_gmt":"2024-11-12T15:36:50","slug":"mastelli-plinest-one-5pcs-4ml","status":"publish","type":"product","link":"https:\/\/cutismedical.shop\/et\/shop-es\/mesoteraapia-et\/nagu-et\/mastelli-plinest-one-5pcs-4ml\/","title":{"rendered":"Mastelli. Plinest One (5 viaali x 4ml.) | PDRN | Pol\u00fcnukleotiidid"},"content":{"rendered":"<p>See t\u00e4iustatud lahendus, mis sisaldab ainulaadset pol\u00fcnukleotiidide segu, toimib rakutasandil, et parandada naha niisutust, elastsust ja \u00fcldist tekstuuri. Plinest One taaselustab nahka, stimuleerides kollageeni tootmist ja t\u00f5hustades rakkude taastumist. See v\u00e4hendab t\u00f5husalt peenikeste joonte ja kortsude ilmnemist, parandades samal ajal naha toonust ja tugevust. Lisaks soovitatakse seda kasutada naha l\u00f5tvuse ja striae distensae v\u00e4hendamiseks noorematel patsientidel.<\/p>\n<p>4 ml annus v\u00f5imaldab laiemat kasutamist, mist\u00f5ttu sobib see n\u00e4ole, kaelale, dekolteele ja kehale.<\/p>\n<p><strong>Pakend koosneb j\u00e4rgmistest osadest:<\/strong><\/p>\n<ul>\n<li>5 viaali x 4ml<\/li>\n<\/ul>\n<p><strong>Peamised koostisosad:<\/strong><\/p>\n<ul>\n<li>2 mg\/ml pol\u00fcnukleotiide<\/li>\n<\/ul>\n<p><strong>Plinest One 4ml eelised:<\/strong><\/p>\n<ul>\n<li>Niisutab ja toidab nahka s\u00fcgavuti.<\/li>\n<li>Parandab naha elastsust ja tugevust<\/li>\n<li>V\u00e4hendab peeneid jooni ja kortse<\/li>\n<li>Parandab naha \u00fcldist tekstuuri ja toonust<\/li>\n<li>Toimetab naha l\u00f5tvust ja venitusarmide teket noorematel patsientidel.<\/li>\n<\/ul>\n<p><strong>Hoolduspiirkonnad:<\/strong><\/p>\n<ul>\n<li>N\u00e4gu<\/li>\n<li>Kael<\/li>\n<li>Dekoltee<\/li>\n<li>Keha<\/li>\n<\/ul>\n","protected":false},"excerpt":{"rendered":"<p>Plinest One 4ml on esmaklassiline s\u00fcstitav ravi, mis on m\u00f5eldud naha kvaliteedi parandamiseks ja mitmete vananemism\u00e4rkidega tegelemiseks.<\/p>\n","protected":false},"featured_media":45251,"template":"","meta":{"_seopress_robots_primary_cat":"none","_seopress_titles_title":"","_seopress_titles_desc":"","_seopress_robots_index":""},"item":[2017],"product_cat":[155,1188,1865,1866],"product_tag":[],"class_list":{"0":"post-31160","1":"product","2":"type-product","3":"status-publish","4":"has-post-thumbnail","6":"item-mastelli-aesthetic-et","7":"product_cat-mesoteraapia-et","8":"product_cat-nagu-et","9":"product_cat-tugevdamine-naha-pinguldamine","10":"product_cat-liftingu-efekt-pinguldav-toime","12":"first","13":"instock","14":"taxable","15":"shipping-taxable","16":"purchasable","17":"product-type-simple"},"_links":{"self":[{"href":"https:\/\/cutismedical.shop\/et\/wp-json\/wp\/v2\/product\/31160","targetHints":{"allow":["GET"]}}],"collection":[{"href":"https:\/\/cutismedical.shop\/et\/wp-json\/wp\/v2\/product"}],"about":[{"href":"https:\/\/cutismedical.shop\/et\/wp-json\/wp\/v2\/types\/product"}],"wp:featuredmedia":[{"embeddable":true,"href":"https:\/\/cutismedical.shop\/et\/wp-json\/wp\/v2\/media\/45251"}],"wp:attachment":[{"href":"https:\/\/cutismedical.shop\/et\/wp-json\/wp\/v2\/media?parent=31160"}],"wp:term":[{"taxonomy":"item","embeddable":true,"href":"https:\/\/cutismedical.shop\/et\/wp-json\/wp\/v2\/item?post=31160"},{"taxonomy":"product_cat","embeddable":true,"href":"https:\/\/cutismedical.shop\/et\/wp-json\/wp\/v2\/product_cat?post=31160"},{"taxonomy":"product_tag","embeddable":true,"href":"https:\/\/cutismedical.shop\/et\/wp-json\/wp\/v2\/product_tag?post=31160"}],"curies":[{"name":"wp","href":"https:\/\/api.w.org\/{rel}","templated":true}]}}