{"id":31137,"date":"2021-12-21T18:28:05","date_gmt":"2023-07-28T11:18:34","guid":{"rendered":"https:\/\/cutismedical.com\/?post_type=product&#038;p=31137"},"modified":"2024-11-12T18:17:33","modified_gmt":"2024-11-12T16:17:33","slug":"mastelli-newest-1pcs-2ml","status":"publish","type":"product","link":"https:\/\/cutismedical.shop\/et\/shop-es\/biorevitalisant-et\/mastelli-newest-1pcs-2ml\/","title":{"rendered":"Mastelli. Newest (1 s\u00fcstal x 2ml.) | PDRN | Pol\u00fcnukleotiidid"},"content":{"rendered":"<p>See on m\u00f5eldud biov\u00e4rskendavate protseduuride jaoks, aidates taastada naha niisutust, pinguldatust ja s\u00e4ra. See toode sobib vananemisest, keskkonnakahjustustest ja elastsuse kaotusest tingitud naha ebat\u00e4iuslikkuse k\u00f5rvaldamiseks.<\/p>\n<p><b><strong>Pakend koosneb j\u00e4rgmistest osadest:<\/strong><\/b><\/p>\n<ul>\n<li>1 x 2ml s\u00fcstel<\/li>\n<\/ul>\n<p><b><strong>Peamised koostisosad:<\/strong><\/b><\/p>\n<ul>\n<li>Pol\u00fcnukleotiidid<\/li>\n<li>H\u00fcaluroonhape<\/li>\n<\/ul>\n<p><b><strong>Uue 2ml eelised:<\/strong><\/b><\/p>\n<ul>\n<li>V\u00f5ib suurendada naha regenereerimist<\/li>\n<li>Aitab suurendada naha niisutust<\/li>\n<li>Parandab naha elastsust<\/li>\n<li>V\u00f5ib v\u00e4hendada peeneid jooni ja kortse<\/li>\n<li>V\u00f5ib pakkuda pikaajalist niisutust<\/li>\n<\/ul>\n<p><b><strong>Hoolduspiirkonnad:<\/strong><\/b><\/p>\n<ul>\n<li>N\u00e4gu (sh p\u00f5sed, otsaesine, nasolabiaalvoldid).<\/li>\n<li>Kael<\/li>\n<li>Dekoltee<\/li>\n<li>K\u00e4ed<\/li>\n<\/ul>\n<p><strong>Kui kaua kestab tulemus?<\/strong><\/p>\n<p>Newest 2ml hoolduste tulemused kestavad tavaliselt 4 kuni 6 kuud, s\u00f5ltuvalt sellistest teguritest nagu nahat\u00fc\u00fcp, elustiil, vanus ja konkreetne raviplaan. Optimaalse tulemuse s\u00e4ilitamiseks v\u00f5ib olla vajalik regulaarne hooldussessioon.<\/p>\n","protected":false},"excerpt":{"rendered":"<p>Newest 2ml on Mastelli Srl poolt v\u00e4lja t\u00f6\u00f6tatud nahat\u00e4iteaine, mis kasutab pol\u00fcnukleotiidide kombinatsiooni, et stimuleerida kudede regenereerimist, parandada naha elastsust ja avaldada vananemisvastast m\u00f5ju.<\/p>\n","protected":false},"featured_media":45255,"template":"","meta":{"_seopress_robots_primary_cat":"none","_seopress_titles_title":"","_seopress_titles_desc":"","_seopress_robots_index":""},"item":[2017],"product_cat":[315],"product_tag":[],"class_list":{"0":"post-31137","1":"product","2":"type-product","3":"status-publish","4":"has-post-thumbnail","6":"item-mastelli-aesthetic-et","7":"product_cat-biorevitalisant-et","9":"first","10":"instock","11":"taxable","12":"shipping-taxable","13":"purchasable","14":"product-type-simple"},"_links":{"self":[{"href":"https:\/\/cutismedical.shop\/et\/wp-json\/wp\/v2\/product\/31137","targetHints":{"allow":["GET"]}}],"collection":[{"href":"https:\/\/cutismedical.shop\/et\/wp-json\/wp\/v2\/product"}],"about":[{"href":"https:\/\/cutismedical.shop\/et\/wp-json\/wp\/v2\/types\/product"}],"wp:featuredmedia":[{"embeddable":true,"href":"https:\/\/cutismedical.shop\/et\/wp-json\/wp\/v2\/media\/45255"}],"wp:attachment":[{"href":"https:\/\/cutismedical.shop\/et\/wp-json\/wp\/v2\/media?parent=31137"}],"wp:term":[{"taxonomy":"item","embeddable":true,"href":"https:\/\/cutismedical.shop\/et\/wp-json\/wp\/v2\/item?post=31137"},{"taxonomy":"product_cat","embeddable":true,"href":"https:\/\/cutismedical.shop\/et\/wp-json\/wp\/v2\/product_cat?post=31137"},{"taxonomy":"product_tag","embeddable":true,"href":"https:\/\/cutismedical.shop\/et\/wp-json\/wp\/v2\/product_tag?post=31137"}],"curies":[{"name":"wp","href":"https:\/\/api.w.org\/{rel}","templated":true}]}}