{"id":31055,"date":"2021-12-19T15:19:35","date_gmt":"2021-12-19T13:19:35","guid":{"rendered":"https:\/\/cutismedical.com\/shop\/maaratlemata\/instytutum-retinol-love-duo\/"},"modified":"2024-11-01T19:15:08","modified_gmt":"2024-11-01T17:15:08","slug":"instytutum-retinol-love-duo","status":"publish","type":"product","link":"https:\/\/cutismedical.shop\/et\/shop-es\/nahahooldus\/naopuhastus-et-prof\/instytutum-retinol-love-duo\/","title":{"rendered":"Instytutum. Retinol Love Duo"},"content":{"rendered":"<p><strong>KUIDAS KASUTADA<\/strong><\/p>\n<p><strong>T\u00e4iustatud retinooliga toonik<\/strong> Kasutage p\u00e4rast puhastamist. Kandke vatipadjale v\u00f5i k\u00e4tele ja kandke n\u00e4ole, kaelale ja dekolteele. J\u00e4tke toimima, seej\u00e4rel kandke X-strength Retinol Serum.<\/p>\n<p><strong>X-strength Retinol Serum<\/strong> Kasutade esmakordselt retinooli? Suurendage kasutamise sagedust j\u00e4rk-j\u00e4rgult, alustades \u00fclep\u00e4eviti ja l\u00f5puks iga\u00f5htuse kasutamiseni. Kogenud retinoolikasutajatele: kasutage igal \u00f5htul v\u00f5i vaheldumisi meie RetinOiliga. L\u00f5petage Hydrafusion v\u00f5i Flawless Cream kreemiga.<\/p>\n<p><strong>T\u00e4iustatud retinooliga toonik<\/strong> Teie puhastusrutiini viimane samm ja \u00fchtlasi esimene etapp, kus nahk saab stabiliseeritud retinooli, niisutust ja musta roosi ekstrakti enne seerumi ja niisutaja pealekandmist. Retinooliga toonik valmistab naha j\u00e4rgmiseks sammuks ette ja suurendab seerumi t\u00f5husust.<\/p>\n","protected":false},"excerpt":{"rendered":"<p><strong>X-strength Retinol Serum<\/strong> J\u00e4tkake aktiivsete koostisosade kihtide lisamist ja nautige selle v\u00f5imsa retinoidkompleksi tulemusi ilma tavaliste k\u00f5rvaltoimeteta. Dermatoloogiliselt testitud, praktiliselt ei p\u00f5hjusta naha\u00e4rritust.<\/p>\n","protected":false},"featured_media":31051,"template":"","meta":{"_seopress_robots_primary_cat":"none","_seopress_titles_title":"","_seopress_titles_desc":"","_seopress_robots_index":""},"item":[2032],"product_cat":[1813,195,363,1910,1913,1928,1849,1850,1853,1858,1473],"product_tag":[1876,1885,1900],"class_list":{"0":"post-31055","1":"product","2":"type-product","3":"status-publish","4":"has-post-thumbnail","6":"item-instytutum-et","7":"product_cat-otstarve","8":"product_cat-naopuhastus-et","9":"product_cat-seerum-et","10":"product_cat-nahahooldus","11":"product_cat-naopuhastus-et-prof","12":"product_cat-kreem-et-prof","13":"product_cat-nahahooldus-nahatuubi-jargi","14":"product_cat-akne-post-akne","15":"product_cat-kortsud","16":"product_cat-lotvunud-nahk","17":"product_cat-kingiideed","18":"product_tag-akne-post-akne","19":"product_tag-kortsud","20":"product_tag-lotvunud-nahk","22":"first","23":"instock","24":"taxable","25":"shipping-taxable","26":"purchasable","27":"product-type-simple"},"_links":{"self":[{"href":"https:\/\/cutismedical.shop\/et\/wp-json\/wp\/v2\/product\/31055","targetHints":{"allow":["GET"]}}],"collection":[{"href":"https:\/\/cutismedical.shop\/et\/wp-json\/wp\/v2\/product"}],"about":[{"href":"https:\/\/cutismedical.shop\/et\/wp-json\/wp\/v2\/types\/product"}],"wp:featuredmedia":[{"embeddable":true,"href":"https:\/\/cutismedical.shop\/et\/wp-json\/wp\/v2\/media\/31051"}],"wp:attachment":[{"href":"https:\/\/cutismedical.shop\/et\/wp-json\/wp\/v2\/media?parent=31055"}],"wp:term":[{"taxonomy":"item","embeddable":true,"href":"https:\/\/cutismedical.shop\/et\/wp-json\/wp\/v2\/item?post=31055"},{"taxonomy":"product_cat","embeddable":true,"href":"https:\/\/cutismedical.shop\/et\/wp-json\/wp\/v2\/product_cat?post=31055"},{"taxonomy":"product_tag","embeddable":true,"href":"https:\/\/cutismedical.shop\/et\/wp-json\/wp\/v2\/product_tag?post=31055"}],"curies":[{"name":"wp","href":"https:\/\/api.w.org\/{rel}","templated":true}]}}