{"id":30985,"date":"2021-12-18T11:08:56","date_gmt":"2021-12-18T09:08:56","guid":{"rendered":"https:\/\/cutismedical.com\/shop\/maaratlemata\/instytutum-anti-ageing-bundle\/"},"modified":"2024-11-01T19:45:37","modified_gmt":"2024-11-01T17:45:37","slug":"instytutum-anti-ageing-bundle","status":"publish","type":"product","link":"https:\/\/cutismedical.shop\/et\/shop-es\/nahahooldus\/naopuhastus-et-prof\/instytutum-anti-ageing-bundle\/","title":{"rendered":"Instytutum. Anti Ageing Bundle"},"content":{"rendered":"<p><strong>X-strength Retinol Serum<\/strong><\/p>\n<p>K\u00f5rge annusega eriti tugev retinooliseerum, mis t\u00f5eliselt muudab naha seisundit. Sisaldab 8% retinoidide kompleksi, mille kontsentratsioon on 5% Granactive Retinoid, mis on lahustatud s\u00fcsteemis Hydroxipinacolone Retinoate &#8211; k\u00f5igi-trans-retinoehappe k\u00f5rgelt stabiliseeritud retinoolester. Tagab parema aktiivse toimeaine imendumise ja v\u00f5itleb mitmete vananemisilmingutega, p\u00f5hjustamata tugevat \u00e4rritust. Kiirendab rakkude uuenemist, soodustab tervislike naharakkude kasvu, v\u00e4hendab laike, peeneid jooni ja kortse, \u00fchtlustab naha tooni ja tekstuuri. Sisaldab ka 3% sinakasrohelist vetikat, mis on looduslik retinoidilaadne mikrovetika ekstrakt, ning 2% uuendavat t\u00e4iuslikkuspeptiidi P3, mis aktiveerib naha loomuliku koorumise (deskvamatsiooni) protsessi. Silendab naha mikroreljeefi ja v\u00e4hendab oluliselt kortsude s\u00fcgavust ja arvu, pakkudes intensiivset niisutust ja taastumist.<\/p>\n<p><strong>Advanced resurfacing toner<\/strong><\/p>\n<p>Paljastage veatu ja uuenenud jume meie retinoolitoonikuga, millel on arenenud toimetustehnoloogia, mis toimetab stabiliseeritud retinooli naharakkudesse, suurendades retinooli biosaadavust epidermisele. <\/p>\n<p>Mikrokapseldatud retinool pikendab toimeaine eluts\u00fcklit, tagades maksimaalse efektiivsuse, penetratsiooni ja madala kuni olematu \u00e4rrituse.<\/p>\n<p><strong>Truly-transforming brightening eye cream<\/strong><\/p>\n<p>See v\u00f5imas rikkalik niisutav silmakreem on loodud k\u00f5ikide vajaduste rahuldamiseks \u00fcheaegselt. Supertoitev, \u00f5rn, kuid piisavalt tugev, et parandada isegi kangekaelsemaid vananemisilminguid. Kontsentreeritud ja \u00fclitugev koostis loob koheselt siledama, t\u00f5stetud ja paistetuseta silma\u00fcmbruse ning v\u00f5itleb viie t\u00fc\u00fcpi silma\u00fcmbruse kortsudega. Siidipuu kooreekstrakt ja naistepuna t\u00f5stavad m\u00e4rgatavalt \u00fclalaugude ala, andes heledama ja nooruslikuma ilme. Kandke \u00f5huke kiht kaks korda p\u00e4evas, nahahoolduse viimase etapina. Patsutage \u00f5rnalt silma\u00fcmbruse ja \u00fclalaugude nahka.<\/p>\n<p><strong>Xceptional flawless cream<\/strong><\/p>\n<p>See v\u00f5imas unistuste kreem sulab luksuslikult nahale, pakkudes sujuvat ja meeldivat kandmist ning kujundab \u00fcmber n\u00e4okontuurid p\u00f5sesarnade ja l\u00f5uajoone piirkonnas, luues V-kujulise efekti. Laetud t\u00f5husate ja uuenduslike koostisosadega, et pakkuda mitmeid vananemisvastaseid eeliseid. Niisutab nahka, suurendades selle vetruvust, paindlikkust ja elastsust.<\/p>\n","protected":false},"excerpt":{"rendered":"<p>X-strength Retinol Serum + Advanced resurfacing toner + Truly-transforming brightening eye cream + Xceptional flawless cream.<\/p>\n","protected":false},"featured_media":30980,"template":"","meta":{"_seopress_robots_primary_cat":"none","_seopress_titles_title":"","_seopress_titles_desc":"","_seopress_robots_index":""},"item":[2032],"product_cat":[1813,195,1845,151,363,1910,1913,1922,1928,1931,1849,1850,1853,1857,1858,1473],"product_tag":[1876,1885,1900,1897],"class_list":{"0":"post-30985","1":"product","2":"type-product","3":"status-publish","4":"has-post-thumbnail","6":"item-instytutum-et","7":"product_cat-otstarve","8":"product_cat-naopuhastus-et","9":"product_cat-silmaumbruse-hooldus","10":"product_cat-kreem-et","11":"product_cat-seerum-et","12":"product_cat-nahahooldus","13":"product_cat-naopuhastus-et-prof","14":"product_cat-silmaumbruse-hooldus-et","15":"product_cat-kreem-et-prof","16":"product_cat-seerum-et-prof","17":"product_cat-nahahooldus-nahatuubi-jargi","18":"product_cat-akne-post-akne","19":"product_cat-kortsud","20":"product_cat-pigmendilaigud","21":"product_cat-lotvunud-nahk","22":"product_cat-kingiideed","23":"product_tag-akne-post-akne","24":"product_tag-kortsud","25":"product_tag-lotvunud-nahk","26":"product_tag-pigmendilaigud","28":"first","29":"instock","30":"taxable","31":"shipping-taxable","32":"purchasable","33":"product-type-simple"},"_links":{"self":[{"href":"https:\/\/cutismedical.shop\/et\/wp-json\/wp\/v2\/product\/30985","targetHints":{"allow":["GET"]}}],"collection":[{"href":"https:\/\/cutismedical.shop\/et\/wp-json\/wp\/v2\/product"}],"about":[{"href":"https:\/\/cutismedical.shop\/et\/wp-json\/wp\/v2\/types\/product"}],"wp:featuredmedia":[{"embeddable":true,"href":"https:\/\/cutismedical.shop\/et\/wp-json\/wp\/v2\/media\/30980"}],"wp:attachment":[{"href":"https:\/\/cutismedical.shop\/et\/wp-json\/wp\/v2\/media?parent=30985"}],"wp:term":[{"taxonomy":"item","embeddable":true,"href":"https:\/\/cutismedical.shop\/et\/wp-json\/wp\/v2\/item?post=30985"},{"taxonomy":"product_cat","embeddable":true,"href":"https:\/\/cutismedical.shop\/et\/wp-json\/wp\/v2\/product_cat?post=30985"},{"taxonomy":"product_tag","embeddable":true,"href":"https:\/\/cutismedical.shop\/et\/wp-json\/wp\/v2\/product_tag?post=30985"}],"curies":[{"name":"wp","href":"https:\/\/api.w.org\/{rel}","templated":true}]}}