{"id":30972,"date":"2021-12-17T20:35:42","date_gmt":"2021-12-17T18:35:42","guid":{"rendered":"https:\/\/cutismedical.com\/shop\/maaratlemata\/instytutum-hydration-burst\/"},"modified":"2024-11-01T19:53:35","modified_gmt":"2024-11-01T17:53:35","slug":"instytutum-hydration-burst","status":"publish","type":"product","link":"https:\/\/cutismedical.shop\/et\/shop-es\/nahahooldus\/naopuhastus-et-prof\/instytutum-hydration-burst\/","title":{"rendered":"Instytutum. Hydration Burst"},"content":{"rendered":"<p><strong>Muutuv sulav puhastusvahend.<\/strong> T\u00f5eliselt unikaalne puhastusvahend, mis j\u00e4tab naha kaunilt puhastatuks, niisutatuks ja elastseks. Naha silmn\u00e4htav taastamine ja silumine, mis \u00fchtlasi uuendab jume. V\u00f5imas sulav koostis pakub v\u00f5rreldamatut sensoorset kogemust. Nahk tundub pehme, niisutatud ja s\u00e4rav. Retinooli taastav toime pehmendab naha struktuuri. H\u00fcaluroonhape pakub intensiivset niisutust ja suurendab naha elastsust. E-vitamiin, provitamiin B5 taastava toimega ja allantoiin rahustavad ja leevendavad naha punetust ning tugevdavad naha barj\u00e4\u00e4ri. Annab nahale s\u00e4rava v\u00e4limuse ja \u00fchtlustab jumet.<\/p>\n<p><strong>Hydrafusion<\/strong> T\u00e4iustatud vananemisvastane veekreem nelja molekulaarse h\u00fcaluroonhappe suurusega, mis loob kolmem\u00f5\u00f5tmelise v\u00f5rgu, mis on suunatud naha erinevatele kihtidele, et t\u00e4iendada vett v\u00e4ljast ja hoida seda sees. Niisutab kuni 24 tundi, parandades elastsust ja pehmust.<\/p>\n<p><strong>Superseerum \u2013 v\u00f5imas vananemisvastane kontsentraat.<\/strong> Sisaldab k\u00f5rgendatud taset erinevate multimolekulaarse h\u00fcaluroonhappe t\u00fc\u00fcpidega, pakkudes 24-tunnist mitmekihilist niisutust, et luua kolmem\u00f5\u00f5tmeline niisutusv\u00f5rk. Koos peptiidide, tripeptiid-5, kollageeni, provitamiin B5 ja pol\u00fcsahhariididega v\u00f5itleb kompleks naha l\u00f5tvumise vastu, suurendab toonust ja tugevust ning v\u00e4hendab joonte ja kortsude s\u00fcgavust. Stimuleerib kollageeni tootmist, parandab kollageenikiudude arengut ja suurendab elastsust. V\u00f5itleb fotovananemise n\u00e4htavate tunnustega, pakkudes p\u00f5letikuvastaseid, taastavaid ja rahustavaid eeliseid.<\/p>\n<p><strong>KASUTUSJUHEND<\/strong><\/p>\n<p>Kandke <strong>Transforming Melting Cleanser<\/strong> \u00fchtlaselt kuivale nahale, eelnevalt nahka niisutamata, ja masseerige sisse. Niisutage nahka, et muuta palsam siidiseks emulsiooniks. Loputage p\u00f5hjalikult sooja veega. P\u00e4rast puhastamist kandke n\u00e4ole, silmade alla, kaelale ja dekolteele m\u00f5ned tilgad <strong>Super serum<\/strong>. L\u00f5petage nahahooldus Hydrafusion kreemiga, kandes seda puhtale n\u00e4o-, kaela- ja dekolteenahale.<\/p>\n","protected":false},"excerpt":{"rendered":"<p>Transforming melting cleanser + HydraFusion 4D Hydrating Water Burst Cream + Super serum powerful anti-aging concentrate.<\/p>\n","protected":false},"featured_media":30968,"template":"","meta":{"_seopress_robots_primary_cat":"none","_seopress_titles_title":"","_seopress_titles_desc":"","_seopress_robots_index":""},"item":[2032],"product_cat":[1813,195,151,363,1910,1913,1928,1931,1849,1853,1858,1473],"product_tag":[1885,1900],"class_list":{"0":"post-30972","1":"product","2":"type-product","3":"status-publish","4":"has-post-thumbnail","6":"item-instytutum-et","7":"product_cat-otstarve","8":"product_cat-naopuhastus-et","9":"product_cat-kreem-et","10":"product_cat-seerum-et","11":"product_cat-nahahooldus","12":"product_cat-naopuhastus-et-prof","13":"product_cat-kreem-et-prof","14":"product_cat-seerum-et-prof","15":"product_cat-nahahooldus-nahatuubi-jargi","16":"product_cat-kortsud","17":"product_cat-lotvunud-nahk","18":"product_cat-kingiideed","19":"product_tag-kortsud","20":"product_tag-lotvunud-nahk","22":"first","23":"instock","24":"taxable","25":"shipping-taxable","26":"purchasable","27":"product-type-simple"},"_links":{"self":[{"href":"https:\/\/cutismedical.shop\/et\/wp-json\/wp\/v2\/product\/30972","targetHints":{"allow":["GET"]}}],"collection":[{"href":"https:\/\/cutismedical.shop\/et\/wp-json\/wp\/v2\/product"}],"about":[{"href":"https:\/\/cutismedical.shop\/et\/wp-json\/wp\/v2\/types\/product"}],"wp:featuredmedia":[{"embeddable":true,"href":"https:\/\/cutismedical.shop\/et\/wp-json\/wp\/v2\/media\/30968"}],"wp:attachment":[{"href":"https:\/\/cutismedical.shop\/et\/wp-json\/wp\/v2\/media?parent=30972"}],"wp:term":[{"taxonomy":"item","embeddable":true,"href":"https:\/\/cutismedical.shop\/et\/wp-json\/wp\/v2\/item?post=30972"},{"taxonomy":"product_cat","embeddable":true,"href":"https:\/\/cutismedical.shop\/et\/wp-json\/wp\/v2\/product_cat?post=30972"},{"taxonomy":"product_tag","embeddable":true,"href":"https:\/\/cutismedical.shop\/et\/wp-json\/wp\/v2\/product_tag?post=30972"}],"curies":[{"name":"wp","href":"https:\/\/api.w.org\/{rel}","templated":true}]}}