{"id":30949,"date":"2021-12-17T18:58:04","date_gmt":"2021-12-17T16:58:04","guid":{"rendered":"https:\/\/cutismedical.com\/shop\/maaratlemata\/instytutum-ultimate-glow-getters\/"},"modified":"2024-11-01T19:57:57","modified_gmt":"2024-11-01T17:57:57","slug":"instytutum-ultimate-glow-getters","status":"publish","type":"product","link":"https:\/\/cutismedical.shop\/et\/shop-es\/nahahooldus\/naopuhastus-et-prof\/instytutum-ultimate-glow-getters\/","title":{"rendered":"Instytutum. Ultimate Glow Getters"},"content":{"rendered":"<p><strong>Resurfacing Glow Toner<\/strong> Puhastamise viimane etapp ja samal ajal s\u00fcgavuti niisutav essents. Loob ideaalse aluse j\u00e4rgnevatele hooldusastmetele. T\u00f5eline ilutoode t\u00e4nu mitmek\u00fclgsetele eelistele. Nahk ei ole mitte ainult puhastatud, vaid ka s\u00fcgavalt niisutatud, prink ja rahulik. T\u00e4iuslik pH-tase 3,5 tagab t\u00f5husa toime.<\/p>\n<p><strong>Triple Action Resurfacing Peel<\/strong> T\u00f5eliselt transformeeriv kolmetoimeline kooriv n\u00e4ohooldus sisaldab 10% hapete duo\u2019t, papaia ens\u00fc\u00fcme ja palju \u00fclipeeni mikrolihvimishelmeid, andes mikrod\u00fcnaamilise hoolduse efekti. T\u00e4iuslik jume on garanteeritud.<\/p>\n<p><strong>C-Illuminating Moisturizer<\/strong> Pakub kohest s\u00e4ra ja niiskust t\u00e4is, tervet ja intensiivselt niisutatud s\u00e4ravat nahka. See v\u00f5imas vananemisvastane kreem on t\u00f5eline multitaskija ja sisaldab palju kasulikke omadusi. Innovatiivne tekstuur \u00fchtlustab, parandab ja peegeldab jume.<\/p>\n<p><strong>KASUTUSJUHEND<\/strong><\/p>\n<p><strong>Resurfacing Glow Toner<\/strong> Kasutage p\u00e4rast puhastamist v\u00f5i koorimist. Kandke vatipadjale v\u00f5i k\u00e4tele ja h\u00f5\u00f5ruge n\u00e4ole, kaelale ja dekolteele. Laske m\u00f5juda, seej\u00e4rel kandke peale oma tavaline niisutaja.<\/p>\n<p><strong>Triple Action Resurfacing Peel<\/strong> Kandke \u00fchtlane kiht n\u00e4ole, kaelale ja dekolteele, v\u00e4ltides silmade \u00fcmbrust, ja masseerige ringjate liigutustega 1-3 minutit. Parima tulemuse saamiseks j\u00e4tke peale 5-8 minutiks. Loputage hoolikalt sooja veega. Tundliku naha puhul kasutage maskina ilma koorimiseta, j\u00e4ttes peale 3-5 minutiks. Parimate tulemuste saavutamiseks kasutage koorimist 1-2 korda n\u00e4dalas, millele j\u00e4rgneb seerum ja kreem.<\/p>\n<p><strong>C-Illuminating Moisturizer<\/strong> Kandke \u00fchtlaselt puhtale n\u00e4ole, et saavutada kohene s\u00e4ra, v\u00f5i kasutage ideaalset jumestuse alust.<\/p>\n","protected":false},"excerpt":{"rendered":"<p>Resurfacing Glow Toner + Triple Action Resurfacing Peel + C-Illuminating Moisturizer<\/p>\n","protected":false},"featured_media":30945,"template":"","meta":{"_seopress_robots_primary_cat":"none","_seopress_titles_title":"","_seopress_titles_desc":"","_seopress_robots_index":""},"item":[2032],"product_cat":[153,1813,195,151,1910,1913,1928,1849,1857,1473],"product_tag":[1897],"class_list":{"0":"post-30949","1":"product","2":"type-product","3":"status-publish","4":"has-post-thumbnail","6":"item-instytutum-et","7":"product_cat-keemilised-piilingud-et","8":"product_cat-otstarve","9":"product_cat-naopuhastus-et","10":"product_cat-kreem-et","11":"product_cat-nahahooldus","12":"product_cat-naopuhastus-et-prof","13":"product_cat-kreem-et-prof","14":"product_cat-nahahooldus-nahatuubi-jargi","15":"product_cat-pigmendilaigud","16":"product_cat-kingiideed","17":"product_tag-pigmendilaigud","19":"first","20":"instock","21":"taxable","22":"shipping-taxable","23":"purchasable","24":"product-type-simple"},"_links":{"self":[{"href":"https:\/\/cutismedical.shop\/et\/wp-json\/wp\/v2\/product\/30949","targetHints":{"allow":["GET"]}}],"collection":[{"href":"https:\/\/cutismedical.shop\/et\/wp-json\/wp\/v2\/product"}],"about":[{"href":"https:\/\/cutismedical.shop\/et\/wp-json\/wp\/v2\/types\/product"}],"wp:featuredmedia":[{"embeddable":true,"href":"https:\/\/cutismedical.shop\/et\/wp-json\/wp\/v2\/media\/30945"}],"wp:attachment":[{"href":"https:\/\/cutismedical.shop\/et\/wp-json\/wp\/v2\/media?parent=30949"}],"wp:term":[{"taxonomy":"item","embeddable":true,"href":"https:\/\/cutismedical.shop\/et\/wp-json\/wp\/v2\/item?post=30949"},{"taxonomy":"product_cat","embeddable":true,"href":"https:\/\/cutismedical.shop\/et\/wp-json\/wp\/v2\/product_cat?post=30949"},{"taxonomy":"product_tag","embeddable":true,"href":"https:\/\/cutismedical.shop\/et\/wp-json\/wp\/v2\/product_tag?post=30949"}],"curies":[{"name":"wp","href":"https:\/\/api.w.org\/{rel}","templated":true}]}}