{"id":30728,"date":"2021-12-13T13:11:10","date_gmt":"2021-12-13T11:11:10","guid":{"rendered":"https:\/\/cutismedical.com\/shop\/maaratlemata\/mc-argan-oil-10-2ml-anti-aging\/"},"modified":"2025-07-11T12:43:35","modified_gmt":"2025-07-11T10:43:35","slug":"mc-argan-oil-10-2ml-anti-aging","status":"publish","type":"product","link":"https:\/\/cutismedical.shop\/et\/shop-es\/mesoteraapia-et\/nagu-et\/mc-argan-oil-10-2ml-anti-aging\/","title":{"rendered":"MC Argaania\u00f5li (10*2 ml) \/ Vananemisvastane hooldus"},"content":{"rendered":"<p><strong>SOOVITATUD KASUTAMISEKS<\/strong><br \/>\nElustav hooldus<br \/>\nS\u00e4rav nahk<br \/>\nVananenud nahk<\/p>\n<p><strong>AKTIIVSED KOOSTISOSAD<\/strong><br \/>\nArgaania\u00f5li<\/p>\n<p><strong>KASUTAMISJUHEND<\/strong><br \/>\nElektroporatsioon, iontoforees, ultraheli, termoteraapia, vaakumteraapia, pidev galvaaniline vool, dermaroller jne.<\/p>\n","protected":false},"excerpt":{"rendered":"<p>Ampullid sisaldavad argaania\u00f5li, mis toidab, niisutab ja noorendab nahka, andes sellele suurema s\u00e4ra. Omab tugevat vananemisvastast toimet ja aitab loomulikul viisil v\u00e4ltida kortsude tekkimist. Samuti tagab niisutuse ja elastsuse ning stimuleerib rakkude hapnikuga varustatust.<\/p>\n","protected":false},"featured_media":30726,"template":"","meta":{"_seopress_robots_primary_cat":"none","_seopress_titles_title":"","_seopress_titles_desc":"","_seopress_robots_index":""},"item":[1149],"product_cat":[155,1188,1866],"product_tag":[],"class_list":{"0":"post-30728","1":"product","2":"type-product","3":"status-publish","4":"has-post-thumbnail","6":"item-mccosmetics-et","7":"product_cat-mesoteraapia-et","8":"product_cat-nagu-et","9":"product_cat-liftingu-efekt-pinguldav-toime","11":"first","12":"instock","13":"taxable","14":"shipping-taxable","15":"purchasable","16":"product-type-simple"},"_links":{"self":[{"href":"https:\/\/cutismedical.shop\/et\/wp-json\/wp\/v2\/product\/30728","targetHints":{"allow":["GET"]}}],"collection":[{"href":"https:\/\/cutismedical.shop\/et\/wp-json\/wp\/v2\/product"}],"about":[{"href":"https:\/\/cutismedical.shop\/et\/wp-json\/wp\/v2\/types\/product"}],"wp:featuredmedia":[{"embeddable":true,"href":"https:\/\/cutismedical.shop\/et\/wp-json\/wp\/v2\/media\/30726"}],"wp:attachment":[{"href":"https:\/\/cutismedical.shop\/et\/wp-json\/wp\/v2\/media?parent=30728"}],"wp:term":[{"taxonomy":"item","embeddable":true,"href":"https:\/\/cutismedical.shop\/et\/wp-json\/wp\/v2\/item?post=30728"},{"taxonomy":"product_cat","embeddable":true,"href":"https:\/\/cutismedical.shop\/et\/wp-json\/wp\/v2\/product_cat?post=30728"},{"taxonomy":"product_tag","embeddable":true,"href":"https:\/\/cutismedical.shop\/et\/wp-json\/wp\/v2\/product_tag?post=30728"}],"curies":[{"name":"wp","href":"https:\/\/api.w.org\/{rel}","templated":true}]}}